{"id":10181,"date":"2024-09-04T14:25:34","date_gmt":"2024-09-04T14:25:34","guid":{"rendered":"https:\/\/dsmarinealgerie.com\/?post_type=product&#038;p=10181"},"modified":"2025-11-12T08:18:29","modified_gmt":"2025-11-12T08:18:29","slug":"leurre-maki-jig-jet-60g-major-craft","status":"publish","type":"product","link":"https:\/\/dsmarinealgerie.com\/ar\/shop\/peche\/materiel-de-peche\/leurre-maki-jig-jet-60g-major-craft\/","title":{"rendered":"\u0645\u0627\u0643\u064a \u062c\u064a\u062c \u062c\u064a\u062a \u0637\u0639\u0645 60 \u062c\u0631\u0627\u0645 \u0645\u0646 \u0627\u0644\u062d\u0631\u0641 \u0627\u0644\u0631\u0626\u064a\u0633\u064a\u0629"},"content":{"rendered":"<p>\u0625\u0646 Jigpara MAKI Jet \u0639\u0628\u0627\u0631\u0629 \u0639\u0646 \u0623\u062f\u0627\u0629 \u0635\u0628 \u0645\u0645\u062f\u0648\u062f\u0629\u060c \u0645\u0639 \u0645\u0631\u0643\u0632 \u062b\u0642\u0644 \u064a\u0642\u0639 \u0641\u064a \u0627\u0644\u062e\u0644\u0641. \u0648\u0628\u0627\u0644\u062a\u0627\u0644\u064a \u0641\u0625\u0646\u0647 \u064a\u062d\u0642\u0642 \u0645\u0633\u0627\u0641\u0627\u062a \u0631\u0645\u064a \u0644\u0627 \u062a\u0635\u062f\u0642. \u062a\u062d\u062a\u0648\u064a \u0645\u0648\u062f\u064a\u0644\u0627\u062a MAKI \u0639\u0644\u0649 \u0634\u0641\u0631\u0629 \u0625\u0636\u0627\u0641\u064a\u0629 \u0641\u064a \u0627\u0644\u062e\u0644\u0641. \u062a\u0636\u064a\u0641 \u0647\u0630\u0647 \u0627\u0644\u0634\u0641\u0631\u0629 \u0648\u0645\u0636\u0627\u062a \u0648\u0636\u0648\u0636\u0627\u0621 \u0639\u0646\u062f\u0645\u0627 \u062a\u062d\u062a\u0627\u062c \u0627\u0644\u0623\u0633\u0645\u0627\u0643 \u0627\u0644\u0645\u0633\u062a\u0647\u062f\u0641\u0629 \u0625\u0644\u0649 \u0627\u0644\u0642\u0644\u064a\u0644 \u0645\u0646 \u0627\u0644\u062c\u0627\u0630\u0628\u064a\u0629 \u0627\u0644\u0625\u0636\u0627\u0641\u064a\u0629 \u0644\u0625\u063a\u0631\u0627\u0626\u0647\u0627. \u064a\u0623\u062a\u064a \u0647\u0630\u0627 \u0627\u0644\u0637\u0639\u0645 \u0645\u0639 \u0645\u0633\u0627\u0639\u062f\u0629 \u0623\u0645\u0627\u0645\u064a\u0629 \u0648\u062b\u0644\u0627\u062b\u064a\u0629 \u062e\u0644\u0641\u064a\u0629.<\/p>\n<p>\u0648\u0632\u0646 \u0627\u0644\u0637\u0639\u0645: 60 \u062c\u0631\u0627\u0645<br \/>\n\u0637\u0648\u0644 \u062c\u0633\u0645 \u0627\u0644\u0631\u0642\u0635\u0629: 100 \u0645\u0644\u0645<\/p>\n<p class=\"cmplz-placeholder-1 cmplz-blocked-content-container\" data-placeholder_class_index=\"1\" data-placeholder-image=\"https:\/\/www.maguro-pro-shop.com\/wp-content\/uploads\/complianz\/placeholders\/youtubeBp22Lpw-9Yc-maxresdefault-optimized.webp\">","protected":false},"excerpt":{"rendered":"<p>Le Jigpara MAKI Jet est un jig de lancer de forme allong\u00e9e, avec un centre de gravit\u00e9 situ\u00e9 \u00e0 l\u2019arri\u00e8re. Il atteint ainsi des distances de lancer incroyables.\u00a0 Les mod\u00e8les MAKI disposent d\u2019une lame suppl\u00e9mentaire \u00e0 l\u2019arri\u00e8re. Cette lame ajoute des flashs et du bruit lorsque le poisson cibl\u00e9 a besoin d\u2019un peu d\u2019attraction suppl\u00e9mentaire [&hellip;]<\/p>","protected":false},"featured_media":10192,"comment_status":"open","ping_status":"closed","template":"","meta":{"_uf_show_specific_survey":0,"_uf_disable_surveys":false},"product_brand":[],"product_cat":[164,227],"product_tag":[],"class_list":{"0":"post-10181","1":"product","2":"type-product","3":"status-publish","4":"has-post-thumbnail","6":"product_cat-peche","7":"product_cat-materiel-de-peche","9":"first","10":"instock","11":"shipping-taxable","12":"purchasable","13":"product-type-variable"},"aioseo_notices":[],"_links":{"self":[{"href":"https:\/\/dsmarinealgerie.com\/ar\/wp-json\/wp\/v2\/product\/10181","targetHints":{"allow":["GET"]}}],"collection":[{"href":"https:\/\/dsmarinealgerie.com\/ar\/wp-json\/wp\/v2\/product"}],"about":[{"href":"https:\/\/dsmarinealgerie.com\/ar\/wp-json\/wp\/v2\/types\/product"}],"replies":[{"embeddable":true,"href":"https:\/\/dsmarinealgerie.com\/ar\/wp-json\/wp\/v2\/comments?post=10181"}],"wp:featuredmedia":[{"embeddable":true,"href":"https:\/\/dsmarinealgerie.com\/ar\/wp-json\/wp\/v2\/media\/10192"}],"wp:attachment":[{"href":"https:\/\/dsmarinealgerie.com\/ar\/wp-json\/wp\/v2\/media?parent=10181"}],"wp:term":[{"taxonomy":"product_brand","embeddable":true,"href":"https:\/\/dsmarinealgerie.com\/ar\/wp-json\/wp\/v2\/product_brand?post=10181"},{"taxonomy":"product_cat","embeddable":true,"href":"https:\/\/dsmarinealgerie.com\/ar\/wp-json\/wp\/v2\/product_cat?post=10181"},{"taxonomy":"product_tag","embeddable":true,"href":"https:\/\/dsmarinealgerie.com\/ar\/wp-json\/wp\/v2\/product_tag?post=10181"}],"curies":[{"name":"wp","href":"https:\/\/api.w.org\/{rel}","templated":true}]}}