{"id":10238,"date":"2024-09-17T12:45:38","date_gmt":"2024-09-17T12:45:38","guid":{"rendered":"https:\/\/dsmarinealgerie.com\/?post_type=product&#038;p=10238"},"modified":"2025-11-13T09:48:38","modified_gmt":"2025-11-13T09:48:38","slug":"moulinet-super-aero-spin-joy-sd-35-shimano","status":"publish","type":"product","link":"https:\/\/dsmarinealgerie.com\/ar\/shop\/peche\/moulinets\/moulinet-super-aero-spin-joy-sd-35-shimano\/","title":{"rendered":"Moulinet Surf Aero Spin Joy SD 35 Shimano"},"content":{"rendered":"<p>Le moulinet Shimano Surf Aero Spin Joy SD 35 est \u00e9quip\u00e9 d&rsquo;engrenages X-SHIP qui emp\u00eachent la fatigue des engrenages et permettent de meilleures performances et une r\u00e9cup\u00e9ration de capture plus facile.<\/p>\n<p>Le corps est align\u00e9 en parall\u00e8le avec ce qui garantit que la bobine est parfaitement en ligne avec les anneaux de la tige, minimisant le frottement entre eux avec la ligne.<\/p>\n<p>La caract\u00e9ristique principale de cette bobine est qu&rsquo;elle est livr\u00e9e avec une oscillation super lente 5. Ainsi, un enroulement parfait de la ligne est obtenu, atteignant des lancers plus longs et plus pr\u00e9cis, que la ligne soit tress\u00e9e ou monofilament.<\/p>\n<p>Il est livr\u00e9 avec deux bobines:<\/p>\n<p>Capacit\u00e9 de monofilament de bobine : 300 mt \/ 0,235 mm;\u00a0 200 mt \/ 0,285 mm<\/p>\n<p>Bobine tress\u00e9e : 250 mt \/ 0,205 mm;\u00a0 200 mt \/ 0,235 mm<\/p>\n<p>Capacit\u00e9 de monofilament de bobine : 250 mt \/ 0,33 mm ; 200 mt \/ 0,37 mm<\/p>\n<p>Bobine tress\u00e9e n \u00b0 5: 225 mt \/ 0,285 mm;\u00a0 175 mt \/ 0,37 mm<\/p>\n<p>\u0633\u0645\u0627\u062a:<\/p>\n<p>Poids: 630grs.<\/p>\n<p>Ratio: 3,5: 1.<\/p>\n<p>Roulements: 4 roulements en acier inoxydable + 1 roulement \u00e0 rouleaux.<\/p>\n<p>R\u00e9cup\u00e9ration par tour de manivelle: 84 cm.<\/p>","protected":false},"excerpt":{"rendered":"<p>\u0628\u0643\u0631\u0629 \u0631\u0643\u0648\u0628 \u0627\u0644\u0623\u0645\u0648\u0627\u062c<\/p>","protected":false},"featured_media":10242,"comment_status":"open","ping_status":"closed","template":"","meta":{"_uf_show_specific_survey":0,"_uf_disable_surveys":false},"product_brand":[],"product_cat":[164,228],"product_tag":[],"class_list":{"0":"post-10238","1":"product","2":"type-product","3":"status-publish","4":"has-post-thumbnail","6":"product_cat-peche","7":"product_cat-moulinets","9":"first","10":"outofstock","11":"shipping-taxable","12":"purchasable","13":"product-type-simple"},"aioseo_notices":[],"_links":{"self":[{"href":"https:\/\/dsmarinealgerie.com\/ar\/wp-json\/wp\/v2\/product\/10238","targetHints":{"allow":["GET"]}}],"collection":[{"href":"https:\/\/dsmarinealgerie.com\/ar\/wp-json\/wp\/v2\/product"}],"about":[{"href":"https:\/\/dsmarinealgerie.com\/ar\/wp-json\/wp\/v2\/types\/product"}],"replies":[{"embeddable":true,"href":"https:\/\/dsmarinealgerie.com\/ar\/wp-json\/wp\/v2\/comments?post=10238"}],"wp:featuredmedia":[{"embeddable":true,"href":"https:\/\/dsmarinealgerie.com\/ar\/wp-json\/wp\/v2\/media\/10242"}],"wp:attachment":[{"href":"https:\/\/dsmarinealgerie.com\/ar\/wp-json\/wp\/v2\/media?parent=10238"}],"wp:term":[{"taxonomy":"product_brand","embeddable":true,"href":"https:\/\/dsmarinealgerie.com\/ar\/wp-json\/wp\/v2\/product_brand?post=10238"},{"taxonomy":"product_cat","embeddable":true,"href":"https:\/\/dsmarinealgerie.com\/ar\/wp-json\/wp\/v2\/product_cat?post=10238"},{"taxonomy":"product_tag","embeddable":true,"href":"https:\/\/dsmarinealgerie.com\/ar\/wp-json\/wp\/v2\/product_tag?post=10238"}],"curies":[{"name":"wp","href":"https:\/\/api.w.org\/{rel}","templated":true}]}}