{"id":10249,"date":"2024-09-19T13:08:55","date_gmt":"2024-09-19T13:08:55","guid":{"rendered":"https:\/\/dsmarinealgerie.com\/?post_type=product&#038;p=10249"},"modified":"2025-11-13T09:00:46","modified_gmt":"2025-11-13T09:00:46","slug":"moulinet-prorex-x-lt-4000-c-daiwa","status":"publish","type":"product","link":"https:\/\/dsmarinealgerie.com\/ar\/shop\/peche\/moulinets\/moulinet-prorex-x-lt-4000-c-daiwa\/","title":{"rendered":"\u0628\u0643\u0631\u0629 \u0628\u0631\u0648\u0631\u064a\u0643\u0633 XLT 4000-C \u062f\u0627\u064a\u0648\u0627"},"content":{"rendered":"<p>Le Prorex X LT compl\u00e8te l\u2019offre de cette gamme p\u00eache des carnassiers pour r\u00e9pondre \u00e0 tous les besoins. Equip\u00e9 d\u2019un frein ATD pr\u00e9cis et progressif, les risques de casse au combat sont minimes. Il b\u00e9n\u00e9ficie d\u2019un m\u00e9canisme interne High-Tech avec une roue de commande Digigear. Associ\u00e9e \u00e0 un \u00ab Air Rotor \u00bb en forme d\u2019arche, elle offre une rotation bluffante, fluide, stable.<\/p>\n<ul class=\"product-specifications\">\n<li>\u062a\u0642\u0646\u064a\u0629 ATD \u0644\u0644\u0641\u0631\u0627\u0645\u0644<\/li>\n<li>\u0627\u0644\u0645\u062d\u0627\u0645\u0644: 5 + 1<\/li>\n<li>\u0625\u0637\u0627\u0631 \u0645\u0646 \u0627\u0644\u0628\u0648\u0644\u064a \u0643\u0631\u0628\u0648\u0646\u0627\u062a \u0648\u062f\u0648\u0627\u0631 \u0647\u0648\u0627\u0626\u064a<\/li>\n<li>\u0645\u0644\u0641 \u0628\u0643\u0631\u0629 \u0627\u0644\u0647\u0648\u0627\u0621 \u0645\u0646 \u0627\u0644\u0623\u0644\u0648\u0645\u0646\u064a\u0648\u0645<\/li>\n<li>\u0644\u0641 \u0628\u0648\u0627\u0633\u0637\u0629 \u0627\u0644\u0645\u0646\u0639\u0637\u0641\u0627\u062a \u0627\u0644\u0645\u062a\u0642\u0627\u0637\u0639\u0629<\/li>\n<li>\u0643\u0631\u0646\u0643 \u0623\u0644\u0648\u0645\u0646\u064a\u0648\u0645 \u062e\u0641\u064a\u0641 \u0627\u0644\u0648\u0632\u0646<\/li>\n<\/ul>","protected":false},"excerpt":{"rendered":"<p>Le Prorex X LT compl\u00e8te l\u2019offre de cette gamme p\u00eache des carnassiers pour r\u00e9pondre \u00e0 tous les besoins. Equip\u00e9 d\u2019un frein ATD pr\u00e9cis et progressif, les risques de casse au combat sont minimes. Il b\u00e9n\u00e9ficie d\u2019un m\u00e9canisme interne High-Tech avec une roue de commande Digigear. Associ\u00e9e \u00e0 un \u00ab Air Rotor \u00bb en forme d\u2019arche, [&hellip;]<\/p>","protected":false},"featured_media":10250,"comment_status":"open","ping_status":"closed","template":"","meta":{"_uf_show_specific_survey":0,"_uf_disable_surveys":false},"product_brand":[],"product_cat":[164,228],"product_tag":[],"class_list":{"0":"post-10249","1":"product","2":"type-product","3":"status-publish","4":"has-post-thumbnail","6":"product_cat-peche","7":"product_cat-moulinets","9":"first","10":"instock","11":"shipping-taxable","12":"purchasable","13":"product-type-simple"},"aioseo_notices":[],"_links":{"self":[{"href":"https:\/\/dsmarinealgerie.com\/ar\/wp-json\/wp\/v2\/product\/10249","targetHints":{"allow":["GET"]}}],"collection":[{"href":"https:\/\/dsmarinealgerie.com\/ar\/wp-json\/wp\/v2\/product"}],"about":[{"href":"https:\/\/dsmarinealgerie.com\/ar\/wp-json\/wp\/v2\/types\/product"}],"replies":[{"embeddable":true,"href":"https:\/\/dsmarinealgerie.com\/ar\/wp-json\/wp\/v2\/comments?post=10249"}],"wp:featuredmedia":[{"embeddable":true,"href":"https:\/\/dsmarinealgerie.com\/ar\/wp-json\/wp\/v2\/media\/10250"}],"wp:attachment":[{"href":"https:\/\/dsmarinealgerie.com\/ar\/wp-json\/wp\/v2\/media?parent=10249"}],"wp:term":[{"taxonomy":"product_brand","embeddable":true,"href":"https:\/\/dsmarinealgerie.com\/ar\/wp-json\/wp\/v2\/product_brand?post=10249"},{"taxonomy":"product_cat","embeddable":true,"href":"https:\/\/dsmarinealgerie.com\/ar\/wp-json\/wp\/v2\/product_cat?post=10249"},{"taxonomy":"product_tag","embeddable":true,"href":"https:\/\/dsmarinealgerie.com\/ar\/wp-json\/wp\/v2\/product_tag?post=10249"}],"curies":[{"name":"wp","href":"https:\/\/api.w.org\/{rel}","templated":true}]}}