{"id":10253,"date":"2024-09-19T13:29:20","date_gmt":"2024-09-19T13:29:20","guid":{"rendered":"https:\/\/dsmarinealgerie.com\/?post_type=product&#038;p=10253"},"modified":"2025-11-13T09:00:11","modified_gmt":"2025-11-13T09:00:11","slug":"moulinet-prorex-v-lt-4000-cxh-daiwa","status":"publish","type":"product","link":"https:\/\/dsmarinealgerie.com\/ar\/shop\/peche\/moulinets\/moulinet-prorex-v-lt-4000-cxh-daiwa\/","title":{"rendered":"\u0628\u0643\u0631\u0629 \u0628\u0631\u0648\u0631\u064a\u0643\u0633 V LT 4000-CXH \u062f\u0627\u064a\u0648\u0627"},"content":{"rendered":"<p>\u064a\u0633\u062a\u0641\u064a\u062f Prorex V LT \u0645\u0646 \u062c\u0645\u064a\u0639 \u0645\u0632\u0627\u064a\u0627 \u0645\u0641\u0647\u0648\u0645 LT: \u0641\u0647\u0648 \u062e\u0641\u064a\u0641 \u0648\u0642\u0648\u064a. \u064a\u062a\u0645 \u062a\u062b\u0628\u064a\u062a \u0630\u0631\u0627\u0639 \u0627\u0644\u062a\u062f\u0648\u064a\u0631 \u0645\u0628\u0627\u0634\u0631\u0629 \u0639\u0644\u0649 \u0627\u0644\u0625\u0637\u0627\u0631 \u0644\u062a\u0646\u0634\u064a\u0637 \u0639\u062c\u0644\u0629 \u0627\u0644\u062a\u062d\u0643\u0645 Tough Digigear\u060c \u0648\u0627\u0644\u062a\u064a \u062a\u0645\u0646\u062d \u0647\u0630\u0647 \u0627\u0644\u0628\u0643\u0631\u0629 \u062e\u0641\u064a\u0641\u0629 \u0627\u0644\u0648\u0632\u0646 \u0642\u0648\u0629 \u0645\u0630\u0647\u0644\u0629. \u064a\u0639\u062f \u0647\u0630\u0627 \u0627\u0644\u0646\u0637\u0627\u0642 \u0645\u062b\u0627\u0644\u064a\u064b\u0627 \u0644\u062a\u062a\u0628\u0639 \u0627\u0644\u062d\u064a\u0648\u0627\u0646\u0627\u062a \u0627\u0644\u0645\u0641\u062a\u0631\u0633\u0629 \u0645\u062a\u0648\u0633\u0637\u0629 \u0627\u0644\u062d\u062c\u0645 \u0645\u0639 \u0627\u0644\u0642\u062f\u0631\u0629 \u0639\u0644\u0649 \u0645\u0648\u0627\u062c\u0647\u0629 &quot;\u0627\u0644\u0648\u062d\u0634&quot;\u060c \u0645\u062b\u0644 \u0634\u0639\u0627\u0631 \u0627\u0644\u0639\u0644\u0627\u0645\u0629 \u0627\u0644\u062a\u062c\u0627\u0631\u064a\u0629 Prorex &quot;Seek Your Monster&quot;.<\/p>\n<ul>\n<li>\u062a\u0642\u0646\u064a\u0629 ATD \u0644\u0644\u0641\u0631\u0627\u0645\u0644<\/li>\n<li>\u0627\u0644\u0645\u062d\u0627\u0645\u0644: 5 + 1 \u0645\u0646\u0647\u0627 1 CRBB<\/li>\n<li>\u0625\u0637\u0627\u0631 Za\u00efon V \u0648\u0627\u0644\u062f\u0648\u0627\u0631<\/li>\n<li>\u0628\u0643\u0631\u0629 \u0623\u0644\u0648\u0645\u0646\u064a\u0648\u0645\u060c \u0645\u0644\u0641 \u062a\u0639\u0631\u064a\u0641 \u0637\u0648\u064a\u0644<\/li>\n<li>\u0644\u0641 \u0628\u0648\u0627\u0633\u0637\u0629 \u0627\u0644\u0645\u0646\u0639\u0637\u0641\u0627\u062a \u0627\u0644\u0645\u062a\u0642\u0627\u0637\u0639\u0629<\/li>\n<li>\u0643\u0631\u0646\u0643 \u0623\u0644\u0648\u0645\u0646\u064a\u0648\u0645 \u063a\u064a\u0631 \u0642\u0627\u0628\u0644 \u0644\u0644\u0641\u0643<\/li>\n<\/ul>","protected":false},"excerpt":{"rendered":"<p>Le Prorex V LT b\u00e9n\u00e9ficie de tous les avantages du concept LT : il est l\u00e9ger et puissant. Sa manivelle se visse directement sur le b\u00e2ti pour activer une roue de commande Tough Digigear, qui offre \u00e0 ce moulinet\u00a0l\u00e9ger une puissance incroyable. Cette gamme est parfaite pour la traque des carnassiers de taille mod\u00e9r\u00e9e tout [&hellip;]<\/p>","protected":false},"featured_media":10254,"comment_status":"open","ping_status":"closed","template":"","meta":{"_uf_show_specific_survey":0,"_uf_disable_surveys":false},"product_brand":[],"product_cat":[164,228],"product_tag":[],"class_list":{"0":"post-10253","1":"product","2":"type-product","3":"status-publish","4":"has-post-thumbnail","6":"product_cat-peche","7":"product_cat-moulinets","9":"first","10":"instock","11":"shipping-taxable","12":"purchasable","13":"product-type-simple"},"aioseo_notices":[],"_links":{"self":[{"href":"https:\/\/dsmarinealgerie.com\/ar\/wp-json\/wp\/v2\/product\/10253","targetHints":{"allow":["GET"]}}],"collection":[{"href":"https:\/\/dsmarinealgerie.com\/ar\/wp-json\/wp\/v2\/product"}],"about":[{"href":"https:\/\/dsmarinealgerie.com\/ar\/wp-json\/wp\/v2\/types\/product"}],"replies":[{"embeddable":true,"href":"https:\/\/dsmarinealgerie.com\/ar\/wp-json\/wp\/v2\/comments?post=10253"}],"wp:featuredmedia":[{"embeddable":true,"href":"https:\/\/dsmarinealgerie.com\/ar\/wp-json\/wp\/v2\/media\/10254"}],"wp:attachment":[{"href":"https:\/\/dsmarinealgerie.com\/ar\/wp-json\/wp\/v2\/media?parent=10253"}],"wp:term":[{"taxonomy":"product_brand","embeddable":true,"href":"https:\/\/dsmarinealgerie.com\/ar\/wp-json\/wp\/v2\/product_brand?post=10253"},{"taxonomy":"product_cat","embeddable":true,"href":"https:\/\/dsmarinealgerie.com\/ar\/wp-json\/wp\/v2\/product_cat?post=10253"},{"taxonomy":"product_tag","embeddable":true,"href":"https:\/\/dsmarinealgerie.com\/ar\/wp-json\/wp\/v2\/product_tag?post=10253"}],"curies":[{"name":"wp","href":"https:\/\/api.w.org\/{rel}","templated":true}]}}