{"id":10256,"date":"2024-09-19T14:03:02","date_gmt":"2024-09-19T14:03:02","guid":{"rendered":"https:\/\/dsmarinealgerie.com\/?post_type=product&#038;p=10256"},"modified":"2025-11-13T08:59:44","modified_gmt":"2025-11-13T08:59:44","slug":"moulinet-emeraldas-x-lt-3000s-h-daiwa","status":"publish","type":"product","link":"https:\/\/dsmarinealgerie.com\/ar\/shop\/peche\/moulinets\/moulinet-emeraldas-x-lt-3000s-h-daiwa\/","title":{"rendered":"\u0628\u0643\u0631\u0629 \u062f\u0627\u064a\u0648\u0627 \u0625\u0645\u064a\u0631\u0627\u0644\u062f\u0627\u0633 X LT 3000S-H"},"content":{"rendered":"<p>Le moulinet Emeraldas X LT est con\u00e7u pour la p\u00eache\u00a0 Eging .<\/p>\n<p>Son frein ATD offre une progressivit\u00e9 indispensable pour mettre au sec les c\u00e9phalopodes. La roue de commande plein format Tough Digigear permet une rotation fluide, durable et pr\u00e9cise.<\/p>\n<h3>\u0633\u0645\u0627\u062a<\/h3>\n<ul>\n<li>\u062a\u0642\u0646\u064a\u0629 ATD \u0644\u0644\u0641\u0631\u0627\u0645\u0644<\/li>\n<li>Roulements : 5 + 1 dont 4 CRBB<\/li>\n<li>B\u00e2ti et Air Rotor en DS5<\/li>\n<li>\u0628\u0643\u0631\u0629 \u0627\u0644\u0623\u0644\u0648\u0645\u0646\u064a\u0648\u0645<\/li>\n<li>\u0644\u0641 \u0628\u0648\u0627\u0633\u0637\u0629 \u0627\u0644\u0645\u0646\u0639\u0637\u0641\u0627\u062a \u0627\u0644\u0645\u062a\u0642\u0627\u0637\u0639\u0629<\/li>\n<li>Manivelle monobloc aluminium d\u00e9vissable<\/li>\n<li>Poign\u00e9e ronde EVA de haute densit\u00e9<\/li>\n<li>Ratio: 5.6<\/li>\n<li>R\u00e9cup\u00e9ration\/TM: 84cm<\/li>\n<li>Frein: 12kg<\/li>\n<li>Capacit\u00e9: 150m\/0.20mm<\/li>\n<li>Poids: 230G<\/li>\n<\/ul>","protected":false},"excerpt":{"rendered":"<h4>Le moulinet Emeraldas X LT est con\u00e7u pour la p\u00eache\u00a0 Eging .<\/h4>","protected":false},"featured_media":10257,"comment_status":"open","ping_status":"closed","template":"","meta":{"_uf_show_specific_survey":0,"_uf_disable_surveys":false},"product_brand":[],"product_cat":[164,228],"product_tag":[],"class_list":{"0":"post-10256","1":"product","2":"type-product","3":"status-publish","4":"has-post-thumbnail","6":"product_cat-peche","7":"product_cat-moulinets","9":"first","10":"outofstock","11":"shipping-taxable","12":"purchasable","13":"product-type-simple"},"aioseo_notices":[],"_links":{"self":[{"href":"https:\/\/dsmarinealgerie.com\/ar\/wp-json\/wp\/v2\/product\/10256","targetHints":{"allow":["GET"]}}],"collection":[{"href":"https:\/\/dsmarinealgerie.com\/ar\/wp-json\/wp\/v2\/product"}],"about":[{"href":"https:\/\/dsmarinealgerie.com\/ar\/wp-json\/wp\/v2\/types\/product"}],"replies":[{"embeddable":true,"href":"https:\/\/dsmarinealgerie.com\/ar\/wp-json\/wp\/v2\/comments?post=10256"}],"wp:featuredmedia":[{"embeddable":true,"href":"https:\/\/dsmarinealgerie.com\/ar\/wp-json\/wp\/v2\/media\/10257"}],"wp:attachment":[{"href":"https:\/\/dsmarinealgerie.com\/ar\/wp-json\/wp\/v2\/media?parent=10256"}],"wp:term":[{"taxonomy":"product_brand","embeddable":true,"href":"https:\/\/dsmarinealgerie.com\/ar\/wp-json\/wp\/v2\/product_brand?post=10256"},{"taxonomy":"product_cat","embeddable":true,"href":"https:\/\/dsmarinealgerie.com\/ar\/wp-json\/wp\/v2\/product_cat?post=10256"},{"taxonomy":"product_tag","embeddable":true,"href":"https:\/\/dsmarinealgerie.com\/ar\/wp-json\/wp\/v2\/product_tag?post=10256"}],"curies":[{"name":"wp","href":"https:\/\/api.w.org\/{rel}","templated":true}]}}