{"id":10263,"date":"2024-09-19T14:58:51","date_gmt":"2024-09-19T14:58:51","guid":{"rendered":"https:\/\/dsmarinealgerie.com\/?post_type=product&#038;p=10263"},"modified":"2025-11-13T08:44:41","modified_gmt":"2025-11-13T08:44:41","slug":"moulinet-lexa-e-lt4000s-cxh-daiwa","status":"publish","type":"product","link":"https:\/\/dsmarinealgerie.com\/ar\/shop\/peche\/moulinets\/moulinet-lexa-e-lt4000s-cxh-daiwa\/","title":{"rendered":"\u0628\u0643\u0631\u0629 \u062f\u0627\u064a\u0648\u0627 \u0644\u064a\u0643\u0633\u0627 E LT4000S-CXH"},"content":{"rendered":"<p>Le Lexa E LT est un moulinet original couplant la technologie LT avec un b\u00e2ti aluminium, \u00e0 l&rsquo;instar du Certate LT.<\/p>\n<p>Ce petit bijou de robustesse avec des technologies de pointes : l&rsquo;huile MagSealed, le frein ATD et la roue de commande Tough Digigear !<\/p>\n<p>Il est taill\u00e9 pour les p\u00eaches muscl\u00e9es, comme on les pratique notamment en mer. Le MagSealed assure l&rsquo;isolation du b\u00e2ti face aux embruns, le frein ATD garantie des combats maitris\u00e9s avec une retenue et une progressivit\u00e9 qui le caract\u00e9risent et la roue de commande Tough Digigear offre une rotation fluide et puissante, m\u00eame en plein combat.<\/p>\n<p>Caract\u00e9ristiques du Lexa E 4000S-CXH:<\/p>\n<ul>\n<li><strong>Taille : 4000<\/strong><\/li>\n<li><strong>Ratio : 6.2\/1<\/strong><\/li>\n<li><strong>R\u00e9cup\u00e9ration par tour de manivelle : 99cm<\/strong><\/li>\n<li><strong>Capacit\u00e9 : 120m de nylon 23\/100<\/strong><\/li>\n<li><b>Poids : 270gr.<\/b><\/li>\n<li><b>Frein : 12kg max &#8211; \u00e9tanche<\/b><\/li>\n<li><strong>Roulement : 5+1 roulements dont 5 CRBB<\/strong><\/li>\n<li><strong>Poign\u00e9e : Simple int\u00e9gr\u00e9e en aluminium usin\u00e9<\/strong><\/li>\n<\/ul>","protected":false},"excerpt":{"rendered":"<p>Le Lexa E LT est un moulinet original couplant la technologie LT avec un b\u00e2ti aluminium, \u00e0 l&rsquo;instar du Certate LT. Ce petit bijou de robustesse avec des technologies de pointes : l&rsquo;huile MagSealed, le frein ATD et la roue de commande Tough Digigear ! Il est taill\u00e9 pour les p\u00eaches muscl\u00e9es, comme on les [&hellip;]<\/p>","protected":false},"featured_media":10264,"comment_status":"open","ping_status":"closed","template":"","meta":{"_uf_show_specific_survey":0,"_uf_disable_surveys":false},"product_brand":[],"product_cat":[164,228],"product_tag":[],"class_list":{"0":"post-10263","1":"product","2":"type-product","3":"status-publish","4":"has-post-thumbnail","6":"product_cat-peche","7":"product_cat-moulinets","9":"first","10":"outofstock","11":"shipping-taxable","12":"purchasable","13":"product-type-simple"},"aioseo_notices":[],"_links":{"self":[{"href":"https:\/\/dsmarinealgerie.com\/ar\/wp-json\/wp\/v2\/product\/10263","targetHints":{"allow":["GET"]}}],"collection":[{"href":"https:\/\/dsmarinealgerie.com\/ar\/wp-json\/wp\/v2\/product"}],"about":[{"href":"https:\/\/dsmarinealgerie.com\/ar\/wp-json\/wp\/v2\/types\/product"}],"replies":[{"embeddable":true,"href":"https:\/\/dsmarinealgerie.com\/ar\/wp-json\/wp\/v2\/comments?post=10263"}],"wp:featuredmedia":[{"embeddable":true,"href":"https:\/\/dsmarinealgerie.com\/ar\/wp-json\/wp\/v2\/media\/10264"}],"wp:attachment":[{"href":"https:\/\/dsmarinealgerie.com\/ar\/wp-json\/wp\/v2\/media?parent=10263"}],"wp:term":[{"taxonomy":"product_brand","embeddable":true,"href":"https:\/\/dsmarinealgerie.com\/ar\/wp-json\/wp\/v2\/product_brand?post=10263"},{"taxonomy":"product_cat","embeddable":true,"href":"https:\/\/dsmarinealgerie.com\/ar\/wp-json\/wp\/v2\/product_cat?post=10263"},{"taxonomy":"product_tag","embeddable":true,"href":"https:\/\/dsmarinealgerie.com\/ar\/wp-json\/wp\/v2\/product_tag?post=10263"}],"curies":[{"name":"wp","href":"https:\/\/api.w.org\/{rel}","templated":true}]}}