{"id":10274,"date":"2024-10-03T11:03:22","date_gmt":"2024-10-03T11:03:22","guid":{"rendered":"https:\/\/dsmarinealgerie.com\/?post_type=product&#038;p=10274"},"modified":"2025-09-18T08:22:51","modified_gmt":"2025-09-18T08:22:51","slug":"seaguar-grand-max-fluorocarbone-linea-60m","status":"publish","type":"product","link":"https:\/\/dsmarinealgerie.com\/ar\/shop\/peche\/materiel-de-peche\/fluorocarbon\/seaguar-grand-max-fluorocarbone-linea-60m\/","title":{"rendered":"Seaguar Grand max Fluorocarbone Linea 60m"},"content":{"rendered":"<p>Seaguar Grand Max est consid\u00e9r\u00e9 par beaucoup comme le summum des lignes de p\u00eache invisibles, fabriqu\u00e9es par l&rsquo;entreprise qui a invent\u00e9 la technologie des fluorocarbones.<\/p>\n<p>La technologie exclusive \u00e0 double structure de Seaguar a \u00e9t\u00e9 test\u00e9e par rapport aux fils de nylon et offre des avantages significatifs dans les domaines suivants\u00a0:<\/p>\n<ul>\n<li>Coulage plus rapide<\/li>\n<li>R\u00e9sistant aux rayons UV, ce qui entra\u00eene une dur\u00e9e de vie plus longue<\/li>\n<li>Il poss\u00e8de un indice de r\u00e9fraction tr\u00e8s proche de celui de l&rsquo;eau, ce qui le rend quasiment invisible \u00e0 l&rsquo;\u0153il nu.<\/li>\n<li>\u00c9tanche pour que ses caract\u00e9ristiques ne soient pas alt\u00e9r\u00e9es<\/li>\n<li>Particuli\u00e8rement r\u00e9sistant aux n\u0153uds<\/li>\n<li>Disponible en bobine de 60 m.<\/li>\n<\/ul>","protected":false},"excerpt":{"rendered":"<p>Seaguar Grand Max est consid\u00e9r\u00e9 par beaucoup comme le summum des lignes de p\u00eache invisibles, fabriqu\u00e9es par l&rsquo;entreprise qui a invent\u00e9 la technologie des fluorocarbones. La technologie exclusive \u00e0 double structure de Seaguar a \u00e9t\u00e9 test\u00e9e par rapport aux fils de nylon et offre des avantages significatifs dans les domaines suivants\u00a0: Coulage plus rapide R\u00e9sistant [&hellip;]<\/p>","protected":false},"featured_media":10292,"comment_status":"open","ping_status":"closed","template":"","meta":{"_uf_show_specific_survey":0,"_uf_disable_surveys":false},"product_brand":[],"product_cat":[164,186,227],"product_tag":[],"class_list":{"0":"post-10274","1":"product","2":"type-product","3":"status-publish","4":"has-post-thumbnail","6":"product_cat-peche","7":"product_cat-fluorocarbon","8":"product_cat-materiel-de-peche","10":"first","11":"instock","12":"shipping-taxable","13":"purchasable","14":"product-type-variable"},"aioseo_notices":[],"_links":{"self":[{"href":"https:\/\/dsmarinealgerie.com\/ar\/wp-json\/wp\/v2\/product\/10274","targetHints":{"allow":["GET"]}}],"collection":[{"href":"https:\/\/dsmarinealgerie.com\/ar\/wp-json\/wp\/v2\/product"}],"about":[{"href":"https:\/\/dsmarinealgerie.com\/ar\/wp-json\/wp\/v2\/types\/product"}],"replies":[{"embeddable":true,"href":"https:\/\/dsmarinealgerie.com\/ar\/wp-json\/wp\/v2\/comments?post=10274"}],"wp:featuredmedia":[{"embeddable":true,"href":"https:\/\/dsmarinealgerie.com\/ar\/wp-json\/wp\/v2\/media\/10292"}],"wp:attachment":[{"href":"https:\/\/dsmarinealgerie.com\/ar\/wp-json\/wp\/v2\/media?parent=10274"}],"wp:term":[{"taxonomy":"product_brand","embeddable":true,"href":"https:\/\/dsmarinealgerie.com\/ar\/wp-json\/wp\/v2\/product_brand?post=10274"},{"taxonomy":"product_cat","embeddable":true,"href":"https:\/\/dsmarinealgerie.com\/ar\/wp-json\/wp\/v2\/product_cat?post=10274"},{"taxonomy":"product_tag","embeddable":true,"href":"https:\/\/dsmarinealgerie.com\/ar\/wp-json\/wp\/v2\/product_tag?post=10274"}],"curies":[{"name":"wp","href":"https:\/\/api.w.org\/{rel}","templated":true}]}}