{"id":10309,"date":"2024-10-03T13:00:35","date_gmt":"2024-10-03T13:00:35","guid":{"rendered":"https:\/\/dsmarinealgerie.com\/?post_type=product&#038;p=10309"},"modified":"2024-10-03T13:00:35","modified_gmt":"2024-10-03T13:00:35","slug":"tete-plombee-bkk-silent-chaser","status":"publish","type":"product","link":"https:\/\/dsmarinealgerie.com\/ar\/shop\/peche\/materiel-de-peche\/accessoires-de-peche\/tete-plombee-bkk-silent-chaser\/","title":{"rendered":"T\u00eate plomb\u00e9e BKK Silent Chaser"},"content":{"rendered":"<p>Le BKK Silent Chaser Prisma Darting LRF Micro Jig Head Series est con\u00e7u pour les petits leurres et gros poissons !<br \/>\nLa Micro Jighead est \u00e9quip\u00e9e d&rsquo;un rev\u00eatement Bright-Tin r\u00e9sistant \u00e0 la corrosion, con\u00e7u pour \u00eatre utilis\u00e9 principalement dans les environnements d&rsquo;eau sal\u00e9e.<br \/>\nLa pointe droite permet des accrochages imm\u00e9diats, tandis que le porte-app\u00e2t est con\u00e7u pour s&rsquo;adapter \u00e0 la plupart des types de leurres souples.<\/p>","protected":false},"excerpt":{"rendered":"<p>Le BKK Silent Chaser Prisma Darting LRF Micro Jig Head Series est con\u00e7u pour les petits leurres et gros poissons ! La Micro Jighead est \u00e9quip\u00e9e d&rsquo;un rev\u00eatement Bright-Tin r\u00e9sistant \u00e0 la corrosion, con\u00e7u pour \u00eatre utilis\u00e9 principalement dans les environnements d&rsquo;eau sal\u00e9e. La pointe droite permet des accrochages imm\u00e9diats, tandis que le porte-app\u00e2t est [&hellip;]<\/p>","protected":false},"featured_media":10310,"comment_status":"open","ping_status":"closed","template":"","meta":{"_uf_show_specific_survey":0,"_uf_disable_surveys":false},"product_brand":[],"product_cat":[183,164,227],"product_tag":[],"class_list":{"0":"post-10309","1":"product","2":"type-product","3":"status-publish","4":"has-post-thumbnail","6":"product_cat-accessoires-de-peche","7":"product_cat-peche","8":"product_cat-materiel-de-peche","10":"first","11":"instock","12":"shipping-taxable","13":"purchasable","14":"product-type-simple"},"aioseo_notices":[],"_links":{"self":[{"href":"https:\/\/dsmarinealgerie.com\/ar\/wp-json\/wp\/v2\/product\/10309","targetHints":{"allow":["GET"]}}],"collection":[{"href":"https:\/\/dsmarinealgerie.com\/ar\/wp-json\/wp\/v2\/product"}],"about":[{"href":"https:\/\/dsmarinealgerie.com\/ar\/wp-json\/wp\/v2\/types\/product"}],"replies":[{"embeddable":true,"href":"https:\/\/dsmarinealgerie.com\/ar\/wp-json\/wp\/v2\/comments?post=10309"}],"wp:featuredmedia":[{"embeddable":true,"href":"https:\/\/dsmarinealgerie.com\/ar\/wp-json\/wp\/v2\/media\/10310"}],"wp:attachment":[{"href":"https:\/\/dsmarinealgerie.com\/ar\/wp-json\/wp\/v2\/media?parent=10309"}],"wp:term":[{"taxonomy":"product_brand","embeddable":true,"href":"https:\/\/dsmarinealgerie.com\/ar\/wp-json\/wp\/v2\/product_brand?post=10309"},{"taxonomy":"product_cat","embeddable":true,"href":"https:\/\/dsmarinealgerie.com\/ar\/wp-json\/wp\/v2\/product_cat?post=10309"},{"taxonomy":"product_tag","embeddable":true,"href":"https:\/\/dsmarinealgerie.com\/ar\/wp-json\/wp\/v2\/product_tag?post=10309"}],"curies":[{"name":"wp","href":"https:\/\/api.w.org\/{rel}","templated":true}]}}