{"id":10324,"date":"2024-10-10T09:32:07","date_gmt":"2024-10-10T09:32:07","guid":{"rendered":"https:\/\/dsmarinealgerie.com\/?post_type=product&#038;p=10324"},"modified":"2026-01-15T14:14:32","modified_gmt":"2026-01-15T14:14:32","slug":"agrafe-duolock-snap-51-bkk","status":"publish","type":"product","link":"https:\/\/dsmarinealgerie.com\/ar\/shop\/peche\/materiel-de-peche\/accessoires-de-peche\/agrafe-duolock-snap-51-bkk\/","title":{"rendered":"Agrafe DUOLOCK SNAP 51 BKK"},"content":{"rendered":"<p>Les mousquetons BKK Duolock Snap-51 sont fabriqu\u00e9s en acier inoxydable de haute qualit\u00e9 pour \u00e9viter la rouille. Le fa\u00e7onnage et la trempe de pr\u00e9cision optimisent la r\u00e9sistance et l&rsquo;\u00e9lasticit\u00e9. Le polissage chimique fin cr\u00e9e une surface lisse qui \u00e9vite d&rsquo;endommager la ligne.<\/p>\n<p>&#8211; Size 0 : 22 kg\/ 48lb<\/p>\n<p>&#8211; Size 1 : 31kg\/ 68lb<\/p>\n<p>&nbsp;<\/p>","protected":false},"excerpt":{"rendered":"<p>Les mousquetons BKK Duolock Snap-51 sont fabriqu\u00e9s en acier inoxydable de haute qualit\u00e9 pour \u00e9viter la rouille. Le fa\u00e7onnage et la trempe de pr\u00e9cision optimisent la r\u00e9sistance et l&rsquo;\u00e9lasticit\u00e9. Le polissage chimique fin cr\u00e9e une surface lisse qui \u00e9vite d&rsquo;endommager la ligne. &#8211; Size 0 : 22 kg\/ 48lb &#8211; Size 1 : 31kg\/ 68lb [&hellip;]<\/p>","protected":false},"featured_media":10336,"comment_status":"open","ping_status":"closed","template":"","meta":{"_uf_show_specific_survey":0,"_uf_disable_surveys":false},"product_brand":[],"product_cat":[183,164,227],"product_tag":[],"class_list":{"0":"post-10324","1":"product","2":"type-product","3":"status-publish","4":"has-post-thumbnail","6":"product_cat-accessoires-de-peche","7":"product_cat-peche","8":"product_cat-materiel-de-peche","10":"first","11":"outofstock","12":"shipping-taxable","13":"purchasable","14":"product-type-variable"},"aioseo_notices":[],"_links":{"self":[{"href":"https:\/\/dsmarinealgerie.com\/ar\/wp-json\/wp\/v2\/product\/10324","targetHints":{"allow":["GET"]}}],"collection":[{"href":"https:\/\/dsmarinealgerie.com\/ar\/wp-json\/wp\/v2\/product"}],"about":[{"href":"https:\/\/dsmarinealgerie.com\/ar\/wp-json\/wp\/v2\/types\/product"}],"replies":[{"embeddable":true,"href":"https:\/\/dsmarinealgerie.com\/ar\/wp-json\/wp\/v2\/comments?post=10324"}],"wp:featuredmedia":[{"embeddable":true,"href":"https:\/\/dsmarinealgerie.com\/ar\/wp-json\/wp\/v2\/media\/10336"}],"wp:attachment":[{"href":"https:\/\/dsmarinealgerie.com\/ar\/wp-json\/wp\/v2\/media?parent=10324"}],"wp:term":[{"taxonomy":"product_brand","embeddable":true,"href":"https:\/\/dsmarinealgerie.com\/ar\/wp-json\/wp\/v2\/product_brand?post=10324"},{"taxonomy":"product_cat","embeddable":true,"href":"https:\/\/dsmarinealgerie.com\/ar\/wp-json\/wp\/v2\/product_cat?post=10324"},{"taxonomy":"product_tag","embeddable":true,"href":"https:\/\/dsmarinealgerie.com\/ar\/wp-json\/wp\/v2\/product_tag?post=10324"}],"curies":[{"name":"wp","href":"https:\/\/api.w.org\/{rel}","templated":true}]}}