{"id":10361,"date":"2024-10-29T14:14:26","date_gmt":"2024-10-29T14:14:26","guid":{"rendered":"https:\/\/dsmarinealgerie.com\/?post_type=product&#038;p=10361"},"modified":"2024-10-29T14:14:27","modified_gmt":"2024-10-29T14:14:27","slug":"monofilament-nx30-project-360-colmic-300m","status":"publish","type":"product","link":"https:\/\/dsmarinealgerie.com\/ar\/shop\/peche\/materiel-de-peche\/fil-de-peche-materiel-de-peche\/monofilament-nx30-project-360-colmic-300m\/","title":{"rendered":"Monofilament NX30 PROJECT 360 COLMIC 300m"},"content":{"rendered":"<p>Appropri\u00e9 \u00e0 tous genres de p\u00eache en mer et en eau douce. Vous pourrez le bobiner sur moulinet, ou utiliser sur canne fixe. Pour ceux qui aiment avoir un produit qui couvre la p\u00eache \u00e0 360\u00b0 \u00e0 un prix comp\u00e9titif.<\/p>\n<p>PRINCIPAUX AVANTAGES : ALL FISHING.<\/p>\n<p>Haute R\u00e9sistance N\u0153uds<br \/>\nHydrofuge<br \/>\nAnti Torsion<br \/>\nProtection U.V Triple Traitement<br \/>\nR\u00e9sistance \u00e0 l\u2019abrasion<br \/>\nExtra Forte R\u00e9sistance<\/p>","protected":false},"excerpt":{"rendered":"<p>Produit Original<\/p>","protected":false},"featured_media":10364,"comment_status":"open","ping_status":"closed","template":"","meta":{"_uf_show_specific_survey":0,"_uf_disable_surveys":false},"product_brand":[],"product_cat":[164,227,230],"product_tag":[],"class_list":{"0":"post-10361","1":"product","2":"type-product","3":"status-publish","4":"has-post-thumbnail","6":"product_cat-peche","7":"product_cat-materiel-de-peche","8":"product_cat-fil-de-peche-materiel-de-peche","10":"first","11":"instock","12":"shipping-taxable","13":"purchasable","14":"product-type-variable"},"aioseo_notices":[],"_links":{"self":[{"href":"https:\/\/dsmarinealgerie.com\/ar\/wp-json\/wp\/v2\/product\/10361","targetHints":{"allow":["GET"]}}],"collection":[{"href":"https:\/\/dsmarinealgerie.com\/ar\/wp-json\/wp\/v2\/product"}],"about":[{"href":"https:\/\/dsmarinealgerie.com\/ar\/wp-json\/wp\/v2\/types\/product"}],"replies":[{"embeddable":true,"href":"https:\/\/dsmarinealgerie.com\/ar\/wp-json\/wp\/v2\/comments?post=10361"}],"wp:featuredmedia":[{"embeddable":true,"href":"https:\/\/dsmarinealgerie.com\/ar\/wp-json\/wp\/v2\/media\/10364"}],"wp:attachment":[{"href":"https:\/\/dsmarinealgerie.com\/ar\/wp-json\/wp\/v2\/media?parent=10361"}],"wp:term":[{"taxonomy":"product_brand","embeddable":true,"href":"https:\/\/dsmarinealgerie.com\/ar\/wp-json\/wp\/v2\/product_brand?post=10361"},{"taxonomy":"product_cat","embeddable":true,"href":"https:\/\/dsmarinealgerie.com\/ar\/wp-json\/wp\/v2\/product_cat?post=10361"},{"taxonomy":"product_tag","embeddable":true,"href":"https:\/\/dsmarinealgerie.com\/ar\/wp-json\/wp\/v2\/product_tag?post=10361"}],"curies":[{"name":"wp","href":"https:\/\/api.w.org\/{rel}","templated":true}]}}