{"id":10367,"date":"2024-11-26T08:41:16","date_gmt":"2024-11-26T08:41:16","guid":{"rendered":"https:\/\/dsmarinealgerie.com\/?post_type=product&#038;p=10367"},"modified":"2024-11-26T08:41:16","modified_gmt":"2024-11-26T08:41:16","slug":"leurre-jigpara-spin-18g-major-craft","status":"publish","type":"product","link":"https:\/\/dsmarinealgerie.com\/ar\/shop\/peche\/leurre-jigpara-spin-18g-major-craft\/","title":{"rendered":"Leurre Jigpara Spin 18g Major Craft"},"content":{"rendered":"<p>Le Major Craft Jigpara Spin 18g est un leurre innovant, con\u00e7u pour attirer une large gamme de carnassiers gr\u00e2ce \u00e0 une combinaison unique d\u2019action vibrante et de flash visuel. Ce leurre est \u00e9quip\u00e9 d\u2019une palette rotative \u00e0 l\u2019arri\u00e8re, qui ajoute des \u00e9clats lumineux et des vibrations suppl\u00e9mentaires lors de la r\u00e9cup\u00e9ration. Cette palette imite le mouvement d\u2019un poisson en fuite, attirant ainsi les pr\u00e9dateurs m\u00eame \u00e0 distance.<\/p>","protected":false},"excerpt":{"rendered":"<p>Le Major Craft Jigpara Spin 18g est un leurre innovant, con\u00e7u pour attirer une large gamme de carnassiers gr\u00e2ce \u00e0 une combinaison unique d\u2019action vibrante et de flash visuel. Ce leurre est \u00e9quip\u00e9 d\u2019une palette rotative \u00e0 l\u2019arri\u00e8re, qui ajoute des \u00e9clats lumineux et des vibrations suppl\u00e9mentaires lors de la r\u00e9cup\u00e9ration. Cette palette imite le [&hellip;]<\/p>","protected":false},"featured_media":10372,"comment_status":"open","ping_status":"closed","template":"","meta":{"_uf_show_specific_survey":0,"_uf_disable_surveys":false},"product_brand":[],"product_cat":[164],"product_tag":[],"class_list":{"0":"post-10367","1":"product","2":"type-product","3":"status-publish","4":"has-post-thumbnail","6":"product_cat-peche","8":"first","9":"instock","10":"shipping-taxable","11":"purchasable","12":"product-type-variable"},"aioseo_notices":[],"_links":{"self":[{"href":"https:\/\/dsmarinealgerie.com\/ar\/wp-json\/wp\/v2\/product\/10367","targetHints":{"allow":["GET"]}}],"collection":[{"href":"https:\/\/dsmarinealgerie.com\/ar\/wp-json\/wp\/v2\/product"}],"about":[{"href":"https:\/\/dsmarinealgerie.com\/ar\/wp-json\/wp\/v2\/types\/product"}],"replies":[{"embeddable":true,"href":"https:\/\/dsmarinealgerie.com\/ar\/wp-json\/wp\/v2\/comments?post=10367"}],"wp:featuredmedia":[{"embeddable":true,"href":"https:\/\/dsmarinealgerie.com\/ar\/wp-json\/wp\/v2\/media\/10372"}],"wp:attachment":[{"href":"https:\/\/dsmarinealgerie.com\/ar\/wp-json\/wp\/v2\/media?parent=10367"}],"wp:term":[{"taxonomy":"product_brand","embeddable":true,"href":"https:\/\/dsmarinealgerie.com\/ar\/wp-json\/wp\/v2\/product_brand?post=10367"},{"taxonomy":"product_cat","embeddable":true,"href":"https:\/\/dsmarinealgerie.com\/ar\/wp-json\/wp\/v2\/product_cat?post=10367"},{"taxonomy":"product_tag","embeddable":true,"href":"https:\/\/dsmarinealgerie.com\/ar\/wp-json\/wp\/v2\/product_tag?post=10367"}],"curies":[{"name":"wp","href":"https:\/\/api.w.org\/{rel}","templated":true}]}}