{"id":10450,"date":"2024-12-17T11:28:31","date_gmt":"2024-12-17T11:28:31","guid":{"rendered":"https:\/\/dsmarinealgerie.com\/?post_type=product&#038;p=10450"},"modified":"2026-01-07T11:16:11","modified_gmt":"2026-01-07T11:16:11","slug":"pied-telescopique-manuel-pour-chaise","status":"publish","type":"product","link":"https:\/\/dsmarinealgerie.com\/ar\/shop\/accastillage\/accessoires\/pied-telescopique-manuel-pour-chaise\/","title":{"rendered":"Pied T\u00e9lescopique manuel pour chaise"},"content":{"rendered":"<p>Pied t\u00e9lescopique r\u00e9glable manuellement avec platine sans glissi\u00e8re . Possibilit\u00e9 de rotation \u00e0 360\u00b0.<\/p>\n<p>Pied en aluminium \u00d8\u202f73\/60\u202fmm, embase polie \u00d8\u202f228\u202fmm, Hauteur :\u202f435-635\u202fmm.<\/p>","protected":false},"excerpt":{"rendered":"<p>Pied t\u00e9lescopique r\u00e9glable manuellement avec platine sans glissi\u00e8re . Possibilit\u00e9 de rotation \u00e0 360\u00b0. Pied en aluminium \u00d8\u202f73\/60\u202fmm, embase polie \u00d8\u202f228\u202fmm, Hauteur :\u202f435-635\u202fmm.<\/p>","protected":false},"featured_media":10451,"comment_status":"open","ping_status":"closed","template":"","meta":{"_uf_show_specific_survey":0,"_uf_disable_surveys":false},"product_brand":[],"product_cat":[163,170],"product_tag":[],"class_list":{"0":"post-10450","1":"product","2":"type-product","3":"status-publish","4":"has-post-thumbnail","6":"product_cat-accastillage","7":"product_cat-accessoires","9":"first","10":"instock","11":"shipping-taxable","12":"purchasable","13":"product-type-simple"},"aioseo_notices":[],"_links":{"self":[{"href":"https:\/\/dsmarinealgerie.com\/ar\/wp-json\/wp\/v2\/product\/10450","targetHints":{"allow":["GET"]}}],"collection":[{"href":"https:\/\/dsmarinealgerie.com\/ar\/wp-json\/wp\/v2\/product"}],"about":[{"href":"https:\/\/dsmarinealgerie.com\/ar\/wp-json\/wp\/v2\/types\/product"}],"replies":[{"embeddable":true,"href":"https:\/\/dsmarinealgerie.com\/ar\/wp-json\/wp\/v2\/comments?post=10450"}],"wp:featuredmedia":[{"embeddable":true,"href":"https:\/\/dsmarinealgerie.com\/ar\/wp-json\/wp\/v2\/media\/10451"}],"wp:attachment":[{"href":"https:\/\/dsmarinealgerie.com\/ar\/wp-json\/wp\/v2\/media?parent=10450"}],"wp:term":[{"taxonomy":"product_brand","embeddable":true,"href":"https:\/\/dsmarinealgerie.com\/ar\/wp-json\/wp\/v2\/product_brand?post=10450"},{"taxonomy":"product_cat","embeddable":true,"href":"https:\/\/dsmarinealgerie.com\/ar\/wp-json\/wp\/v2\/product_cat?post=10450"},{"taxonomy":"product_tag","embeddable":true,"href":"https:\/\/dsmarinealgerie.com\/ar\/wp-json\/wp\/v2\/product_tag?post=10450"}],"curies":[{"name":"wp","href":"https:\/\/api.w.org\/{rel}","templated":true}]}}