{"id":10678,"date":"2025-05-08T10:35:40","date_gmt":"2025-05-08T10:35:40","guid":{"rendered":"https:\/\/dsmarinealgerie.com\/?post_type=product&#038;p=10678"},"modified":"2026-03-25T14:56:43","modified_gmt":"2026-03-25T14:56:43","slug":"palme-beuchat-libeccio-sport","status":"publish","type":"product","link":"https:\/\/dsmarinealgerie.com\/ar\/shop\/chasse-sous-marine\/palmes\/palme-beuchat-libeccio-sport\/","title":{"rendered":"Palme Beuchat Libeccio Sport"},"content":{"rendered":"<p class=\"\" data-start=\"113\" data-end=\"341\">Palme Beuchat Libeccio l\u00e9g\u00e8re, confortable et performante, la Beuchat Libeccio est id\u00e9ale pour la p\u00eache sous-marine et l\u2019apn\u00e9e. Voilure souple et d\u00e9tachable, chausson ergonomique pour un maximum de confort et de puissance.<\/p>\n<p>&#8211; Voilure d\u00e9montable<\/p>\n<p>&#8211; Longueur de la voilure\u00a0: 70cm<\/p>","protected":false},"excerpt":{"rendered":"<p>Palme Beuchat Libeccio l\u00e9g\u00e8re, confortable et performante, la Beuchat Libeccio est id\u00e9ale pour la p\u00eache sous-marine et l\u2019apn\u00e9e. Voilure souple et d\u00e9tachable, chausson ergonomique pour un maximum de confort et de puissance. &#8211; Voilure d\u00e9montable &#8211; Longueur de la voilure\u00a0: 70cm<\/p>","protected":false},"featured_media":10684,"comment_status":"open","ping_status":"closed","template":"","meta":{"_uf_show_specific_survey":0,"_uf_disable_surveys":false},"product_brand":[],"product_cat":[173,165],"product_tag":[],"class_list":{"0":"post-10678","1":"product","2":"type-product","3":"status-publish","4":"has-post-thumbnail","6":"product_cat-palmes","7":"product_cat-chasse-sous-marine","9":"first","10":"instock","11":"shipping-taxable","12":"purchasable","13":"product-type-variable"},"aioseo_notices":[],"_links":{"self":[{"href":"https:\/\/dsmarinealgerie.com\/ar\/wp-json\/wp\/v2\/product\/10678","targetHints":{"allow":["GET"]}}],"collection":[{"href":"https:\/\/dsmarinealgerie.com\/ar\/wp-json\/wp\/v2\/product"}],"about":[{"href":"https:\/\/dsmarinealgerie.com\/ar\/wp-json\/wp\/v2\/types\/product"}],"replies":[{"embeddable":true,"href":"https:\/\/dsmarinealgerie.com\/ar\/wp-json\/wp\/v2\/comments?post=10678"}],"wp:featuredmedia":[{"embeddable":true,"href":"https:\/\/dsmarinealgerie.com\/ar\/wp-json\/wp\/v2\/media\/10684"}],"wp:attachment":[{"href":"https:\/\/dsmarinealgerie.com\/ar\/wp-json\/wp\/v2\/media?parent=10678"}],"wp:term":[{"taxonomy":"product_brand","embeddable":true,"href":"https:\/\/dsmarinealgerie.com\/ar\/wp-json\/wp\/v2\/product_brand?post=10678"},{"taxonomy":"product_cat","embeddable":true,"href":"https:\/\/dsmarinealgerie.com\/ar\/wp-json\/wp\/v2\/product_cat?post=10678"},{"taxonomy":"product_tag","embeddable":true,"href":"https:\/\/dsmarinealgerie.com\/ar\/wp-json\/wp\/v2\/product_tag?post=10678"}],"curies":[{"name":"wp","href":"https:\/\/api.w.org\/{rel}","templated":true}]}}