{"id":10739,"date":"2025-06-05T10:06:30","date_gmt":"2025-06-05T10:06:30","guid":{"rendered":"https:\/\/dsmarinealgerie.com\/?post_type=product&#038;p=10739"},"modified":"2025-08-24T12:02:15","modified_gmt":"2025-08-24T12:02:15","slug":"tete-5-fleche-pour-polespear","status":"publish","type":"product","link":"https:\/\/dsmarinealgerie.com\/ar\/shop\/chasse-sous-marine\/accessoires-chasse-sous-marine\/tete-5-fleche-pour-polespear\/","title":{"rendered":"T\u00eate 5 fl\u00e8che pour PoleSpear"},"content":{"rendered":"<p><strong>T\u00eate 5 fl\u00e8ches pour pole spear<\/strong><br \/>\nId\u00e9ale pour la chasse \u00e0 courte distance, cette t\u00eate paralyser \u00e0 5 pointes assure une bonne tenue du poisson et une grande pr\u00e9cision. Compatible avec la plupart des pole spears.<\/p>","protected":false},"excerpt":{"rendered":"<p>T\u00eate 5 fl\u00e8ches pour pole spear Id\u00e9ale pour la chasse \u00e0 courte distance, cette t\u00eate paralyser \u00e0 5 pointes assure une bonne tenue du poisson et une grande pr\u00e9cision. Compatible avec la plupart des pole spears.<\/p>","protected":false},"featured_media":10742,"comment_status":"open","ping_status":"closed","template":"","meta":{"_uf_show_specific_survey":0,"_uf_disable_surveys":false},"product_brand":[],"product_cat":[165,527],"product_tag":[],"class_list":{"0":"post-10739","1":"product","2":"type-product","3":"status-publish","4":"has-post-thumbnail","6":"product_cat-chasse-sous-marine","7":"product_cat-accessoires-chasse-sous-marine","9":"first","10":"outofstock","11":"shipping-taxable","12":"purchasable","13":"product-type-simple"},"aioseo_notices":[],"_links":{"self":[{"href":"https:\/\/dsmarinealgerie.com\/ar\/wp-json\/wp\/v2\/product\/10739","targetHints":{"allow":["GET"]}}],"collection":[{"href":"https:\/\/dsmarinealgerie.com\/ar\/wp-json\/wp\/v2\/product"}],"about":[{"href":"https:\/\/dsmarinealgerie.com\/ar\/wp-json\/wp\/v2\/types\/product"}],"replies":[{"embeddable":true,"href":"https:\/\/dsmarinealgerie.com\/ar\/wp-json\/wp\/v2\/comments?post=10739"}],"wp:featuredmedia":[{"embeddable":true,"href":"https:\/\/dsmarinealgerie.com\/ar\/wp-json\/wp\/v2\/media\/10742"}],"wp:attachment":[{"href":"https:\/\/dsmarinealgerie.com\/ar\/wp-json\/wp\/v2\/media?parent=10739"}],"wp:term":[{"taxonomy":"product_brand","embeddable":true,"href":"https:\/\/dsmarinealgerie.com\/ar\/wp-json\/wp\/v2\/product_brand?post=10739"},{"taxonomy":"product_cat","embeddable":true,"href":"https:\/\/dsmarinealgerie.com\/ar\/wp-json\/wp\/v2\/product_cat?post=10739"},{"taxonomy":"product_tag","embeddable":true,"href":"https:\/\/dsmarinealgerie.com\/ar\/wp-json\/wp\/v2\/product_tag?post=10739"}],"curies":[{"name":"wp","href":"https:\/\/api.w.org\/{rel}","templated":true}]}}