{"id":10748,"date":"2025-06-05T10:12:38","date_gmt":"2025-06-05T10:12:38","guid":{"rendered":"https:\/\/dsmarinealgerie.com\/?post_type=product&#038;p=10748"},"modified":"2025-10-07T08:03:14","modified_gmt":"2025-10-07T08:03:14","slug":"elastique-pour-pole-spear","status":"publish","type":"product","link":"https:\/\/dsmarinealgerie.com\/ar\/shop\/chasse-sous-marine\/accessoires-chasse-sous-marine\/elastique-pour-pole-spear\/","title":{"rendered":"\u00c9lastique pour pole spear"},"content":{"rendered":"<p><strong>\u00c9lastique pour pole spear<\/strong><br \/>\n\u00c9lastique de rechange haute r\u00e9sistance, con\u00e7u pour offrir puissance et r\u00e9activit\u00e9 \u00e0 chaque tir. Compatible avec la majorit\u00e9 des pole spears, il assure une excellente propulsion pour une chasse efficace et pr\u00e9cise.<\/p>","protected":false},"excerpt":{"rendered":"<p>\u00c9lastique pour pole spear \u00c9lastique de rechange haute r\u00e9sistance, con\u00e7u pour offrir puissance et r\u00e9activit\u00e9 \u00e0 chaque tir. Compatible avec la majorit\u00e9 des pole spears, il assure une excellente propulsion pour une chasse efficace et pr\u00e9cise.<\/p>","protected":false},"featured_media":10749,"comment_status":"open","ping_status":"closed","template":"","meta":{"_uf_show_specific_survey":0,"_uf_disable_surveys":false},"product_brand":[],"product_cat":[165,527],"product_tag":[],"class_list":{"0":"post-10748","1":"product","2":"type-product","3":"status-publish","4":"has-post-thumbnail","6":"product_cat-chasse-sous-marine","7":"product_cat-accessoires-chasse-sous-marine","9":"first","10":"outofstock","11":"shipping-taxable","12":"purchasable","13":"product-type-simple"},"aioseo_notices":[],"_links":{"self":[{"href":"https:\/\/dsmarinealgerie.com\/ar\/wp-json\/wp\/v2\/product\/10748","targetHints":{"allow":["GET"]}}],"collection":[{"href":"https:\/\/dsmarinealgerie.com\/ar\/wp-json\/wp\/v2\/product"}],"about":[{"href":"https:\/\/dsmarinealgerie.com\/ar\/wp-json\/wp\/v2\/types\/product"}],"replies":[{"embeddable":true,"href":"https:\/\/dsmarinealgerie.com\/ar\/wp-json\/wp\/v2\/comments?post=10748"}],"wp:featuredmedia":[{"embeddable":true,"href":"https:\/\/dsmarinealgerie.com\/ar\/wp-json\/wp\/v2\/media\/10749"}],"wp:attachment":[{"href":"https:\/\/dsmarinealgerie.com\/ar\/wp-json\/wp\/v2\/media?parent=10748"}],"wp:term":[{"taxonomy":"product_brand","embeddable":true,"href":"https:\/\/dsmarinealgerie.com\/ar\/wp-json\/wp\/v2\/product_brand?post=10748"},{"taxonomy":"product_cat","embeddable":true,"href":"https:\/\/dsmarinealgerie.com\/ar\/wp-json\/wp\/v2\/product_cat?post=10748"},{"taxonomy":"product_tag","embeddable":true,"href":"https:\/\/dsmarinealgerie.com\/ar\/wp-json\/wp\/v2\/product_tag?post=10748"}],"curies":[{"name":"wp","href":"https:\/\/api.w.org\/{rel}","templated":true}]}}