{"id":10758,"date":"2025-06-05T10:50:22","date_gmt":"2025-06-05T10:50:22","guid":{"rendered":"https:\/\/dsmarinealgerie.com\/?post_type=product&#038;p=10758"},"modified":"2025-06-05T11:40:53","modified_gmt":"2025-06-05T11:40:53","slug":"masque-plus-tuba-pour-enfant-aquasub","status":"publish","type":"product","link":"https:\/\/dsmarinealgerie.com\/ar\/shop\/chasse-sous-marine\/masques\/masque-plus-tuba-pour-enfant-aquasub\/","title":{"rendered":"Masque plus Tuba pour enfant AquaSub"},"content":{"rendered":"<p><strong>Ensemble enfant AquaSub \u2013 Masque + Tuba<\/strong><\/p>\n<p>Con\u00e7u sp\u00e9cialement pour les jeunes aventuriers, cet ensemble comprend un <strong>masque mono-verre AquaSub<\/strong> offrant une <strong>vision large et claire<\/strong>, ainsi qu\u2019un <strong>tuba adapt\u00e9 \u00e0 la taille des enfants<\/strong>.<\/p>\n<p>Id\u00e9al pour l\u2019initiation au snorkeling en toute s\u00e9curit\u00e9 et avec confort.<\/p>","protected":false},"excerpt":{"rendered":"<p>Ensemble enfant AquaSub \u2013 Masque + Tuba Con\u00e7u sp\u00e9cialement pour les jeunes aventuriers, cet ensemble comprend un masque mono-verre AquaSub offrant une vision large et claire, ainsi qu\u2019un tuba adapt\u00e9 \u00e0 la taille des enfants. Id\u00e9al pour l\u2019initiation au snorkeling en toute s\u00e9curit\u00e9 et avec confort.<\/p>","protected":false},"featured_media":10759,"comment_status":"open","ping_status":"closed","template":"","meta":{"_uf_show_specific_survey":0,"_uf_disable_surveys":false},"product_brand":[],"product_cat":[174,175,165],"product_tag":[],"class_list":{"0":"post-10758","1":"product","2":"type-product","3":"status-publish","4":"has-post-thumbnail","6":"product_cat-masques","7":"product_cat-tuba","8":"product_cat-chasse-sous-marine","10":"first","11":"instock","12":"shipping-taxable","13":"purchasable","14":"product-type-simple"},"aioseo_notices":[],"_links":{"self":[{"href":"https:\/\/dsmarinealgerie.com\/ar\/wp-json\/wp\/v2\/product\/10758","targetHints":{"allow":["GET"]}}],"collection":[{"href":"https:\/\/dsmarinealgerie.com\/ar\/wp-json\/wp\/v2\/product"}],"about":[{"href":"https:\/\/dsmarinealgerie.com\/ar\/wp-json\/wp\/v2\/types\/product"}],"replies":[{"embeddable":true,"href":"https:\/\/dsmarinealgerie.com\/ar\/wp-json\/wp\/v2\/comments?post=10758"}],"wp:featuredmedia":[{"embeddable":true,"href":"https:\/\/dsmarinealgerie.com\/ar\/wp-json\/wp\/v2\/media\/10759"}],"wp:attachment":[{"href":"https:\/\/dsmarinealgerie.com\/ar\/wp-json\/wp\/v2\/media?parent=10758"}],"wp:term":[{"taxonomy":"product_brand","embeddable":true,"href":"https:\/\/dsmarinealgerie.com\/ar\/wp-json\/wp\/v2\/product_brand?post=10758"},{"taxonomy":"product_cat","embeddable":true,"href":"https:\/\/dsmarinealgerie.com\/ar\/wp-json\/wp\/v2\/product_cat?post=10758"},{"taxonomy":"product_tag","embeddable":true,"href":"https:\/\/dsmarinealgerie.com\/ar\/wp-json\/wp\/v2\/product_tag?post=10758"}],"curies":[{"name":"wp","href":"https:\/\/api.w.org\/{rel}","templated":true}]}}