{"id":11128,"date":"2025-10-13T09:04:50","date_gmt":"2025-10-13T09:04:50","guid":{"rendered":"https:\/\/dsmarinealgerie.com\/?post_type=product&#038;p=11128"},"modified":"2025-11-12T11:51:11","modified_gmt":"2025-11-12T11:51:11","slug":"chargeur-de-batterie-xtar-sc1","status":"publish","type":"product","link":"https:\/\/dsmarinealgerie.com\/ar\/shop\/chasse-sous-marine\/torches\/chargeur-de-batterie-xtar-sc1\/","title":{"rendered":"Chargeur de batterie Xtar SC1"},"content":{"rendered":"<div class=\"accordion\" data-role=\"collapsible\">\n<div class=\"accordion\" data-role=\"collapsible\">Le Chargeur XTAR SC1 permet le chargement de tous les types d&rsquo;accus IMR, Li-Ion. Sa rampe adaptable n&rsquo;autorise la charge que d&rsquo;un seul accu mais tous les types de formats sont accept\u00e9s.(Du 14500 au 26650) De tr\u00e8s petite taille, il est facile \u00e0 transporter et se recharge via un port USB. Le XTAR SC1 poss\u00e8de \u00e9galement un indicateur de charge et toutes les s\u00e9curit\u00e9s requises<\/div>\n<div class=\"panel\" data-role=\"content\">\n<div class=\"elementor-widget elementor-element elementor-element-fausmms elementor-widget-heading\" data-element_type=\"heading.default\">\n<div class=\"elementor-widget-container\">\n<h4 class=\"elementor-heading-title elementor-size-default\">\u0633\u0645\u0627\u062a :<\/h4>\n<\/div>\n<\/div>\n<div class=\"elementor-widget elementor-element elementor-element-n972b65 elementor-widget-icon-list\" data-element_type=\"icon-list.default\">\n<div class=\"elementor-widget-container\">\n<ul class=\"elementor-icon-list-items\">\n<li class=\"elementor-icon-list-item\">\u00a0<span class=\"elementor-icon-list-text\">Puissance d&rsquo;entr\u00e9e : DC 5V 2.1A<\/span><\/li>\n<li class=\"elementor-icon-list-item\">\u00a0<span class=\"elementor-icon-list-text\">Tension de coupure : 4.2V +\/- 0.05V<\/span><\/li>\n<li class=\"elementor-icon-list-item\">\u00a0<span class=\"elementor-icon-list-text\">Courant de charge de coupure : &lt;120mA<\/span><\/li>\n<li class=\"elementor-icon-list-item\">\u00a0<span class=\"elementor-icon-list-text\">Courant de charge : 2A x 1<\/span><\/li>\n<li class=\"elementor-icon-list-item\">\u00a0<span class=\"elementor-icon-list-text\">Temp\u00e9rature de fonctionnement : 0-40C<\/span><\/li>\n<li class=\"elementor-icon-list-item\">\u00a0<span class=\"elementor-icon-list-text\">Compatible avec : 18650\/18700\/20700\/21700\/22650\/25500\/26650<\/span><\/li>\n<\/ul>\n<\/div>\n<\/div>\n<\/div>\n<\/div>\n<div class=\"panel\" data-role=\"content\">\n<div class=\"elementor-widget elementor-element elementor-element-fausmms elementor-widget-heading\" data-element_type=\"heading.default\">\n<div class=\"elementor-widget-container\"><\/div>\n<\/div>\n<div class=\"elementor-widget elementor-element elementor-element-n972b65 elementor-widget-icon-list\" data-element_type=\"icon-list.default\">\n<div class=\"elementor-widget-container\"><\/div>\n<\/div>\n<\/div>","protected":false},"excerpt":{"rendered":"<p>Le Chargeur XTAR SC1 permet le chargement de tous les types d&rsquo;accus IMR, Li-Ion. Sa rampe adaptable n&rsquo;autorise la charge que d&rsquo;un seul accu mais tous les types de formats sont accept\u00e9s.(Du 14500 au 26650) De tr\u00e8s petite taille, il est facile \u00e0 transporter et se recharge via un port USB. Le XTAR SC1 poss\u00e8de [&hellip;]<\/p>","protected":false},"featured_media":11130,"comment_status":"open","ping_status":"closed","template":"","meta":{"_uf_show_specific_survey":0,"_uf_disable_surveys":false},"product_brand":[],"product_cat":[165,177],"product_tag":[],"class_list":{"0":"post-11128","1":"product","2":"type-product","3":"status-publish","4":"has-post-thumbnail","6":"product_cat-chasse-sous-marine","7":"product_cat-torches","9":"first","10":"instock","11":"shipping-taxable","12":"purchasable","13":"product-type-simple"},"aioseo_notices":[],"_links":{"self":[{"href":"https:\/\/dsmarinealgerie.com\/ar\/wp-json\/wp\/v2\/product\/11128","targetHints":{"allow":["GET"]}}],"collection":[{"href":"https:\/\/dsmarinealgerie.com\/ar\/wp-json\/wp\/v2\/product"}],"about":[{"href":"https:\/\/dsmarinealgerie.com\/ar\/wp-json\/wp\/v2\/types\/product"}],"replies":[{"embeddable":true,"href":"https:\/\/dsmarinealgerie.com\/ar\/wp-json\/wp\/v2\/comments?post=11128"}],"wp:featuredmedia":[{"embeddable":true,"href":"https:\/\/dsmarinealgerie.com\/ar\/wp-json\/wp\/v2\/media\/11130"}],"wp:attachment":[{"href":"https:\/\/dsmarinealgerie.com\/ar\/wp-json\/wp\/v2\/media?parent=11128"}],"wp:term":[{"taxonomy":"product_brand","embeddable":true,"href":"https:\/\/dsmarinealgerie.com\/ar\/wp-json\/wp\/v2\/product_brand?post=11128"},{"taxonomy":"product_cat","embeddable":true,"href":"https:\/\/dsmarinealgerie.com\/ar\/wp-json\/wp\/v2\/product_cat?post=11128"},{"taxonomy":"product_tag","embeddable":true,"href":"https:\/\/dsmarinealgerie.com\/ar\/wp-json\/wp\/v2\/product_tag?post=11128"}],"curies":[{"name":"wp","href":"https:\/\/api.w.org\/{rel}","templated":true}]}}