{"id":11216,"date":"2025-12-08T11:04:54","date_gmt":"2025-12-08T11:04:54","guid":{"rendered":"https:\/\/dsmarinealgerie.com\/?post_type=product&#038;p=11216"},"modified":"2025-12-08T11:23:54","modified_gmt":"2025-12-08T11:23:54","slug":"detachant-rouille-cleans-boat","status":"publish","type":"product","link":"https:\/\/dsmarinealgerie.com\/ar\/shop\/accastillage\/produits-dentretien\/detachant-rouille-cleans-boat\/","title":{"rendered":"D\u00e9tachant Rouille Cleans Boat"},"content":{"rendered":"<p>Le d\u00e9tachant rouille est id\u00e9al pour \u00e9liminer efficacement la corrosion et l&rsquo;oxydation sur des surfaces telles que l&rsquo;inox , aciers ou l&rsquo;alliages au chromes .<\/p>\n<p>En plus de nettoyer en profondeur, il prot\u00e9ge durablement les surfaces trait\u00e9s contre la r\u00e9apparition de la corrosion, garantissant une finition impeccable et une protection renforc\u00e9 .<\/p>\n<p>Contenance : 500ml<\/p>\n<p><strong>\u062a\u0639\u0644\u064a\u0645\u0627\u062a :\u00a0<\/strong><\/p>\n<p>pulv\u00e9riser sur les surfaces oxyd\u00e9es et laissez agir jusqu&rsquo;\u00e0 dissolution de la rouille, frotter a l&rsquo;aide d&rsquo;une brosse souple ou d&rsquo;une \u00e9ponge, puis rincer a l&rsquo;eau claire .<\/p>\n<p>il est Recommander de porte des gants et des lunettes de protection\u00a0 .<\/p>","protected":false},"excerpt":{"rendered":"<p>Le d\u00e9tachant rouille est id\u00e9al pour \u00e9liminer efficacement la corrosion et l&rsquo;oxydation sur des surfaces telles que l&rsquo;inox , aciers ou l&rsquo;alliages au chromes . En plus de nettoyer en profondeur, il prot\u00e9ge durablement les surfaces trait\u00e9s contre la r\u00e9apparition de la corrosion, garantissant une finition impeccable et une protection renforc\u00e9 . Contenance : 500ml [&hellip;]<\/p>","protected":false},"featured_media":11222,"comment_status":"open","ping_status":"closed","template":"","meta":{"_uf_show_specific_survey":0,"_uf_disable_surveys":false},"product_brand":[],"product_cat":[163,216],"product_tag":[],"class_list":{"0":"post-11216","1":"product","2":"type-product","3":"status-publish","4":"has-post-thumbnail","6":"product_cat-accastillage","7":"product_cat-produits-dentretien","9":"first","10":"instock","11":"shipping-taxable","12":"purchasable","13":"product-type-simple"},"aioseo_notices":[],"_links":{"self":[{"href":"https:\/\/dsmarinealgerie.com\/ar\/wp-json\/wp\/v2\/product\/11216","targetHints":{"allow":["GET"]}}],"collection":[{"href":"https:\/\/dsmarinealgerie.com\/ar\/wp-json\/wp\/v2\/product"}],"about":[{"href":"https:\/\/dsmarinealgerie.com\/ar\/wp-json\/wp\/v2\/types\/product"}],"replies":[{"embeddable":true,"href":"https:\/\/dsmarinealgerie.com\/ar\/wp-json\/wp\/v2\/comments?post=11216"}],"wp:featuredmedia":[{"embeddable":true,"href":"https:\/\/dsmarinealgerie.com\/ar\/wp-json\/wp\/v2\/media\/11222"}],"wp:attachment":[{"href":"https:\/\/dsmarinealgerie.com\/ar\/wp-json\/wp\/v2\/media?parent=11216"}],"wp:term":[{"taxonomy":"product_brand","embeddable":true,"href":"https:\/\/dsmarinealgerie.com\/ar\/wp-json\/wp\/v2\/product_brand?post=11216"},{"taxonomy":"product_cat","embeddable":true,"href":"https:\/\/dsmarinealgerie.com\/ar\/wp-json\/wp\/v2\/product_cat?post=11216"},{"taxonomy":"product_tag","embeddable":true,"href":"https:\/\/dsmarinealgerie.com\/ar\/wp-json\/wp\/v2\/product_tag?post=11216"}],"curies":[{"name":"wp","href":"https:\/\/api.w.org\/{rel}","templated":true}]}}