{"id":11224,"date":"2025-12-08T11:26:12","date_gmt":"2025-12-08T11:26:12","guid":{"rendered":"https:\/\/dsmarinealgerie.com\/?post_type=product&#038;p=11224"},"modified":"2025-12-08T11:39:22","modified_gmt":"2025-12-08T11:39:22","slug":"dejaunissant-coque-cleans-boat","status":"publish","type":"product","link":"https:\/\/dsmarinealgerie.com\/ar\/shop\/accastillage\/produits-dentretien\/dejaunissant-coque-cleans-boat\/","title":{"rendered":"D\u00e9jaunissant Coque Cleans Boat"},"content":{"rendered":"<p>Le D\u00e9jaunissant pour coques offre une restauration rapide et efficaces. Il \u00e9limine instantan\u00e9ment le voile jaune, les traces de corrosion, ainsi que les r\u00e9sidus d&rsquo;algues, coquillages et pollution.<\/p>\n<p>Contenance : 500ml<\/p>\n<p><strong>\u062a\u0639\u0644\u064a\u0645\u0627\u062a :\u00a0<\/strong><\/p>\n<p>pulv\u00e9riser sur les surfaces a trait\u00e9s et laissez agir 5 a 10 min , frotter a l&rsquo;aide d&rsquo;une brosse souple ou d&rsquo;un pinceau, puis rincer a l&rsquo;eau claire .<\/p>\n<p>Attention c&rsquo;est un produit acide, il est recommander de porte des v\u00eatements , des gants et des lunettes de protection.<\/p>","protected":false},"excerpt":{"rendered":"<p>Le D\u00e9jaunissant pour coques offre une restauration rapide et efficaces. Il \u00e9limine instantan\u00e9ment le voile jaune, les traces de corrosion, ainsi que les r\u00e9sidus d&rsquo;algues, coquillages et pollution. Contenance : 500ml Mode d&#8217;emploi :\u00a0 pulv\u00e9riser sur les surfaces a trait\u00e9s et laissez agir 5 a 10 min , frotter a l&rsquo;aide d&rsquo;une brosse souple ou [&hellip;]<\/p>","protected":false},"featured_media":11221,"comment_status":"open","ping_status":"closed","template":"","meta":{"_uf_show_specific_survey":0,"_uf_disable_surveys":false},"product_brand":[],"product_cat":[163,216],"product_tag":[],"class_list":{"0":"post-11224","1":"product","2":"type-product","3":"status-publish","4":"has-post-thumbnail","6":"product_cat-accastillage","7":"product_cat-produits-dentretien","9":"first","10":"instock","11":"shipping-taxable","12":"purchasable","13":"product-type-simple"},"aioseo_notices":[],"_links":{"self":[{"href":"https:\/\/dsmarinealgerie.com\/ar\/wp-json\/wp\/v2\/product\/11224","targetHints":{"allow":["GET"]}}],"collection":[{"href":"https:\/\/dsmarinealgerie.com\/ar\/wp-json\/wp\/v2\/product"}],"about":[{"href":"https:\/\/dsmarinealgerie.com\/ar\/wp-json\/wp\/v2\/types\/product"}],"replies":[{"embeddable":true,"href":"https:\/\/dsmarinealgerie.com\/ar\/wp-json\/wp\/v2\/comments?post=11224"}],"wp:featuredmedia":[{"embeddable":true,"href":"https:\/\/dsmarinealgerie.com\/ar\/wp-json\/wp\/v2\/media\/11221"}],"wp:attachment":[{"href":"https:\/\/dsmarinealgerie.com\/ar\/wp-json\/wp\/v2\/media?parent=11224"}],"wp:term":[{"taxonomy":"product_brand","embeddable":true,"href":"https:\/\/dsmarinealgerie.com\/ar\/wp-json\/wp\/v2\/product_brand?post=11224"},{"taxonomy":"product_cat","embeddable":true,"href":"https:\/\/dsmarinealgerie.com\/ar\/wp-json\/wp\/v2\/product_cat?post=11224"},{"taxonomy":"product_tag","embeddable":true,"href":"https:\/\/dsmarinealgerie.com\/ar\/wp-json\/wp\/v2\/product_tag?post=11224"}],"curies":[{"name":"wp","href":"https:\/\/api.w.org\/{rel}","templated":true}]}}