{"id":11296,"date":"2026-02-10T11:35:47","date_gmt":"2026-02-10T11:35:47","guid":{"rendered":"https:\/\/dsmarinealgerie.com\/?post_type=product&#038;p=11296"},"modified":"2026-02-10T11:35:47","modified_gmt":"2026-02-10T11:35:47","slug":"nettoyant-pneumatique-cleans-boat","status":"publish","type":"product","link":"https:\/\/dsmarinealgerie.com\/ar\/shop\/accastillage\/produits-dentretien\/nettoyant-pneumatique-cleans-boat\/","title":{"rendered":"Nettoyant Pneumatique Cleans Boat"},"content":{"rendered":"<p>Le Nettoyant Pneumatique de cleans Boat est con\u00e7u pour le nettoyage en profondeur des bateaux pneumatique et semi-rigides .<\/p>\n<p><strong>\u062a\u0639\u0644\u064a\u0645\u0627\u062a : <\/strong><\/p>\n<ul>\n<li>Vaporis\u00e9 la surface \u00e0 traiter, laisser agir 5 \u00e0 10 minutes .<\/li>\n<li>Frotter \u00e0 l&rsquo;aide d&rsquo;une \u00e9ponge ou une brosse sur toute la surface de votre sellerie.<\/li>\n<li>Rincer \u00e0 l&rsquo;eau claire<\/li>\n<\/ul>\n<p><strong>\u062d\u0630\u0627\u0631\u064a : <\/strong><\/p>\n<ul>\n<li>\u00e9viter le contacte avec des produits acides , ne pas jeter les r\u00e9sidus \u00e0 l&rsquo;\u00e9gout .<\/li>\n<li>il est recommande de porter des v\u00eatements de protection : gants, bottes , lunettes<\/li>\n<\/ul>\n<p>&nbsp;<\/p>","protected":false},"excerpt":{"rendered":"<p>Semi-Rigides<\/p>","protected":false},"featured_media":11300,"comment_status":"open","ping_status":"closed","template":"","meta":{"_uf_show_specific_survey":0,"_uf_disable_surveys":false},"product_brand":[],"product_cat":[163,216],"product_tag":[],"class_list":{"0":"post-11296","1":"product","2":"type-product","3":"status-publish","4":"has-post-thumbnail","6":"product_cat-accastillage","7":"product_cat-produits-dentretien","9":"first","10":"instock","11":"shipping-taxable","12":"purchasable","13":"product-type-simple"},"aioseo_notices":[],"_links":{"self":[{"href":"https:\/\/dsmarinealgerie.com\/ar\/wp-json\/wp\/v2\/product\/11296","targetHints":{"allow":["GET"]}}],"collection":[{"href":"https:\/\/dsmarinealgerie.com\/ar\/wp-json\/wp\/v2\/product"}],"about":[{"href":"https:\/\/dsmarinealgerie.com\/ar\/wp-json\/wp\/v2\/types\/product"}],"replies":[{"embeddable":true,"href":"https:\/\/dsmarinealgerie.com\/ar\/wp-json\/wp\/v2\/comments?post=11296"}],"wp:featuredmedia":[{"embeddable":true,"href":"https:\/\/dsmarinealgerie.com\/ar\/wp-json\/wp\/v2\/media\/11300"}],"wp:attachment":[{"href":"https:\/\/dsmarinealgerie.com\/ar\/wp-json\/wp\/v2\/media?parent=11296"}],"wp:term":[{"taxonomy":"product_brand","embeddable":true,"href":"https:\/\/dsmarinealgerie.com\/ar\/wp-json\/wp\/v2\/product_brand?post=11296"},{"taxonomy":"product_cat","embeddable":true,"href":"https:\/\/dsmarinealgerie.com\/ar\/wp-json\/wp\/v2\/product_cat?post=11296"},{"taxonomy":"product_tag","embeddable":true,"href":"https:\/\/dsmarinealgerie.com\/ar\/wp-json\/wp\/v2\/product_tag?post=11296"}],"curies":[{"name":"wp","href":"https:\/\/api.w.org\/{rel}","templated":true}]}}