{"id":11297,"date":"2026-02-10T09:29:52","date_gmt":"2026-02-10T09:29:52","guid":{"rendered":"https:\/\/dsmarinealgerie.com\/?post_type=product&#038;p=11297"},"modified":"2026-02-10T11:37:31","modified_gmt":"2026-02-10T11:37:31","slug":"shampoing-surpuissant-cleans-boat","status":"publish","type":"product","link":"https:\/\/dsmarinealgerie.com\/ar\/shop\/accastillage\/produits-dentretien\/shampoing-surpuissant-cleans-boat\/","title":{"rendered":"Shampoing Surpuissant Cleans Boat"},"content":{"rendered":"<p>Le Shampoing surpuissant de clean boat est un d\u00e9tergent alcalin sp\u00e9cialement formul\u00e9 pour bateaux, contenant des complexant s\u00e9questrant sp\u00e9cifiques pour solubiliser parfaitement les traces de sodium , la graisse , les d\u00e9p\u00f4ts de fum\u00e9, les poussiers atmosph\u00e9riques.<\/p>\n<p>con\u00e7u sp\u00e9cialement pour nettoyer le Gelcoat mais \u00e9galement l&rsquo;inox , le verre , le plexi, le chrome etc&#8230;<\/p>\n<p><strong>\u062a\u0639\u0644\u064a\u0645\u0627\u062a : <\/strong><\/p>\n<ul>\n<li>Diluer 50ml du shampoing surpuissant de finition dans un seau de 5 litres d&rsquo;eau pour un entretien courant.<\/li>\n<li>appliquer \u00e0 la brosse ou \u00e0 l&rsquo;\u00e9ponge.<\/li>\n<li>bien rincer \u00e0 l&rsquo;eau claire<\/li>\n<\/ul>\n<p><strong>\u062d\u0630\u0627\u0631\u064a : <\/strong><\/p>\n<ul>\n<li>il est recommande de porter des v\u00eatements de protection : gants, bottes , lunettes<\/li>\n<\/ul>\n<p>&nbsp;<\/p>","protected":false},"excerpt":{"rendered":"<p>Nettoyant pour bateau<\/p>","protected":false},"featured_media":11302,"comment_status":"open","ping_status":"closed","template":"","meta":{"_uf_show_specific_survey":0,"_uf_disable_surveys":false},"product_brand":[],"product_cat":[163,216],"product_tag":[],"class_list":{"0":"post-11297","1":"product","2":"type-product","3":"status-publish","4":"has-post-thumbnail","6":"product_cat-accastillage","7":"product_cat-produits-dentretien","9":"first","10":"instock","11":"shipping-taxable","12":"purchasable","13":"product-type-simple"},"aioseo_notices":[],"_links":{"self":[{"href":"https:\/\/dsmarinealgerie.com\/ar\/wp-json\/wp\/v2\/product\/11297","targetHints":{"allow":["GET"]}}],"collection":[{"href":"https:\/\/dsmarinealgerie.com\/ar\/wp-json\/wp\/v2\/product"}],"about":[{"href":"https:\/\/dsmarinealgerie.com\/ar\/wp-json\/wp\/v2\/types\/product"}],"replies":[{"embeddable":true,"href":"https:\/\/dsmarinealgerie.com\/ar\/wp-json\/wp\/v2\/comments?post=11297"}],"wp:featuredmedia":[{"embeddable":true,"href":"https:\/\/dsmarinealgerie.com\/ar\/wp-json\/wp\/v2\/media\/11302"}],"wp:attachment":[{"href":"https:\/\/dsmarinealgerie.com\/ar\/wp-json\/wp\/v2\/media?parent=11297"}],"wp:term":[{"taxonomy":"product_brand","embeddable":true,"href":"https:\/\/dsmarinealgerie.com\/ar\/wp-json\/wp\/v2\/product_brand?post=11297"},{"taxonomy":"product_cat","embeddable":true,"href":"https:\/\/dsmarinealgerie.com\/ar\/wp-json\/wp\/v2\/product_cat?post=11297"},{"taxonomy":"product_tag","embeddable":true,"href":"https:\/\/dsmarinealgerie.com\/ar\/wp-json\/wp\/v2\/product_tag?post=11297"}],"curies":[{"name":"wp","href":"https:\/\/api.w.org\/{rel}","templated":true}]}}