{"id":11334,"date":"2026-03-02T11:52:50","date_gmt":"2026-03-02T11:52:50","guid":{"rendered":"https:\/\/dsmarinealgerie.com\/?post_type=product&#038;p=11334"},"modified":"2026-03-12T08:01:54","modified_gmt":"2026-03-12T08:01:54","slug":"nettoyant-sel-moteur-soromap","status":"publish","type":"product","link":"https:\/\/dsmarinealgerie.com\/ar\/shop\/accastillage\/produits-dentretien\/nettoyant-sel-moteur-soromap\/","title":{"rendered":"Nettoyant Sel Moteur Soromap"},"content":{"rendered":"<p>Le Nettoyant sel pour moteur est disponible chez DS MARINE Alg\u00e9rie<\/p>\n<p>Un nettoyant pour les moteurs expos\u00e9s aux environnements salins, pr\u00e9venant l\u2019accumulation de sel qui pourrait endommager les composants m\u00e9caniques.<\/p>\n<p>Recommand\u00e9 pour jets, bateaux, remorques, \u00e9quipements de p\u00eache et plong\u00e9e\u2026<\/p>\n<p><strong>\u0633\u0645\u0627\u062a :<\/strong><\/p>\n<ul>\n<li>S\u2019utilise en toute s\u00e9curit\u00e9 sur tout type de mat\u00e9riau.<\/li>\n<li>D\u00e9pose un film de protection et prot\u00e8ge de la rouille, la corrosion et agressions dues au sel<\/li>\n<li>contenance : 1L<\/li>\n<\/ul>\n<p><strong>Application :<\/strong><\/p>\n<ul>\n<li>Dosage de r\u00e9f\u00e9rence : 20 %<\/li>\n<li>Appliquer r\u00e9guli\u00e8rement apr\u00e8s chaque exposition, sur toutes les surfaces, ou parties, ou \u00e9quipements, ou mat\u00e9riels, de la coque au pont, les m\u00e2ts, les moteurs, l\u2019accastillage, les remorques.<\/li>\n<li>Pour les circuits de refroidissement, ne pas rincer \u00e0 l\u2019eau claire pour une protection optimale du film cireux de protection qui sera \u00e9limin\u00e9 d\u00e8s la prochaine utilisation.<\/li>\n<li>Rincer \u00e0 l\u2019eau claire sur les pontons pour \u00e9viter de glisser.<\/li>\n<li>Limiter un contact prolong\u00e9 avec les surfaces sensibles aux alcalins (aluminium, galvanis\u00e9, \u2026).<\/li>\n<li>Son utilisation r\u00e9guli\u00e8re, apr\u00e8s chaque exposition, prot\u00e8ge vos mat\u00e9riels tout en augmentant leur dur\u00e9e de vie.<\/li>\n<\/ul>","protected":false},"excerpt":{"rendered":"<p>Stop sel pour moteur bateau<\/p>","protected":false},"featured_media":11335,"comment_status":"open","ping_status":"closed","template":"","meta":{"_uf_show_specific_survey":0,"_uf_disable_surveys":false},"product_brand":[],"product_cat":[163,216],"product_tag":[],"class_list":{"0":"post-11334","1":"product","2":"type-product","3":"status-publish","4":"has-post-thumbnail","6":"product_cat-accastillage","7":"product_cat-produits-dentretien","9":"first","10":"instock","11":"shipping-taxable","12":"purchasable","13":"product-type-simple"},"aioseo_notices":[],"_links":{"self":[{"href":"https:\/\/dsmarinealgerie.com\/ar\/wp-json\/wp\/v2\/product\/11334","targetHints":{"allow":["GET"]}}],"collection":[{"href":"https:\/\/dsmarinealgerie.com\/ar\/wp-json\/wp\/v2\/product"}],"about":[{"href":"https:\/\/dsmarinealgerie.com\/ar\/wp-json\/wp\/v2\/types\/product"}],"replies":[{"embeddable":true,"href":"https:\/\/dsmarinealgerie.com\/ar\/wp-json\/wp\/v2\/comments?post=11334"}],"wp:featuredmedia":[{"embeddable":true,"href":"https:\/\/dsmarinealgerie.com\/ar\/wp-json\/wp\/v2\/media\/11335"}],"wp:attachment":[{"href":"https:\/\/dsmarinealgerie.com\/ar\/wp-json\/wp\/v2\/media?parent=11334"}],"wp:term":[{"taxonomy":"product_brand","embeddable":true,"href":"https:\/\/dsmarinealgerie.com\/ar\/wp-json\/wp\/v2\/product_brand?post=11334"},{"taxonomy":"product_cat","embeddable":true,"href":"https:\/\/dsmarinealgerie.com\/ar\/wp-json\/wp\/v2\/product_cat?post=11334"},{"taxonomy":"product_tag","embeddable":true,"href":"https:\/\/dsmarinealgerie.com\/ar\/wp-json\/wp\/v2\/product_tag?post=11334"}],"curies":[{"name":"wp","href":"https:\/\/api.w.org\/{rel}","templated":true}]}}