{"id":11364,"date":"2026-04-01T14:05:33","date_gmt":"2026-04-01T14:05:33","guid":{"rendered":"https:\/\/dsmarinealgerie.com\/?post_type=product&#038;p=11364"},"modified":"2026-04-01T14:05:33","modified_gmt":"2026-04-01T14:05:33","slug":"turlutte-emeraldas-shine-lc-3-5-daiwa-185-g","status":"publish","type":"product","link":"https:\/\/dsmarinealgerie.com\/ar\/shop\/peche\/materiel-de-peche\/hamecons\/turlutte-emeraldas-shine-lc-3-5-daiwa-185-g\/","title":{"rendered":"Turlutte Emeraldas Shine LC 3.5 \u2013 Daiwa 18,5 g"},"content":{"rendered":"<h3>Turlutte Emeraldas Shine LC 3.5 \u2013 Daiwa<\/h3>\n<p>La Emeraldas Shine LC 3.5 (18,5 g) est une turlutte haut de gamme con\u00e7ue pour la <strong>p\u00eache des c\u00e9phalopodes en mer<\/strong> : calamars, seiches et poulpes.<\/p>\n<p>Dot\u00e9e des technologies <strong>Laser Impact<\/strong> \u0648 <strong>Mirror-CLE 360\u00b0<\/strong>, elle \u00e9met des flashs lumineux puissants pour attirer les c\u00e9phalopodes \u00e0 grande distance, m\u00eame en eau trouble ou faible luminosit\u00e9.<\/p>\n<p>Son <strong>syst\u00e8me de transfert de masse<\/strong> am\u00e9liore les <strong>lancers longue distance<\/strong> et garantit une <strong>nage naturelle<\/strong> avec une descente contr\u00f4l\u00e9e (3,75 s\/m), id\u00e9ale pour prospecter toutes les couches d\u2019eau.<\/p>\n<p>\u00c9quip\u00e9e d\u2019hame\u00e7ons japonais ultra-piquants, elle assure un <strong>taux de capture \u00e9lev\u00e9<\/strong>, m\u00eame sur les touches discr\u00e8tes.<\/p>\n<p>Une turlutte polyvalente et performante pour l\u2019eging en M\u00e9diterran\u00e9e.<\/p>","protected":false},"excerpt":{"rendered":"<p>Nouveaut\u00e9 2026 : La turlutte Emeraldas Shine LC 3.5 de la marque Daiwa,<\/p>","protected":false},"featured_media":11373,"comment_status":"open","ping_status":"closed","template":"","meta":{"_uf_show_specific_survey":0,"_uf_disable_surveys":false},"product_brand":[],"product_cat":[742,164,227],"product_tag":[],"class_list":{"0":"post-11364","1":"product","2":"type-product","3":"status-publish","4":"has-post-thumbnail","6":"product_cat-hamecons","7":"product_cat-peche","8":"product_cat-materiel-de-peche","10":"first","11":"instock","12":"shipping-taxable","13":"purchasable","14":"product-type-variable"},"aioseo_notices":[],"_links":{"self":[{"href":"https:\/\/dsmarinealgerie.com\/ar\/wp-json\/wp\/v2\/product\/11364","targetHints":{"allow":["GET"]}}],"collection":[{"href":"https:\/\/dsmarinealgerie.com\/ar\/wp-json\/wp\/v2\/product"}],"about":[{"href":"https:\/\/dsmarinealgerie.com\/ar\/wp-json\/wp\/v2\/types\/product"}],"replies":[{"embeddable":true,"href":"https:\/\/dsmarinealgerie.com\/ar\/wp-json\/wp\/v2\/comments?post=11364"}],"wp:featuredmedia":[{"embeddable":true,"href":"https:\/\/dsmarinealgerie.com\/ar\/wp-json\/wp\/v2\/media\/11373"}],"wp:attachment":[{"href":"https:\/\/dsmarinealgerie.com\/ar\/wp-json\/wp\/v2\/media?parent=11364"}],"wp:term":[{"taxonomy":"product_brand","embeddable":true,"href":"https:\/\/dsmarinealgerie.com\/ar\/wp-json\/wp\/v2\/product_brand?post=11364"},{"taxonomy":"product_cat","embeddable":true,"href":"https:\/\/dsmarinealgerie.com\/ar\/wp-json\/wp\/v2\/product_cat?post=11364"},{"taxonomy":"product_tag","embeddable":true,"href":"https:\/\/dsmarinealgerie.com\/ar\/wp-json\/wp\/v2\/product_tag?post=11364"}],"curies":[{"name":"wp","href":"https:\/\/api.w.org\/{rel}","templated":true}]}}