{"id":5427,"date":"2023-09-19T11:18:38","date_gmt":"2023-09-19T11:18:38","guid":{"rendered":"https:\/\/dsmarinealgerie.com\/?post_type=product&#038;p=5427"},"modified":"2025-11-13T09:43:01","modified_gmt":"2025-11-13T09:43:01","slug":"penn-ultimate-spinning-reel-slammer-iv-dx-6500","status":"publish","type":"product","link":"https:\/\/dsmarinealgerie.com\/ar\/shop\/peche\/moulinets\/penn-ultimate-spinning-reel-slammer-iv-dx-6500\/","title":{"rendered":"\u0628\u0646\u0646 \u0627\u0644\u062a\u064a\u0645\u064a\u062a \u0628\u0643\u0631\u0629 \u062f\u0648\u0627\u0631\u0629 \u0633\u0644\u0627\u0645\u0631 IV DX 6500"},"content":{"rendered":"<p>\u064a\u0631\u062a\u0642\u064a Slammer IV DX \u0628\u0641\u0626\u0629 Slammer IV \u0645\u0646 PENN \u0625\u0644\u0649 \u0645\u0633\u062a\u0648\u0649 \u0623\u0639\u0644\u0649\u060c \u0645\u0639 \u0645\u0633\u062a\u062d\u0636\u0631\u0627\u062a \u062a\u062c\u0645\u064a\u0644 \u0645\u0637\u0648\u0631\u0629 \u0648\u062a\u0642\u0646\u064a\u0629 \u0625\u0636\u0627\u0641\u064a\u0629 \u0644\u062a\u0648\u0641\u064a\u0631 \u0645\u0633\u062a\u0648\u0649 \u0622\u062e\u0631 \u0645\u0646 \u0627\u0644\u0642\u062f\u0631\u0629 \u0639\u0644\u0649 \u062a\u0631\u0648\u064a\u0636 \u0623\u0642\u0648\u0649 \u0627\u0644\u0623\u0633\u0645\u0627\u0643 \u0627\u0644\u0631\u064a\u0627\u0636\u064a\u0629.<br \/>\n\u0644\u0644\u062d\u0635\u0648\u0644 \u0639\u0644\u0649 \u0627\u0644\u0645\u062a\u0627\u0646\u0629 \u0627\u0644\u0645\u062b\u0644\u0649\u060c \u062a\u0648\u0641\u0631 \u062a\u0642\u0646\u064a\u0629 CNC Gear \u0645\u0646 PENN \u062a\u0631\u0648\u0633\u064b\u0627 \u0648\u062a\u0631\u0648\u0633\u064b\u0627 \u0631\u0626\u064a\u0633\u064a\u0629 \u0641\u0627\u0626\u0642\u0629 \u0627\u0644\u0642\u0648\u0629 \u0645\u0646 \u0627\u0644\u0641\u0648\u0644\u0627\u0630 \u0627\u0644\u0645\u0642\u0627\u0648\u0645 \u0644\u0644\u0635\u062f\u0623.<br \/>\n\u064a\u062a\u0645 \u0623\u064a\u0636\u064b\u0627 \u062f\u0639\u0645 Dura-Drag \u0627\u0644\u062e\u0627\u0635 \u0628\u0640 Slammer IV DX \u0628\u0645\u062d\u0645\u0644 \u0625\u0636\u0627\u0641\u064a \u0645\u062f\u0645\u062c \u0641\u064a \u0627\u0644\u062a\u062e\u0632\u064a\u0646 \u0627\u0644\u0645\u0624\u0642\u062a \u0645\u0642\u0627\u0631\u0646\u0629\u064b \u0628\u0640 Slammer IV \u0627\u0644\u0642\u064a\u0627\u0633\u064a.<br \/>\n\u062a\u0645 \u0623\u064a\u0636\u064b\u0627 \u062f\u0645\u062c \u0645\u0633\u062a\u062d\u0636\u0631\u0627\u062a \u0627\u0644\u062a\u062c\u0645\u064a\u0644 \u0627\u0644\u062d\u0635\u0631\u064a\u0629 \u0628\u0627\u0644\u0644\u0648\u0646\u064a\u0646 \u0627\u0644\u0641\u0636\u064a \u0648\u0627\u0644\u0623\u0633\u0648\u062f \u0641\u064a \u062c\u0645\u064a\u0639 \u0623\u0646\u062d\u0627\u0621 \u0627\u0644\u0645\u062c\u0645\u0648\u0639\u0629\u060c \u0645\u0639 \u0645\u0642\u0628\u0636 \u0647\u064a\u0628\u0627\u0644\u0648\u0646 \u0628\u062f\u064a\u0644 \u0644\u062a\u0648\u0641\u064a\u0631 \u0627\u0644\u0631\u0627\u062d\u0629 \u0627\u0644\u0642\u0635\u0648\u0649 \u0639\u0644\u0649 \u0627\u0644\u0645\u0627\u0621.<\/p>","protected":false},"excerpt":{"rendered":"<p>Le Slammer IV DX fait monter d\u2019un cran la classe de Slammer IV de PENN, avec des cosm\u00e9tiques am\u00e9lior\u00e9s et une technologie ajout\u00e9e pour offrir un autre niveau de capacit\u00e9 \u00e0 dompter les poissons sportifs les plus difficiles \u00e0 combattre. Pour une durabilit\u00e9 optimale, la technologie CNC Gear de PENN offre des engrenages principaux et [&hellip;]<\/p>","protected":false},"featured_media":5434,"comment_status":"open","ping_status":"closed","template":"","meta":{"_uf_show_specific_survey":0,"_uf_disable_surveys":false},"product_brand":[],"product_cat":[164,228],"product_tag":[],"class_list":{"0":"post-5427","1":"product","2":"type-product","3":"status-publish","4":"has-post-thumbnail","6":"product_cat-peche","7":"product_cat-moulinets","9":"first","10":"instock","11":"shipping-taxable","12":"purchasable","13":"product-type-simple"},"aioseo_notices":[],"_links":{"self":[{"href":"https:\/\/dsmarinealgerie.com\/ar\/wp-json\/wp\/v2\/product\/5427","targetHints":{"allow":["GET"]}}],"collection":[{"href":"https:\/\/dsmarinealgerie.com\/ar\/wp-json\/wp\/v2\/product"}],"about":[{"href":"https:\/\/dsmarinealgerie.com\/ar\/wp-json\/wp\/v2\/types\/product"}],"replies":[{"embeddable":true,"href":"https:\/\/dsmarinealgerie.com\/ar\/wp-json\/wp\/v2\/comments?post=5427"}],"wp:featuredmedia":[{"embeddable":true,"href":"https:\/\/dsmarinealgerie.com\/ar\/wp-json\/wp\/v2\/media\/5434"}],"wp:attachment":[{"href":"https:\/\/dsmarinealgerie.com\/ar\/wp-json\/wp\/v2\/media?parent=5427"}],"wp:term":[{"taxonomy":"product_brand","embeddable":true,"href":"https:\/\/dsmarinealgerie.com\/ar\/wp-json\/wp\/v2\/product_brand?post=5427"},{"taxonomy":"product_cat","embeddable":true,"href":"https:\/\/dsmarinealgerie.com\/ar\/wp-json\/wp\/v2\/product_cat?post=5427"},{"taxonomy":"product_tag","embeddable":true,"href":"https:\/\/dsmarinealgerie.com\/ar\/wp-json\/wp\/v2\/product_tag?post=5427"}],"curies":[{"name":"wp","href":"https:\/\/api.w.org\/{rel}","templated":true}]}}