{"id":5436,"date":"2023-09-19T13:22:23","date_gmt":"2023-09-19T13:22:23","guid":{"rendered":"https:\/\/dsmarinealgerie.com\/?post_type=product&#038;p=5436"},"modified":"2026-02-25T10:38:46","modified_gmt":"2026-02-25T10:38:46","slug":"colle-pu-speciale-pneumatique-pvc","status":"publish","type":"product","link":"https:\/\/dsmarinealgerie.com\/ar\/shop\/accastillage\/produits-dentretien\/colle-pu-speciale-pneumatique-pvc\/","title":{"rendered":"\u0628\u0648\u0644\u064a \u0643\u0644\u0648\u0631\u064a\u062f \u0627\u0644\u0641\u064a\u0646\u064a\u0644 \u0627\u0644\u063a\u0631\u0627\u0621 PU \u0647\u0648\u0627\u0626\u064a \u062e\u0627\u0635"},"content":{"rendered":"<div>\u0633\u064a\u0643\u0648\u0646 \u0647\u0630\u0627 \u0627\u0644\u063a\u0631\u0627\u0621 \u0627\u0644\u0645\u0635\u0645\u0645 \u062e\u0635\u064a\u0635\u064b\u0627 \u0644\u0644\u0625\u0637\u0627\u0631\u0627\u062a \u0623\u0641\u0636\u0644 \u062d\u0644\u064a\u0641 \u0644\u0643 \u0644\u062c\u0645\u064a\u0639 \u0625\u0635\u0644\u0627\u062d\u0627\u062a PVC \u0627\u0644\u062e\u0627\u0635\u0629 \u0628\u0643. \u0628\u0641\u0636\u0644 \u062a\u0631\u0643\u064a\u0628\u062a\u0647 \u0645\u0646 \u0645\u0627\u062f\u0629 \u0627\u0644\u0628\u0648\u0644\u064a \u064a\u0648\u0631\u064a\u062b\u064a\u0646\u060c \u0641\u0625\u0646\u0647 \u064a\u062a\u0645\u062a\u0639 \u0628\u0642\u0628\u0636\u0629 \u0645\u0645\u062a\u0627\u0632\u0629 \u0644\u0632\u064a\u0627\u062f\u0629 \u0627\u0644\u0645\u062a\u0627\u0646\u0629. \u0643\u0645\u0627 \u0623\u0646 \u0644\u062f\u064a\u0647\u0627 \u0645\u0642\u0627\u0648\u0645\u0629 \u062c\u064a\u062f\u0629 \u062c\u062f\u064b\u0627 \u0644\u0644\u062d\u0631\u0627\u0631\u0629 \u0648\u0627\u0644\u062a\u062d\u0644\u0644 \u0627\u0644\u0645\u0627\u0626\u064a. \u0627\u0644\u0633\u0639\u0629: 250 \u0645\u0644 \u0648 750 \u0645\u0644<\/div>\n<div><\/div>\n<div>\n<h3>\u0643\u064a\u0641\u064a\u0629 \u0627\u0633\u062a\u062e\u062f\u0627\u0645 \u0647\u0630\u0627 \u0627\u0644\u063a\u0631\u0627\u0621 \u0627\u0644\u0647\u0648\u0627\u0626\u064a\u061f<\/h3>\n<\/div>\n<div><\/div>\n<div>1. \u064a\u062a\u0643\u0648\u0646 \u0647\u0630\u0627 \u0627\u0644\u0635\u0645\u063a \u0645\u0646 \u0645\u0643\u0648\u0646\u064a\u0646\u060c \u0644\u0630\u0627 \u0633\u062a\u062d\u062a\u0627\u062c \u0625\u0644\u0649 \u062e\u0644\u0637 \u0627\u0644\u0642\u0627\u0639\u062f\u0629 \u0648\u0627\u0644\u0645\u0635\u0644\u0628. \u0627\u0644\u0646\u0633\u0628\u0629 \u0647\u064a 4%\u060c \u0644\u0630\u0627 \u0633\u062a\u062d\u062a\u0627\u062c \u0625\u0644\u0649 \u062f\u0645\u062c 4 \u0645\u0644 \u0645\u0646 \u0627\u0644\u0645\u0627\u062f\u0629 \u0627\u0644\u0645\u0642\u0633\u064a\u0629 \u0641\u064a 100 \u0645\u0644 \u0645\u0646 \u0627\u0644\u0642\u0627\u0639\u062f\u0629\u060c \u062b\u0645 \u062a\u062e\u0644\u0637 \u062c\u064a\u062f\u064b\u0627.<\/div>\n<div>2. \u0642\u0645 \u0628\u0644\u0635\u0642 \u0627\u0644\u0633\u0637\u062d\u064a\u0646 \u0628\u0627\u0644\u062a\u0633\u0627\u0648\u064a \u0628\u0627\u0633\u062a\u062e\u062f\u0627\u0645 \u0627\u0644\u0641\u0631\u0634\u0627\u0629.<\/div>\n<div>3. \u0627\u062a\u0631\u0643\u0647\u0627 \u0644\u062a\u062c\u0641 \u0644\u0645\u062f\u0629 5 \u0625\u0644\u0649 10 \u062f\u0642\u0627\u0626\u0642 \u062d\u062a\u0649 \u064a\u0628\u062f\u0623 \u0627\u0644\u063a\u0631\u0627\u0621 \u0641\u064a \u0627\u0644\u0641\u0631\u0643<\/div>\n<div>4. \u0636\u0639 \u0637\u0628\u0642\u0629 \u062b\u0627\u0646\u064a\u0629 \u0645\u0646 \u0627\u0644\u063a\u0631\u0627\u0621\u060c \u0648\u0627\u062a\u0631\u0643\u0647\u0627 \u062a\u062c\u0641 \u0644\u0645\u062f\u0629 10 \u062f\u0642\u0627\u0626\u0642 \u0623\u062e\u0631\u0649 \u062d\u062a\u0649 \u062a\u0644\u062a\u0635\u0642 \u0627\u0644\u0644\u062b\u0629 \u0645\u0631\u0629 \u0623\u062e\u0631\u0649.<\/div>\n<div>5. \u0636\u0639\u064a \u0627\u0644\u0642\u0637\u0639\u062a\u064a\u0646 \u0627\u0644\u0645\u0631\u0627\u062f \u0644\u0635\u0642\u0647\u0645\u0627 \u0641\u0648\u0642 \u0628\u0639\u0636\u0647\u0645\u0627 \u0627\u0644\u0628\u0639\u0636 \u0648\u0627\u0636\u063a\u0637\u064a \u0628\u0642\u0648\u0629.<\/div>\n<div><\/div>\n<div>\u064a\u062a\u0645 \u062a\u062d\u0642\u064a\u0642 \u0627\u0644\u0623\u062f\u0627\u0621 \u0627\u0644\u0646\u0647\u0627\u0626\u064a \u0628\u0639\u062f 48 \u0633\u0627\u0639\u0629 \u0645\u0646 \u0627\u0644\u062a\u0631\u0627\u0628\u0637\u060c \u0644\u0630\u0627 \u0627\u062a\u0631\u0643 \u0627\u0644\u062f\u0639\u0645 \u064a\u0631\u062a\u0627\u062d \u0644\u0644\u0648\u0642\u062a \u0627\u0644\u0644\u0627\u0632\u0645.<\/div>","protected":false},"excerpt":{"rendered":"<p>Cette colle sp\u00e9cialement con\u00e7ue pour les pneumatiques sera votre meilleure alli\u00e9e pour toutes vos r\u00e9parations sur PVC. Gr\u00e2ce \u00e0 sa composition polyur\u00e9thane, elle poss\u00e8de une excellente accroche pour une durabilit\u00e9 augment\u00e9e. Elle poss\u00e8de \u00e9galement une tr\u00e8s bonne tenue \u00e0 la chaleur ainsi qu&rsquo;\u00e0 l&rsquo;hydrolyse. Contenance : 250 ml et 750 ml Comment utiliser cette colle [&hellip;]<\/p>","protected":false},"featured_media":5439,"comment_status":"open","ping_status":"closed","template":"","meta":{"_uf_show_specific_survey":0,"_uf_disable_surveys":false},"product_brand":[],"product_cat":[163,216],"product_tag":[],"class_list":{"0":"post-5436","1":"product","2":"type-product","3":"status-publish","4":"has-post-thumbnail","6":"product_cat-accastillage","7":"product_cat-produits-dentretien","9":"first","10":"instock","11":"shipping-taxable","12":"purchasable","13":"product-type-variable"},"aioseo_notices":[],"_links":{"self":[{"href":"https:\/\/dsmarinealgerie.com\/ar\/wp-json\/wp\/v2\/product\/5436","targetHints":{"allow":["GET"]}}],"collection":[{"href":"https:\/\/dsmarinealgerie.com\/ar\/wp-json\/wp\/v2\/product"}],"about":[{"href":"https:\/\/dsmarinealgerie.com\/ar\/wp-json\/wp\/v2\/types\/product"}],"replies":[{"embeddable":true,"href":"https:\/\/dsmarinealgerie.com\/ar\/wp-json\/wp\/v2\/comments?post=5436"}],"wp:featuredmedia":[{"embeddable":true,"href":"https:\/\/dsmarinealgerie.com\/ar\/wp-json\/wp\/v2\/media\/5439"}],"wp:attachment":[{"href":"https:\/\/dsmarinealgerie.com\/ar\/wp-json\/wp\/v2\/media?parent=5436"}],"wp:term":[{"taxonomy":"product_brand","embeddable":true,"href":"https:\/\/dsmarinealgerie.com\/ar\/wp-json\/wp\/v2\/product_brand?post=5436"},{"taxonomy":"product_cat","embeddable":true,"href":"https:\/\/dsmarinealgerie.com\/ar\/wp-json\/wp\/v2\/product_cat?post=5436"},{"taxonomy":"product_tag","embeddable":true,"href":"https:\/\/dsmarinealgerie.com\/ar\/wp-json\/wp\/v2\/product_tag?post=5436"}],"curies":[{"name":"wp","href":"https:\/\/api.w.org\/{rel}","templated":true}]}}