{"id":5514,"date":"2023-09-20T15:48:04","date_gmt":"2023-09-20T15:48:04","guid":{"rendered":"https:\/\/dsmarinealgerie.com\/?post_type=product&#038;p=5514"},"modified":"2024-01-03T09:46:54","modified_gmt":"2024-01-03T09:46:54","slug":"bimini-3-bras-185mm-blanc","status":"publish","type":"product","link":"https:\/\/dsmarinealgerie.com\/ar\/shop\/accastillage\/bimini-et-roll-bar\/bimini-3-bras-185mm-blanc\/","title":{"rendered":"\u0628\u064a\u0645\u064a\u0646\u064a 3 \u0623\u0630\u0631\u0639 \u0623\u0644\u0648\u0645\u0646\u064a\u0648\u0645 185 \u0633\u0645 \u0623\u0628\u064a\u0636"},"content":{"rendered":"<p>\u0645\u0638\u0644\u0629 \u0642\u0627\u0631\u0628 \u0630\u0627\u062a 3 \u0623\u0630\u0631\u0639<\/p>\n<p>\u0627\u0644\u0645\u0648\u0627\u062f: \u0623\u0646\u0628\u0648\u0628 \u0623\u0644\u0648\u0645\u0646\u064a\u0648\u0645 22 \u0645\u0645.<\/p>\n<p>\u0646\u0633\u064a\u062c \u0627\u0644\u0645\u0638\u0644\u0629: \u0642\u0645\u0627\u0634 \u0623\u0643\u0633\u0641\u0648\u0631\u062f \u0645\u0642\u0627\u0648\u0645 \u0644\u0644\u0645\u0627\u0621<\/p>\n<p>\u0627\u0644\u0639\u0631\u0636 185 \u0633\u0645<\/p>\n<p>\u0627\u0644\u0637\u0648\u0644 180 \u0633\u0645<\/p>\n<p>\u0627\u0644\u0627\u0631\u062a\u0641\u0627\u0639 110 \u0633\u0645<\/p>\n<p>\u0644\u0648\u0646 \u0627\u0644\u0642\u0645\u0627\u0634 \u0623\u0628\u064a\u0636.<\/p>","protected":false},"excerpt":{"rendered":"<p>Auvent \u00e0 3 bras pour bateau Mat\u00e9riau : tuyau en aluminium de 22 mm. Tissu d&rsquo;auvent : tissu Oxford imperm\u00e9able Largeur 185 cm Longueur 180 cm Hauteur 110 cm Couleur du tissu blanc.<\/p>","protected":false},"featured_media":5512,"comment_status":"open","ping_status":"closed","template":"","meta":{"_uf_show_specific_survey":0,"_uf_disable_surveys":false},"product_brand":[],"product_cat":[163,614],"product_tag":[],"class_list":{"0":"post-5514","1":"product","2":"type-product","3":"status-publish","4":"has-post-thumbnail","6":"product_cat-accastillage","7":"product_cat-bimini-et-roll-bar","9":"first","10":"instock","11":"shipping-taxable","12":"purchasable","13":"product-type-simple"},"aioseo_notices":[],"_links":{"self":[{"href":"https:\/\/dsmarinealgerie.com\/ar\/wp-json\/wp\/v2\/product\/5514","targetHints":{"allow":["GET"]}}],"collection":[{"href":"https:\/\/dsmarinealgerie.com\/ar\/wp-json\/wp\/v2\/product"}],"about":[{"href":"https:\/\/dsmarinealgerie.com\/ar\/wp-json\/wp\/v2\/types\/product"}],"replies":[{"embeddable":true,"href":"https:\/\/dsmarinealgerie.com\/ar\/wp-json\/wp\/v2\/comments?post=5514"}],"wp:featuredmedia":[{"embeddable":true,"href":"https:\/\/dsmarinealgerie.com\/ar\/wp-json\/wp\/v2\/media\/5512"}],"wp:attachment":[{"href":"https:\/\/dsmarinealgerie.com\/ar\/wp-json\/wp\/v2\/media?parent=5514"}],"wp:term":[{"taxonomy":"product_brand","embeddable":true,"href":"https:\/\/dsmarinealgerie.com\/ar\/wp-json\/wp\/v2\/product_brand?post=5514"},{"taxonomy":"product_cat","embeddable":true,"href":"https:\/\/dsmarinealgerie.com\/ar\/wp-json\/wp\/v2\/product_cat?post=5514"},{"taxonomy":"product_tag","embeddable":true,"href":"https:\/\/dsmarinealgerie.com\/ar\/wp-json\/wp\/v2\/product_tag?post=5514"}],"curies":[{"name":"wp","href":"https:\/\/api.w.org\/{rel}","templated":true}]}}