{"id":5521,"date":"2023-09-21T10:33:29","date_gmt":"2023-09-21T10:33:29","guid":{"rendered":"https:\/\/dsmarinealgerie.com\/?post_type=product&#038;p=5521"},"modified":"2024-03-13T11:16:51","modified_gmt":"2024-03-13T11:16:51","slug":"capteur-5-trous-150mm-avec-jauge","status":"publish","type":"product","link":"https:\/\/dsmarinealgerie.com\/ar\/shop\/accastillage\/electrique\/capteur-5-trous-150mm-avec-jauge\/","title":{"rendered":"\u0645\u0633\u062a\u0634\u0639\u0631 5 \u0641\u062a\u062d\u0627\u062a 150 \u0645\u0644\u0645 \u0645\u0639 \u0645\u0642\u064a\u0627\u0633"},"content":{"rendered":"<ul class=\"a-unordered-list a-vertical a-spacing-mini\">\n<li>\u0645\u0633\u062a\u0634\u0639\u0631 5 \u0641\u062a\u062d\u0627\u062a 150 \u0645\u0645 \u0645\u0639 \u0645\u0642\u064a\u0627\u0633 \u0627\u0644\u0648\u0642\u0648\u062f\u060c \u0646\u0627\u064a\u0644\u0648\u0646\u060c \u0625\u0634\u0627\u0631\u0629 \u0627\u0644\u0625\u062f\u062e\u0627\u0644 240-33 \u0623\u0648\u0645<\/li>\n<li class=\"a-spacing-mini\"><span class=\"a-list-item\">\u0627\u0644\u0645\u0633\u062a\u0634\u0639\u0631 \u0645\u0635\u0646\u0648\u0639 \u0645\u0646 \u0627\u0644\u0641\u0648\u0644\u0627\u0630 \u0627\u0644\u0645\u0642\u0627\u0648\u0645 \u0644\u0644\u0635\u062f\u0623 316\u060c \u0645\u0642\u0627\u0648\u0645 \u0644\u0644\u062a\u0622\u0643\u0644\u060c \u063a\u064a\u0631 \u0642\u0627\u0628\u0644 \u0644\u0644\u0635\u062f\u0623\u060c \u0645\u0636\u0627\u062f \u0644\u0644\u0627\u0647\u062a\u0632\u0627\u0632\u060c \u0645\u0636\u0627\u062f \u0644\u0644\u0627\u0646\u0641\u062c\u0627\u0631. \u0625\u0634\u0627\u0631\u0629 \u0625\u062e\u0631\u0627\u062c \u0645\u0633\u062a\u0642\u0631\u0629 \u0648\u0642\u064a\u0627\u0633 \u062f\u0642\u064a\u0642.<\/span><\/li>\n<\/ul>","protected":false},"excerpt":{"rendered":"<p>Capteur 5 trous 150mm avec jauge de carburant, Nylon, signal d&rsquo;entr\u00e9e 240-33 OHM Le capteur est fabriqu\u00e9 en acier inoxydable 316, r\u00e9sistant \u00e0 la corrosion, ne rouille pas, anti-vibration, anti-explosion. Signal de sortie stable et mesure pr\u00e9cise.<\/p>","protected":false},"featured_media":5551,"comment_status":"open","ping_status":"closed","template":"","meta":{"_uf_show_specific_survey":0,"_uf_disable_surveys":false},"product_brand":[],"product_cat":[167,163],"product_tag":[],"class_list":{"0":"post-5521","1":"product","2":"type-product","3":"status-publish","4":"has-post-thumbnail","6":"product_cat-electrique","7":"product_cat-accastillage","9":"first","10":"instock","11":"shipping-taxable","12":"purchasable","13":"product-type-simple"},"aioseo_notices":[],"_links":{"self":[{"href":"https:\/\/dsmarinealgerie.com\/ar\/wp-json\/wp\/v2\/product\/5521","targetHints":{"allow":["GET"]}}],"collection":[{"href":"https:\/\/dsmarinealgerie.com\/ar\/wp-json\/wp\/v2\/product"}],"about":[{"href":"https:\/\/dsmarinealgerie.com\/ar\/wp-json\/wp\/v2\/types\/product"}],"replies":[{"embeddable":true,"href":"https:\/\/dsmarinealgerie.com\/ar\/wp-json\/wp\/v2\/comments?post=5521"}],"wp:featuredmedia":[{"embeddable":true,"href":"https:\/\/dsmarinealgerie.com\/ar\/wp-json\/wp\/v2\/media\/5551"}],"wp:attachment":[{"href":"https:\/\/dsmarinealgerie.com\/ar\/wp-json\/wp\/v2\/media?parent=5521"}],"wp:term":[{"taxonomy":"product_brand","embeddable":true,"href":"https:\/\/dsmarinealgerie.com\/ar\/wp-json\/wp\/v2\/product_brand?post=5521"},{"taxonomy":"product_cat","embeddable":true,"href":"https:\/\/dsmarinealgerie.com\/ar\/wp-json\/wp\/v2\/product_cat?post=5521"},{"taxonomy":"product_tag","embeddable":true,"href":"https:\/\/dsmarinealgerie.com\/ar\/wp-json\/wp\/v2\/product_tag?post=5521"}],"curies":[{"name":"wp","href":"https:\/\/api.w.org\/{rel}","templated":true}]}}