{"id":5619,"date":"2023-10-02T11:29:00","date_gmt":"2023-10-02T11:29:00","guid":{"rendered":"https:\/\/dsmarinealgerie.com\/?post_type=product&#038;p=5619"},"modified":"2025-07-23T10:44:31","modified_gmt":"2025-07-23T10:44:31","slug":"grappin-de-sable-ancre-plate","status":"publish","type":"product","link":"https:\/\/dsmarinealgerie.com\/ar\/shop\/accastillage\/cordage-mouillage\/grappin-de-sable-ancre-plate\/","title":{"rendered":"\u062e\u0637\u0627\u0641 \u0627\u0644\u0631\u0645\u0644 \/ \u0645\u0631\u0633\u0627\u0629 \u0645\u0633\u0637\u062d\u0629"},"content":{"rendered":"<p><strong>\u0645\u0631\u0633\u0627\u0629 \u0645\u0633\u0637\u062d\u0629 \u0645\u0646 \u0627\u0644\u0641\u0648\u0644\u0627\u0630 \u0627\u0644\u0645\u062c\u0644\u0641\u0646 \u0644\u062a\u062b\u0628\u064a\u062a \u0642\u0627\u0631\u0628\u0643 \u0639\u0644\u0649 \u0642\u064a\u0639\u0627\u0646 \u0631\u0645\u0644\u064a\u0629 \u0623\u0648 \u0645\u0648\u062d\u0644\u0629<\/strong><\/p>\n<p><strong>\u064a\u0633\u0645\u062d \u0627\u0644\u0643\u0639\u0628 \u0627\u0644\u062a\u0645\u0647\u064a\u062f\u064a \u0644\u0644\u0645\u0631\u0633\u0627\u0629 \u0627\u0644\u0645\u0633\u0637\u062d\u0629 \u0628\u0627\u0644\u0625\u0645\u0633\u0627\u0643 \u0628\u0633\u0631\u0639\u0629 \u0648\u0627\u0644\u063a\u0631\u0642 \u062c\u064a\u062f\u064b\u0627. \u062a\u0633\u0645\u062d \u0623\u0646\u0648\u0641\u0647\u0627 \u0627\u0644\u062f\u0642\u064a\u0642\u0629 \u0628\u0627\u062e\u062a\u0631\u0627\u0642 \u062c\u064a\u062f \u0648\u0642\u0628\u0636\u0629 \u0633\u0631\u064a\u0639\u0629 \u062d\u062a\u0649 \u0639\u0644\u0649 \u0627\u0644\u0623\u0631\u0636\u064a\u0627\u062a \u0627\u0644\u0635\u0644\u0628\u0629.<\/strong><\/p>\n<p><strong>\u062a\u0648\u062c\u062f \u0647\u0630\u0647 \u0627\u0644\u0645\u0631\u0633\u0627\u0629 \u0627\u0644\u0645\u0633\u0637\u062d\u0629 \u0628\u0623\u0648\u0632\u0627\u0646 \u0645\u062e\u062a\u0644\u0641\u0629 \u0644\u0644\u062a\u0643\u064a\u0641 \u062d\u0633\u0628 \u062d\u062c\u0645 \u0627\u0644\u0642\u0627\u0631\u0628 \u0627\u0644\u062e\u0627\u0635 \u0628\u0643 \u0648\u0627\u0633\u062a\u062e\u062f\u0627\u0645\u0647\u00a0<\/strong>: <strong>2\u060c 4\u060c 6\u060c 8\u060c 10\u060c 12\u060c 15 \u0648 20 \u0643\u062c\u0645.<\/strong><\/p>\n<p><a href=\"https:\/\/dsmarinealgerie.com\/wp-content\/uploads\/ancre-plate-green-10-kg.jpg\"><img loading=\"lazy\" decoding=\"async\" class=\"alignnone size-medium wp-image-5634\" src=\"https:\/\/dsmarinealgerie.com\/wp-content\/uploads\/ancre-plate-green-10-kg-400x400.jpg\" alt=\"\" width=\"400\" height=\"400\" \/><\/a><\/p>\n<p>&nbsp;<\/p>","protected":false},"excerpt":{"rendered":"<p>Ancre plate\u00a0en acier galvanis\u00e9 pour le mouillage de votre bateau sur fonds sableux ou vaseux Le talon d&rsquo;amor\u00e7age permet \u00e0 l&rsquo;ancre plate une prise rapide et un bon enfouissement. Ses becs fins permettent une bonne p\u00e9n\u00e9tration et un accrochage rapide m\u00eame dans les sols durs Cette ancre plate existe en poids diff\u00e9rents \u00e0 adapter selon [&hellip;]<\/p>","protected":false},"featured_media":5633,"comment_status":"open","ping_status":"closed","template":"","meta":{"_uf_show_specific_survey":0,"_uf_disable_surveys":false},"product_brand":[],"product_cat":[169],"product_tag":[],"class_list":{"0":"post-5619","1":"product","2":"type-product","3":"status-publish","4":"has-post-thumbnail","6":"product_cat-cordage-mouillage","8":"first","9":"outofstock","10":"shipping-taxable","11":"purchasable","12":"product-type-variable"},"aioseo_notices":[],"_links":{"self":[{"href":"https:\/\/dsmarinealgerie.com\/ar\/wp-json\/wp\/v2\/product\/5619","targetHints":{"allow":["GET"]}}],"collection":[{"href":"https:\/\/dsmarinealgerie.com\/ar\/wp-json\/wp\/v2\/product"}],"about":[{"href":"https:\/\/dsmarinealgerie.com\/ar\/wp-json\/wp\/v2\/types\/product"}],"replies":[{"embeddable":true,"href":"https:\/\/dsmarinealgerie.com\/ar\/wp-json\/wp\/v2\/comments?post=5619"}],"wp:featuredmedia":[{"embeddable":true,"href":"https:\/\/dsmarinealgerie.com\/ar\/wp-json\/wp\/v2\/media\/5633"}],"wp:attachment":[{"href":"https:\/\/dsmarinealgerie.com\/ar\/wp-json\/wp\/v2\/media?parent=5619"}],"wp:term":[{"taxonomy":"product_brand","embeddable":true,"href":"https:\/\/dsmarinealgerie.com\/ar\/wp-json\/wp\/v2\/product_brand?post=5619"},{"taxonomy":"product_cat","embeddable":true,"href":"https:\/\/dsmarinealgerie.com\/ar\/wp-json\/wp\/v2\/product_cat?post=5619"},{"taxonomy":"product_tag","embeddable":true,"href":"https:\/\/dsmarinealgerie.com\/ar\/wp-json\/wp\/v2\/product_tag?post=5619"}],"curies":[{"name":"wp","href":"https:\/\/api.w.org\/{rel}","templated":true}]}}