{"id":5654,"date":"2023-10-02T13:05:27","date_gmt":"2023-10-02T13:05:27","guid":{"rendered":"https:\/\/dsmarinealgerie.com\/?post_type=product&#038;p=5654"},"modified":"2025-11-06T08:21:02","modified_gmt":"2025-11-06T08:21:02","slug":"grappin-delta","status":"publish","type":"product","link":"https:\/\/dsmarinealgerie.com\/ar\/shop\/accastillage\/cordage-mouillage\/grappin-delta\/","title":{"rendered":"\u062f\u0644\u062a\u0627 \u062a\u0635\u0627\u0631\u0639"},"content":{"rendered":"<p><strong>\u0645\u0631\u0633\u0627\u0629 \u062f\u0644\u062a\u0627 \u0645\u0646 \u0627\u0644\u0641\u0648\u0644\u0627\u0630 \u0627\u0644\u0645\u062c\u0644\u0641\u0646.<br \/>\n\u0645\u0631\u0633\u0627\u0629 \u0627\u0644\u0645\u062d\u0631\u0627\u062b \u0641\u0627\u0626\u0642\u0629 \u0627\u0644\u0627\u0644\u062a\u0635\u0627\u0642<\/strong><\/p>\n<p>\u0648\u062a\u062a\u0645\u062b\u0644 \u0646\u0642\u0627\u0637 \u0642\u0648\u062a\u0647\u0627 \u0641\u064a \u0642\u0628\u0636\u062a\u0647\u0627 \u0627\u0644\u0627\u0633\u062a\u062b\u0646\u0627\u0626\u064a\u0629 \u0639\u0644\u0649 \u0623\u064a \u0646\u0648\u0639 \u0645\u0646 \u0627\u0644\u0642\u0627\u0639 (\u062d\u062a\u0649 \u0627\u0644\u0623\u0639\u0634\u0627\u0628 \u0627\u0644\u0628\u062d\u0631\u064a\u0629)\u060c \u0648\u0645\u0646\u0627\u0648\u0631\u0627\u062a \u0627\u0644\u062a\u062b\u0628\u064a\u062a \u0627\u0644\u0633\u0647\u0644\u0629 (\u062e\u0627\u0635\u0629 \u0639\u0646\u062f\u0645\u0627 \u064a\u0645\u064a\u0644 \u0627\u0644\u0642\u0627\u0631\u0628\u060c \u0639\u0646\u062f \u0627\u0644\u062f\u0648\u0631\u0627\u0646\u060c \u0625\u0644\u0649 \u0631\u0641\u0639 \u0627\u0644\u0645\u0631\u0633\u0627\u0629) \u0648\u0642\u062f\u0631\u062a\u0647 \u0627\u0644\u062d\u0642\u064a\u0642\u064a\u0629 \u0639\u0644\u0649 \u062a\u0639\u0632\u064a\u0632 \u0627\u0644\u0635\u064a\u062f \u0639\u0646\u062f\u0645\u0627 \u062a\u0634\u062a\u062f \u0627\u0644\u0631\u064a\u0627\u062d.<br \/>\n\u0623\u0638\u0647\u0631\u062a \u0627\u0644\u0627\u062e\u062a\u0628\u0627\u0631\u0627\u062a \u0627\u0644\u062a\u064a \u062a\u0645 \u0625\u062c\u0631\u0627\u0624\u0647\u0627 \u0641\u064a \u0639\u062f\u0629 \u0645\u0646\u0627\u0633\u0628\u0627\u062a \u0623\u0646 \u0645\u0631\u0627\u0633\u064a \u062f\u0644\u062a\u0627 \u0647\u064a \u0627\u0644\u0623\u0641\u0636\u0644 \u0645\u0646 \u062d\u064a\u062b \u0627\u0644\u062a\u062b\u0628\u064a\u062a \u0627\u0644\u0633\u0641\u0644\u064a \u0628\u0627\u0644\u0646\u0633\u0628\u0629 \u0644\u0644\u0648\u0632\u0646.<\/p>","protected":false},"excerpt":{"rendered":"<p>Ancre Delta en acier galvanis\u00e9. Ancre\u00a0soc de\u00a0charrue super-adh\u00e9rente Ses points forts sont l&rsquo;exceptionnelle prise sur n&rsquo;importe quel type de fond (m\u00eame les algues), les manoeuvres de mouillage facilit\u00e9es (notamment lorsque le bateau, en tournant, a tendance \u00e0 lever l&rsquo;ancre) et sa vraie capacit\u00e9 \u00e0 renforcer la prise quand le vent augmente. Des tests effectu\u00e9s \u00e0 [&hellip;]<\/p>","protected":false},"featured_media":5662,"comment_status":"open","ping_status":"closed","template":"","meta":{"_uf_show_specific_survey":0,"_uf_disable_surveys":false},"product_brand":[],"product_cat":[163,169],"product_tag":[],"class_list":{"0":"post-5654","1":"product","2":"type-product","3":"status-publish","4":"has-post-thumbnail","6":"product_cat-accastillage","7":"product_cat-cordage-mouillage","9":"first","10":"outofstock","11":"shipping-taxable","12":"purchasable","13":"product-type-variable"},"aioseo_notices":[],"_links":{"self":[{"href":"https:\/\/dsmarinealgerie.com\/ar\/wp-json\/wp\/v2\/product\/5654","targetHints":{"allow":["GET"]}}],"collection":[{"href":"https:\/\/dsmarinealgerie.com\/ar\/wp-json\/wp\/v2\/product"}],"about":[{"href":"https:\/\/dsmarinealgerie.com\/ar\/wp-json\/wp\/v2\/types\/product"}],"replies":[{"embeddable":true,"href":"https:\/\/dsmarinealgerie.com\/ar\/wp-json\/wp\/v2\/comments?post=5654"}],"wp:featuredmedia":[{"embeddable":true,"href":"https:\/\/dsmarinealgerie.com\/ar\/wp-json\/wp\/v2\/media\/5662"}],"wp:attachment":[{"href":"https:\/\/dsmarinealgerie.com\/ar\/wp-json\/wp\/v2\/media?parent=5654"}],"wp:term":[{"taxonomy":"product_brand","embeddable":true,"href":"https:\/\/dsmarinealgerie.com\/ar\/wp-json\/wp\/v2\/product_brand?post=5654"},{"taxonomy":"product_cat","embeddable":true,"href":"https:\/\/dsmarinealgerie.com\/ar\/wp-json\/wp\/v2\/product_cat?post=5654"},{"taxonomy":"product_tag","embeddable":true,"href":"https:\/\/dsmarinealgerie.com\/ar\/wp-json\/wp\/v2\/product_tag?post=5654"}],"curies":[{"name":"wp","href":"https:\/\/api.w.org\/{rel}","templated":true}]}}