{"id":5739,"date":"2023-10-04T09:47:15","date_gmt":"2023-10-04T09:47:15","guid":{"rendered":"https:\/\/dsmarinealgerie.com\/?post_type=product&#038;p=5739"},"modified":"2026-03-25T15:16:07","modified_gmt":"2026-03-25T15:16:07","slug":"palmes-beuchat-mundial-one-mini-50","status":"publish","type":"product","link":"https:\/\/dsmarinealgerie.com\/ar\/shop\/chasse-sous-marine\/palmes\/palmes-beuchat-mundial-one-mini-50\/","title":{"rendered":"Beuchat MUNDIAL ONE Mini-50 \u0632\u0639\u0627\u0646\u0641"},"content":{"rendered":"<p>\u0632\u0639\u0627\u0646\u0641 Beuchat MUNDIAL ONE Mini-50 \u0645\u062a\u0648\u0641\u0631\u0629 \u0644\u062f\u0649 Ds Marine Algeria<\/p>\n<p>\u062a\u0639\u062f\u062f \u0627\u0644\u0627\u0633\u062a\u062e\u062f\u0627\u0645\u0627\u062a \u0641\u064a \u062c\u0645\u064a\u0639 \u0627\u0644\u0638\u0631\u0648\u0641: \u0632\u0639\u0627\u0646\u0641 \u0645\u062a\u0648\u0627\u0641\u0642\u0629 \u0645\u0639 \u0627\u0644\u063a\u0648\u0635 \u0627\u0644\u062d\u0631 \u0648\u0635\u064a\u062f \u0627\u0644\u0623\u0633\u0645\u0627\u0643 \u0628\u0627\u0644\u0631\u0645\u062d \u0648\u0627\u0644\u063a\u0637\u0633!<\/p>\n<p>\u2013 \u0634\u0628\u0634\u0628 Beuchat \u0627\u0644\u0630\u064a \u064a\u062a\u0645\u064a\u0632 \u0628\u0631\u0627\u062d\u062a\u0647 \u0627\u0644\u0645\u0639\u062a\u0631\u0641 \u0628\u0647\u0627 \u0641\u064a \u062c\u0645\u064a\u0639 \u0623\u0646\u062d\u0627\u0621 \u0627\u0644\u0639\u0627\u0644\u0645.<\/p>\n<p>- \u062c\u0646\u0627\u062d \u062b\u0627\u0628\u062a<\/p>\n<p>\u2013 \u0627\u0644\u0632\u0639\u0627\u0646\u0641 \u0645\u062f\u0645\u062c\u0629 \u0641\u064a \u0646\u0647\u0627\u064a\u0627\u062a \u0627\u0644\u0642\u0631\u0648\u0646 \u0648\u0639\u0644\u0649 \u0627\u0644\u0623\u0634\u0631\u0639\u0629<\/p>\n<p>\u2013 \u0645\u064a\u0632\u0627\u0646 \u0627\u0644\u0632\u0639\u0627\u0646\u0641 \u0639\u0644\u0649 \u0634\u0643\u0644 \u0630\u064a\u0644 \u0627\u0644\u0633\u0645\u0643\u0629 \u0644\u062a\u0648\u062c\u064a\u0647 \u0623\u0641\u0636\u0644<\/p>\n<p>\u2013 \u062a\u0635\u0645\u064a\u0645 \u0627\u0644\u0628\u0637\u0627\u0646\u0629 \u0645\u0639 \u062a\u0639\u0632\u064a\u0632 \u0639\u0644\u0649 \u0645\u0634\u0637 \u0627\u0644\u0642\u062f\u0645 \u0644\u0631\u0627\u062d\u0629 \u0643\u0628\u064a\u0631\u0629 \u0641\u064a \u0627\u0644\u0632\u0639\u0627\u0646\u0641<\/p>\n<p>\u2013 \u0637\u0648\u0644 \u0627\u0644\u0634\u0631\u0627\u0639 : 50 \u0633\u0645<\/p>","protected":false},"excerpt":{"rendered":"<p>Palmes Beuchat MUNDIAL ONE Mini-50 Disponible chez Ds Marine Alg\u00e9rie Polyvalence \u00e0 toutes \u00e9preuves : Palmes chaussantes compatibles pour la pratique de l&rsquo;apn\u00e9e, la chasse sous-marine et le snorkeling ! &#8211; Chausson Beuchat dont le confort est mondialement reconnu. &#8211; Voilure fixe &#8211; D\u00e9rives int\u00e9gr\u00e9es aux extr\u00e9mit\u00e9s des cornes et sur les voilures &#8211; Echappement [&hellip;]<\/p>","protected":false},"featured_media":5745,"comment_status":"open","ping_status":"closed","template":"","meta":{"_uf_show_specific_survey":0,"_uf_disable_surveys":false},"product_brand":[],"product_cat":[173,165],"product_tag":[],"class_list":{"0":"post-5739","1":"product","2":"type-product","3":"status-publish","4":"has-post-thumbnail","6":"product_cat-palmes","7":"product_cat-chasse-sous-marine","9":"first","10":"instock","11":"shipping-taxable","12":"purchasable","13":"product-type-variable"},"aioseo_notices":[],"_links":{"self":[{"href":"https:\/\/dsmarinealgerie.com\/ar\/wp-json\/wp\/v2\/product\/5739","targetHints":{"allow":["GET"]}}],"collection":[{"href":"https:\/\/dsmarinealgerie.com\/ar\/wp-json\/wp\/v2\/product"}],"about":[{"href":"https:\/\/dsmarinealgerie.com\/ar\/wp-json\/wp\/v2\/types\/product"}],"replies":[{"embeddable":true,"href":"https:\/\/dsmarinealgerie.com\/ar\/wp-json\/wp\/v2\/comments?post=5739"}],"wp:featuredmedia":[{"embeddable":true,"href":"https:\/\/dsmarinealgerie.com\/ar\/wp-json\/wp\/v2\/media\/5745"}],"wp:attachment":[{"href":"https:\/\/dsmarinealgerie.com\/ar\/wp-json\/wp\/v2\/media?parent=5739"}],"wp:term":[{"taxonomy":"product_brand","embeddable":true,"href":"https:\/\/dsmarinealgerie.com\/ar\/wp-json\/wp\/v2\/product_brand?post=5739"},{"taxonomy":"product_cat","embeddable":true,"href":"https:\/\/dsmarinealgerie.com\/ar\/wp-json\/wp\/v2\/product_cat?post=5739"},{"taxonomy":"product_tag","embeddable":true,"href":"https:\/\/dsmarinealgerie.com\/ar\/wp-json\/wp\/v2\/product_tag?post=5739"}],"curies":[{"name":"wp","href":"https:\/\/api.w.org\/{rel}","templated":true}]}}