{"id":5764,"date":"2023-10-04T10:37:39","date_gmt":"2023-10-04T10:37:39","guid":{"rendered":"https:\/\/dsmarinealgerie.com\/?post_type=product&#038;p=5764"},"modified":"2026-01-06T14:31:47","modified_gmt":"2026-01-06T14:31:47","slug":"boatguard-100-antifouling-750ml-couleur-navy","status":"publish","type":"product","link":"https:\/\/dsmarinealgerie.com\/ar\/shop\/accastillage\/produits-dentretien\/boatguard-100-antifouling-750ml-couleur-navy\/","title":{"rendered":"\u0637\u0644\u0627\u0621 \u0627\u0644\u0642\u0648\u0627\u0631\u0628 \u0627\u0644\u062f\u0648\u0644\u064a 100 \u0627\u0644\u0645\u0636\u0627\u062f \u0644\u0644\u062d\u0634\u0641 \u062a\u062d\u062a \u0627\u0644\u0645\u0627\u0621"},"content":{"rendered":"<p>Boatguard 100 \u0647\u0648 \u0645\u0636\u0627\u062f \u0644\u0644\u062d\u0634\u0641 \u0627\u0642\u062a\u0635\u0627\u062f\u064a \u062a\u0645 \u062a\u0635\u0645\u064a\u0645\u0647 \u0644\u0635\u062f \u062c\u0645\u064a\u0639 \u0623\u0646\u0648\u0627\u0639 \u0627\u0644\u0643\u0627\u0626\u0646\u0627\u062a \u0627\u0644\u062d\u0634\u0641\u0629. \u0633\u0631\u064a\u0639 \u0648\u0633\u0647\u0644 \u0627\u0644\u0627\u0633\u062a\u062e\u062f\u0627\u0645\u060c \u064a\u0648\u0641\u0631 \u0647\u0630\u0627 \u0627\u0644\u0645\u0646\u062a\u062c \u062d\u0645\u0627\u064a\u0629 \u0643\u0627\u0645\u0644\u0629 \u0644\u0645\u0648\u0633\u0645 \u0643\u0627\u0645\u0644<\/p>\n<p>\u0645\u0646\u0627\u0633\u0628\u0629 \u0644\u0644\u062a\u0637\u0628\u064a\u0642\u0627\u062a \u062a\u062d\u062a \u062e\u0637 \u0627\u0644\u0645\u0627\u0621<\/p>\n<p>\u0627\u0644\u0633\u0639\u0629: 750 \u0645\u0644<\/p>\n<p>\u0627\u0644\u0645\u0638\u0647\u0631: \u0645\u0627\u062a\u064a<\/p>\n<p>\u0646\u0648\u0639 \u0645\u0627\u0646\u0639 \u0627\u0644\u062a\u0622\u0643\u0644: \u0642\u0627\u0628\u0644 \u0644\u0644\u062a\u0622\u0643\u0644 \u0648\u0634\u0628\u0647 \u0642\u0627\u0628\u0644 \u0644\u0644\u062a\u0622\u0643\u0644<\/p>\n<p>\u0623\u0646\u0648\u0627\u0639 \u0627\u0644\u0645\u064a\u0627\u0647 \u0627\u0644\u0645\u0646\u0627\u0633\u0628\u0629: \u0645\u064a\u0627\u0647 \u0627\u0644\u0628\u062d\u0631\u060c \u0627\u0644\u0645\u064a\u0627\u0647 \u0627\u0644\u0639\u0630\u0628\u0629\u060c \u0627\u0644\u0645\u064a\u0627\u0647 \u0642\u0644\u064a\u0644\u0629 \u0627\u0644\u0645\u0644\u0648\u062d\u0629<\/p>\n<p>\u0627\u0644\u062f\u0639\u0627\u0645\u0627\u062a: \u0627\u0644\u0628\u0648\u0644\u064a\u0633\u062a\u0631\u060c \u0627\u0644\u0631\u0635\u0627\u0635\u060c \u0627\u0644\u0641\u0648\u0644\u0627\u0630\u060c \u0627\u0644\u062e\u0634\u0628<\/p>","protected":false},"excerpt":{"rendered":"<p>Boatguard 100 est un antifouling \u00e9conomique formul\u00e9 pour repousser tous les types d&rsquo;organismes sources de salissures. Rapide et facile \u00e0 appliquer, ce produit fournit une protection compl\u00e8te pendant toute une saison Convient pour les applications en-dessous de la ligne de flottaison Contenance : 750ml Aspect:Mat Type d&rsquo;antifouling: Erodable, semi-\u00e9rodable Types d&rsquo;eau appropri\u00e9s :Eau de mer, [&hellip;]<\/p>","protected":false},"featured_media":5765,"comment_status":"open","ping_status":"closed","template":"","meta":{"_uf_show_specific_survey":0,"_uf_disable_surveys":false},"product_brand":[],"product_cat":[163,216],"product_tag":[],"class_list":{"0":"post-5764","1":"product","2":"type-product","3":"status-publish","4":"has-post-thumbnail","6":"product_cat-accastillage","7":"product_cat-produits-dentretien","9":"first","10":"instock","11":"shipping-taxable","12":"purchasable","13":"product-type-variable"},"aioseo_notices":[],"_links":{"self":[{"href":"https:\/\/dsmarinealgerie.com\/ar\/wp-json\/wp\/v2\/product\/5764","targetHints":{"allow":["GET"]}}],"collection":[{"href":"https:\/\/dsmarinealgerie.com\/ar\/wp-json\/wp\/v2\/product"}],"about":[{"href":"https:\/\/dsmarinealgerie.com\/ar\/wp-json\/wp\/v2\/types\/product"}],"replies":[{"embeddable":true,"href":"https:\/\/dsmarinealgerie.com\/ar\/wp-json\/wp\/v2\/comments?post=5764"}],"wp:featuredmedia":[{"embeddable":true,"href":"https:\/\/dsmarinealgerie.com\/ar\/wp-json\/wp\/v2\/media\/5765"}],"wp:attachment":[{"href":"https:\/\/dsmarinealgerie.com\/ar\/wp-json\/wp\/v2\/media?parent=5764"}],"wp:term":[{"taxonomy":"product_brand","embeddable":true,"href":"https:\/\/dsmarinealgerie.com\/ar\/wp-json\/wp\/v2\/product_brand?post=5764"},{"taxonomy":"product_cat","embeddable":true,"href":"https:\/\/dsmarinealgerie.com\/ar\/wp-json\/wp\/v2\/product_cat?post=5764"},{"taxonomy":"product_tag","embeddable":true,"href":"https:\/\/dsmarinealgerie.com\/ar\/wp-json\/wp\/v2\/product_tag?post=5764"}],"curies":[{"name":"wp","href":"https:\/\/api.w.org\/{rel}","templated":true}]}}