{"id":5767,"date":"2023-10-04T10:45:32","date_gmt":"2023-10-04T10:45:32","guid":{"rendered":"https:\/\/dsmarinealgerie.com\/?post_type=product&#038;p=5767"},"modified":"2026-01-06T14:18:22","modified_gmt":"2026-01-06T14:18:22","slug":"soromap-nettoyant-pneumatique-pvc-hypalon-500-ml","status":"publish","type":"product","link":"https:\/\/dsmarinealgerie.com\/ar\/shop\/accastillage\/produits-dentretien\/soromap-nettoyant-pneumatique-pvc-hypalon-500-ml\/","title":{"rendered":"\u0633\u0648\u0631\u0648\u0645\u0627\u0628 \u0645\u0646\u0638\u0641 \u0647\u0648\u0627\u0626\u064a PVC \u2013 \u0647\u064a\u0628\u0627\u0644\u0648\u0646 500 \u0645\u0644"},"content":{"rendered":"<p>\u064a\u0646\u0638\u0641 \u0648\u064a\u0632\u064a\u0644 \u0627\u0644\u0634\u062d\u0648\u0645 \u0648\u064a\u0633\u062a\u0639\u064a\u062f \u0645\u0638\u0647\u0631 \u0642\u0648\u0627\u0631\u0628 PVC \u0623\u0648 \u0627\u0644\u0646\u064a\u0648\u0628\u0631\u064a\u0646 \u0623\u0648 \u0627\u0644\u0647\u064a\u0628\u0627\u0644\u0648\u0646 \u0627\u0644\u062c\u062f\u064a\u062f\u0629.<\/p>\n<p>\u0642\u0627\u0628\u0644\u0629 \u0644\u0644\u062a\u062d\u0644\u0644.<\/p>","protected":false},"excerpt":{"rendered":"<p>Nettoie, d\u00e9graisse et redonne l&rsquo;aspect du neuf aux embarcations en PVC, n\u00e9opr\u00e8ne ou hypalon. Biod\u00e9gradable.<\/p>","protected":false},"featured_media":5768,"comment_status":"open","ping_status":"closed","template":"","meta":{"_uf_show_specific_survey":0,"_uf_disable_surveys":false},"product_brand":[],"product_cat":[163,216],"product_tag":[],"class_list":{"0":"post-5767","1":"product","2":"type-product","3":"status-publish","4":"has-post-thumbnail","6":"product_cat-accastillage","7":"product_cat-produits-dentretien","9":"first","10":"instock","11":"shipping-taxable","12":"purchasable","13":"product-type-simple"},"aioseo_notices":[],"_links":{"self":[{"href":"https:\/\/dsmarinealgerie.com\/ar\/wp-json\/wp\/v2\/product\/5767","targetHints":{"allow":["GET"]}}],"collection":[{"href":"https:\/\/dsmarinealgerie.com\/ar\/wp-json\/wp\/v2\/product"}],"about":[{"href":"https:\/\/dsmarinealgerie.com\/ar\/wp-json\/wp\/v2\/types\/product"}],"replies":[{"embeddable":true,"href":"https:\/\/dsmarinealgerie.com\/ar\/wp-json\/wp\/v2\/comments?post=5767"}],"wp:featuredmedia":[{"embeddable":true,"href":"https:\/\/dsmarinealgerie.com\/ar\/wp-json\/wp\/v2\/media\/5768"}],"wp:attachment":[{"href":"https:\/\/dsmarinealgerie.com\/ar\/wp-json\/wp\/v2\/media?parent=5767"}],"wp:term":[{"taxonomy":"product_brand","embeddable":true,"href":"https:\/\/dsmarinealgerie.com\/ar\/wp-json\/wp\/v2\/product_brand?post=5767"},{"taxonomy":"product_cat","embeddable":true,"href":"https:\/\/dsmarinealgerie.com\/ar\/wp-json\/wp\/v2\/product_cat?post=5767"},{"taxonomy":"product_tag","embeddable":true,"href":"https:\/\/dsmarinealgerie.com\/ar\/wp-json\/wp\/v2\/product_tag?post=5767"}],"curies":[{"name":"wp","href":"https:\/\/api.w.org\/{rel}","templated":true}]}}