{"id":5787,"date":"2023-10-04T11:57:43","date_gmt":"2023-10-04T11:57:43","guid":{"rendered":"https:\/\/dsmarinealgerie.com\/?post_type=product&#038;p=5787"},"modified":"2023-10-04T12:00:32","modified_gmt":"2023-10-04T12:00:32","slug":"charniere-moraillon-pivotant-en-acier-inoxydable-70x25mm","status":"publish","type":"product","link":"https:\/\/dsmarinealgerie.com\/ar\/shop\/accastillage\/accastillage-en-inox\/charniere-moraillon-pivotant-en-acier-inoxydable-70x25mm\/","title":{"rendered":"\u0645\u0641\u0635\u0644 \u0628\u0645\u0634\u0628\u0643 \u062f\u0648\u0627\u0631 \u0645\u0646 \u0627\u0644\u0641\u0648\u0644\u0627\u0630 \u0627\u0644\u0645\u0642\u0627\u0648\u0645 \u0644\u0644\u0635\u062f\u0623 \u0645\u0642\u0627\u0633 70 \u00d7 25 \u0645\u0645"},"content":{"rendered":"<p data-spm-anchor-id=\"a2g0o.detail.1000023.i1.4ef8iiAmiiAmUw\">\u0645\u0641\u0635\u0644\u0629 \u0628\u0645\u0634\u0628\u0643 \u062f\u0648\u0627\u0631 \u0645\u0635\u0646\u0648\u0639\u0629 \u0645\u0646 \u0627\u0644\u0641\u0648\u0644\u0627\u0630 \u0627\u0644\u0645\u0642\u0627\u0648\u0645 \u0644\u0644\u0635\u062f\u0623 \u0639\u0627\u0644\u064a \u0627\u0644\u062c\u0648\u062f\u0629\u060c \u0642\u0648\u064a\u0629 \u0648\u0645\u062a\u064a\u0646\u0629<\/p>\n<p>-\u0627\u0644\u062d\u062c\u0645 \u0627\u0644\u0643\u0644\u064a: 70x25 \u0645\u0644\u0644\u064a \u0645\u062a\u0631 (\u0627\u0644\u0637\u0648\u0644 \u00d7 \u0627\u0644\u0639\u0631\u0636)<\/p>\n<p data-spm-anchor-id=\"a2g0o.detail.1000023.i0.4ef8iiAmiiAmUw\">- \u0644\u0645\u0633\u0629 \u0646\u0647\u0627\u0626\u064a\u0629 \u0645\u0635\u0642\u0648\u0644\u0629 \u0644\u0645\u0638\u0647\u0631 \u0623\u0646\u064a\u0642<\/p>\n<h1 class=\"h1 product-detail-name\"><\/h1>\n<h1 class=\"h1 product-detail-name\"><\/h1>\n<h6 class=\"h1 product-detail-name\"><\/h6>","protected":false},"excerpt":{"rendered":"<p>Charni\u00e8re moraillon pivotant en acier inoxydable de qualit\u00e9, solide et durable -Taille globale: 70x25mm (L x l) -fini polie pour une apparence \u00e9l\u00e9gante<\/p>","protected":false},"featured_media":5776,"comment_status":"open","ping_status":"closed","template":"","meta":{"_uf_show_specific_survey":0,"_uf_disable_surveys":false},"product_brand":[],"product_cat":[166,163],"product_tag":[],"class_list":{"0":"post-5787","1":"product","2":"type-product","3":"status-publish","4":"has-post-thumbnail","6":"product_cat-accastillage-en-inox","7":"product_cat-accastillage","9":"first","10":"instock","11":"shipping-taxable","12":"purchasable","13":"product-type-simple"},"aioseo_notices":[],"_links":{"self":[{"href":"https:\/\/dsmarinealgerie.com\/ar\/wp-json\/wp\/v2\/product\/5787","targetHints":{"allow":["GET"]}}],"collection":[{"href":"https:\/\/dsmarinealgerie.com\/ar\/wp-json\/wp\/v2\/product"}],"about":[{"href":"https:\/\/dsmarinealgerie.com\/ar\/wp-json\/wp\/v2\/types\/product"}],"replies":[{"embeddable":true,"href":"https:\/\/dsmarinealgerie.com\/ar\/wp-json\/wp\/v2\/comments?post=5787"}],"wp:featuredmedia":[{"embeddable":true,"href":"https:\/\/dsmarinealgerie.com\/ar\/wp-json\/wp\/v2\/media\/5776"}],"wp:attachment":[{"href":"https:\/\/dsmarinealgerie.com\/ar\/wp-json\/wp\/v2\/media?parent=5787"}],"wp:term":[{"taxonomy":"product_brand","embeddable":true,"href":"https:\/\/dsmarinealgerie.com\/ar\/wp-json\/wp\/v2\/product_brand?post=5787"},{"taxonomy":"product_cat","embeddable":true,"href":"https:\/\/dsmarinealgerie.com\/ar\/wp-json\/wp\/v2\/product_cat?post=5787"},{"taxonomy":"product_tag","embeddable":true,"href":"https:\/\/dsmarinealgerie.com\/ar\/wp-json\/wp\/v2\/product_tag?post=5787"}],"curies":[{"name":"wp","href":"https:\/\/api.w.org\/{rel}","templated":true}]}}