{"id":5790,"date":"2023-10-04T12:05:59","date_gmt":"2023-10-04T12:05:59","guid":{"rendered":"https:\/\/dsmarinealgerie.com\/?post_type=product&#038;p=5790"},"modified":"2023-10-04T12:17:29","modified_gmt":"2023-10-04T12:17:29","slug":"charniere-cadanes-avec-cles-en-acier-inoxydable-76x25mm","status":"publish","type":"product","link":"https:\/\/dsmarinealgerie.com\/ar\/shop\/accastillage\/accastillage-en-inox\/charniere-cadanes-avec-cles-en-acier-inoxydable-76x25mm\/","title":{"rendered":"\u0645\u0641\u0635\u0644\u0629 \u0642\u0641\u0644 \u0628\u0645\u0641\u0627\u062a\u064a\u062d \u0645\u0646 \u0627\u0644\u0641\u0648\u0644\u0627\u0630 \u0627\u0644\u0645\u0642\u0627\u0648\u0645 \u0644\u0644\u0635\u062f\u0623 \u0645\u0642\u0627\u0633 76 \u00d7 25 \u0645\u0644\u0645"},"content":{"rendered":"<ul class=\"a-unordered-list a-vertical a-spacing-mini\">\n<li class=\"a-spacing-mini\"><span class=\"a-list-item\"><span>\u0645\u062c\u0645\u0648\u0639\u0629 \u0645\u0646 \u0627\u0644\u062a\u0637\u0628\u064a\u0642\u0627\u062a: \u0645\u0646\u0627\u0633\u0628\u0629 \u0644\u0644\u0642\u0648\u0627\u0631\u0628 \u0648\u0627\u0644\u064a\u062e\u0648\u062a \u0648\u0643\u0630\u0644\u0643 \u0627\u0644\u0623\u0628\u0648\u0627\u0628 \u0648\u0627\u0644\u0623\u0628\u0648\u0627\u0628 \u0648\u0627\u0644\u062e\u0632\u0627\u0626\u0646.<\/span><\/span><\/li>\n<li class=\"a-spacing-mini\"><span class=\"a-list-item\"><span>\u0645\u0635\u0642\u0648\u0644 \u0641\u064a \u0627\u0644\u0645\u0631\u0622\u0629: \u0643\u0645\u0638\u0647\u0631 \u0641\u0636\u064a \u062c\u0645\u064a\u0644<\/span><\/span><\/li>\n<li class=\"a-spacing-mini\"><span class=\"a-list-item\"><span>\u0645\u0627\u062f\u0629 \u0645\u0645\u062a\u0627\u0632\u0629: \u0645\u0634\u0628\u0643 \u0642\u0641\u0644 \u0627\u0644\u0645\u0641\u062a\u0627\u062d \u0645\u0635\u0646\u0648\u0639 \u0645\u0646 \u0627\u0644\u0641\u0648\u0644\u0627\u0630 \u0627\u0644\u0645\u0642\u0627\u0648\u0645 \u0644\u0644\u0635\u062f\u0623 \u0639\u0627\u0644\u064a \u0627\u0644\u062c\u0648\u062f\u0629<\/span><\/span><\/li>\n<li class=\"a-spacing-mini\"><span class=\"a-list-item\"><span>\u062a\u0634\u0645\u0644 \u0627\u0644\u0645\u0646\u062a\u062c\u0627\u062a: 1 \u0642\u0641\u0644\u060c 2 \u0645\u0641\u062a\u0627\u062d.<\/span><\/span><\/li>\n<li class=\"a-spacing-mini\"><span class=\"a-list-item\"><span>\u0627\u0644\u062a\u062b\u0628\u064a\u062a: \u0627\u0644\u062a\u062b\u0628\u064a\u062a \u0633\u0631\u064a\u0639 \u0648\u0633\u0647\u0644.\u00a0<\/span><\/span><\/li>\n<\/ul>\n<h1 class=\"h1 product-detail-name\"><\/h1>\n<h1 class=\"h1 product-detail-name\"><\/h1>\n<h6 class=\"h1 product-detail-name\"><\/h6>","protected":false},"excerpt":{"rendered":"<p>Gamme d&rsquo;applications : convient aux bateaux, yachts, ainsi qu&rsquo;aux portes, portes et armoires. Poli dans un miroir : comme un bel aspect argent\u00e9 Excellent mat\u00e9riau : le moraillon de verrouillage \u00e0 cl\u00e9 est fabriqu\u00e9 en acier inoxydable de haute qualit\u00e9 Les produits incluent : 1 serrure, 2 cl\u00e9s. Installation : L&rsquo;installation est rapide et facile.\u00a0<\/p>","protected":false},"featured_media":5791,"comment_status":"open","ping_status":"closed","template":"","meta":{"_uf_show_specific_survey":0,"_uf_disable_surveys":false},"product_brand":[],"product_cat":[166,163],"product_tag":[],"class_list":{"0":"post-5790","1":"product","2":"type-product","3":"status-publish","4":"has-post-thumbnail","6":"product_cat-accastillage-en-inox","7":"product_cat-accastillage","9":"first","10":"instock","11":"shipping-taxable","12":"purchasable","13":"product-type-simple"},"aioseo_notices":[],"_links":{"self":[{"href":"https:\/\/dsmarinealgerie.com\/ar\/wp-json\/wp\/v2\/product\/5790","targetHints":{"allow":["GET"]}}],"collection":[{"href":"https:\/\/dsmarinealgerie.com\/ar\/wp-json\/wp\/v2\/product"}],"about":[{"href":"https:\/\/dsmarinealgerie.com\/ar\/wp-json\/wp\/v2\/types\/product"}],"replies":[{"embeddable":true,"href":"https:\/\/dsmarinealgerie.com\/ar\/wp-json\/wp\/v2\/comments?post=5790"}],"wp:featuredmedia":[{"embeddable":true,"href":"https:\/\/dsmarinealgerie.com\/ar\/wp-json\/wp\/v2\/media\/5791"}],"wp:attachment":[{"href":"https:\/\/dsmarinealgerie.com\/ar\/wp-json\/wp\/v2\/media?parent=5790"}],"wp:term":[{"taxonomy":"product_brand","embeddable":true,"href":"https:\/\/dsmarinealgerie.com\/ar\/wp-json\/wp\/v2\/product_brand?post=5790"},{"taxonomy":"product_cat","embeddable":true,"href":"https:\/\/dsmarinealgerie.com\/ar\/wp-json\/wp\/v2\/product_cat?post=5790"},{"taxonomy":"product_tag","embeddable":true,"href":"https:\/\/dsmarinealgerie.com\/ar\/wp-json\/wp\/v2\/product_tag?post=5790"}],"curies":[{"name":"wp","href":"https:\/\/api.w.org\/{rel}","templated":true}]}}