{"id":5839,"date":"2023-10-05T10:41:35","date_gmt":"2023-10-05T10:41:35","guid":{"rendered":"https:\/\/dsmarinealgerie.com\/?post_type=product&#038;p=5839"},"modified":"2023-12-11T14:04:02","modified_gmt":"2023-12-11T14:04:02","slug":"salvimar-masque-peche-sous-marine-hathor","status":"publish","type":"product","link":"https:\/\/dsmarinealgerie.com\/ar\/shop\/chasse-sous-marine\/masques\/salvimar-masque-peche-sous-marine-hathor\/","title":{"rendered":"\u0642\u0646\u0627\u0639 \u0633\u0644\u0641\u064a\u0645\u0627\u0631 \u062d\u062a\u062d\u0648\u0631 \u0643\u0631\u064a\u0628\u0633\u064a\u0633 \u0627\u0644\u0645\u0645\u0648\u0647"},"content":{"rendered":"<p>\u0642\u0646\u0627\u0639 \u0633\u0644\u0641\u064a\u0645\u0627\u0631 \u062d\u062a\u062d\u0648\u0631 \u0627\u0644\u062c\u062f\u064a\u062f \u062b\u0646\u0627\u0626\u064a \u0627\u0644\u0632\u062c\u0627\u062c \u0644\u0644\u063a\u0648\u0635 \u0627\u0644\u062d\u0631 \u0648\u0627\u0644\u0635\u064a\u062f \u0628\u0627\u0644\u0631\u0645\u062d.<br \/>\n\u064a\u062d\u062a\u0648\u064a \u0647\u0630\u0627 \u0627\u0644\u0642\u0646\u0627\u0639 \u0639\u0644\u0649 \u0639\u062f\u0633\u0627\u062a \u0632\u062c\u0627\u062c\u064a\u0629 \u0645\u0642\u0648\u0627\u0629 \u0630\u0627\u062a \u062d\u062c\u0645 \u0645\u0646\u062e\u0641\u0636 \u0644\u0644\u063a\u0627\u064a\u0629 \u0648\u0639\u0627\u0644\u064a\u0629 \u0627\u0644\u0648\u0636\u0648\u062d \u0648\u0645\u062c\u0627\u0644 \u0631\u0624\u064a\u0629 \u0648\u0627\u0633\u0639 \u062c\u062f\u064b\u0627.<br \/>\n\u062d\u062a\u062d\u0648\u0631 \u0645\u0635\u0646\u0648\u0639 \u0645\u0646 \u0627\u0644\u0633\u064a\u0644\u064a\u0643\u0648\u0646 \u0627\u0644\u0645\u0636\u0627\u062f \u0644\u0644\u062d\u0633\u0627\u0633\u064a\u0629\u060c \u0648\u062a\u0645 \u0625\u0646\u062a\u0627\u062c\u0647 \u0628\u062a\u0642\u0646\u064a\u0629 \u0645\u0628\u062a\u0643\u0631\u0629.<br \/>\n\u0627\u0644\u062d\u0632\u0627\u0645 \u0645\u0631\u064a\u062d \u0648\u0642\u0627\u0628\u0644 \u0644\u0644\u062a\u0639\u062f\u064a\u0644 \u0645\u064a\u0643\u0631\u0648\u0645\u062a\u0631\u064a\u064b\u0627 \u0644\u064a\u062a\u0643\u064a\u0641 \u0628\u0634\u0643\u0644 \u0645\u062b\u0627\u0644\u064a \u0645\u0639 \u0627\u0644\u0631\u0623\u0633 \u062f\u0648\u0646 \u0627\u0644\u0636\u063a\u0637 \u0639\u0644\u0649 \u0627\u0644\u0623\u0630\u0646\u064a\u0646<\/p>","protected":false},"excerpt":{"rendered":"<p>Nouveau masque bi-verre Salvimar Hathor Pour l\u2019apn\u00e9e et la chasse sous-marine. Ce masque a un volume extr\u00eamement faible, des lentilles en verre tremp\u00e9 \u00e0 haute visibilit\u00e9 et un champ de vision tr\u00e8s large. Hathor est fait de silicone hypoallerg\u00e9nique , produit avec une technologie innovante . La sangle est ergonomique et r\u00e9glable microm\u00e9triquement pour s\u2019adapter [&hellip;]<\/p>","protected":false},"featured_media":5842,"comment_status":"open","ping_status":"closed","template":"","meta":{"_uf_show_specific_survey":0,"_uf_disable_surveys":false},"product_brand":[],"product_cat":[174,165],"product_tag":[],"class_list":{"0":"post-5839","1":"product","2":"type-product","3":"status-publish","4":"has-post-thumbnail","6":"product_cat-masques","7":"product_cat-chasse-sous-marine","9":"first","10":"instock","11":"shipping-taxable","12":"purchasable","13":"product-type-simple"},"aioseo_notices":[],"_links":{"self":[{"href":"https:\/\/dsmarinealgerie.com\/ar\/wp-json\/wp\/v2\/product\/5839","targetHints":{"allow":["GET"]}}],"collection":[{"href":"https:\/\/dsmarinealgerie.com\/ar\/wp-json\/wp\/v2\/product"}],"about":[{"href":"https:\/\/dsmarinealgerie.com\/ar\/wp-json\/wp\/v2\/types\/product"}],"replies":[{"embeddable":true,"href":"https:\/\/dsmarinealgerie.com\/ar\/wp-json\/wp\/v2\/comments?post=5839"}],"wp:featuredmedia":[{"embeddable":true,"href":"https:\/\/dsmarinealgerie.com\/ar\/wp-json\/wp\/v2\/media\/5842"}],"wp:attachment":[{"href":"https:\/\/dsmarinealgerie.com\/ar\/wp-json\/wp\/v2\/media?parent=5839"}],"wp:term":[{"taxonomy":"product_brand","embeddable":true,"href":"https:\/\/dsmarinealgerie.com\/ar\/wp-json\/wp\/v2\/product_brand?post=5839"},{"taxonomy":"product_cat","embeddable":true,"href":"https:\/\/dsmarinealgerie.com\/ar\/wp-json\/wp\/v2\/product_cat?post=5839"},{"taxonomy":"product_tag","embeddable":true,"href":"https:\/\/dsmarinealgerie.com\/ar\/wp-json\/wp\/v2\/product_tag?post=5839"}],"curies":[{"name":"wp","href":"https:\/\/api.w.org\/{rel}","templated":true}]}}