{"id":5843,"date":"2023-10-05T11:12:39","date_gmt":"2023-10-05T11:12:39","guid":{"rendered":"https:\/\/dsmarinealgerie.com\/?post_type=product&#038;p=5843"},"modified":"2026-04-23T15:32:51","modified_gmt":"2026-04-23T15:32:51","slug":"chaussons-picasso-supratex-3mm","status":"publish","type":"product","link":"https:\/\/dsmarinealgerie.com\/ar\/shop\/chasse-sous-marine\/gants-et-chaussons\/chaussons-picasso-supratex-3mm\/","title":{"rendered":"\u0634\u0628\u0634\u0628 \u0628\u064a\u0643\u0627\u0633\u0648 \u0633\u0648\u0628\u0631\u0627\u062a\u0643\u0633 3 \u0645\u0644\u0645"},"content":{"rendered":"<p class=\"select-coment Mbottom0\"><select name=\"tipo_traduccion\" onchange=\"javascript:cambiar_desc(this.value);\"><option selected=\"selected\" value=\"fra\">\u0627\u0644\u062a\u0631\u062c\u0645\u0629 \u0627\u0644\u062a\u064a \u062a\u0645 \u0625\u0646\u0634\u0627\u0624\u0647\u0627 \u062a\u0644\u0642\u0627\u0626\u064a\u0627<\/option><option value=\"eng\">\u0627\u0646\u0638\u0631 \u0627\u0644\u0648\u0635\u0641 \u0627\u0644\u0623\u0635\u0644\u064a \u0628\u0627\u0644\u0644\u063a\u0629 \u0627\u0644\u0625\u0646\u062c\u0644\u064a\u0632\u064a\u0629<\/option><\/select><\/p>\n<p class=\"parrafo\"><span id=\"desc\" class=\"addReadMore showlesscontent\">\u0627\u0644\u062c\u0632\u0621 \u0627\u0644\u062e\u0627\u0631\u062c\u064a \u0645\u0635\u0646\u0648\u0639 \u0645\u0646 \u062c\u0644\u062f \u0623\u0648 \u0646\u0627\u064a\u0644\u0648\u0646 \u0645\u0646 \u0627\u0644\u0646\u064a\u0648\u0628\u0631\u064a\u0646 \u0645\u0639 \u0646\u0639\u0644 \u0648\u0638\u0647\u0631 \u0648\u0623\u0637\u0631\u0627\u0641 \u0623\u0635\u0627\u0628\u0639 \u0646\u0627\u0639\u0645\u0629 \u0641\u064a Supratex \u0644\u062a\u0648\u0641\u064a\u0631 \u0623\u0642\u0635\u0649 \u0642\u062f\u0631 \u0645\u0646 \u0627\u0644\u062d\u0645\u0627\u064a\u0629. \u0627\u0644\u062c\u0632\u0621 \u0627\u0644\u062f\u0627\u062e\u0644\u064a \u0645\u0641\u062a\u0648\u062d \u0627\u0644\u062e\u0644\u064a\u0629\u060c \u0644\u0644\u062d\u0635\u0648\u0644 \u0639\u0644\u0649 \u0623\u0642\u0635\u0649 \u0642\u062f\u0631 \u0645\u0646 \u0627\u0644\u0631\u0627\u062d\u0629 \u0648\u062f\u0631\u062c\u0629 \u0627\u0644\u062d\u0631\u0627\u0631\u0629\u060c \u0648\u0644\u0643\u0646 \u0645\u0639 \u0646\u0639\u0644 \u0645\u0646 \u0627\u0644\u0646\u0627\u064a\u0644\u0648\u0646 \u0644\u0645\u0646\u0639 \u0627\u0644\u0627\u0646\u0632\u0644\u0627\u0642.<\/span><\/p>","protected":false},"excerpt":{"rendered":"<p>Traduction g\u00e9n\u00e9r\u00e9e automatiquementVoir description originale en anglais N\u00e9opr\u00e8ne de peau ou de nylon \u00e0 l\u00b4ext\u00e9rieur avec la semelle, le dos et le bout des doigts lisses dans Supratex, pour une protection maximale. Int\u00e9rieur de la cellule ouverte, pour un maximum de confort et de la temp\u00e9rature, mais avec semelle en nylon pour \u00e9viter de glisser.<\/p>","protected":false},"featured_media":5849,"comment_status":"open","ping_status":"closed","template":"","meta":{"_uf_show_specific_survey":0,"_uf_disable_surveys":false},"product_brand":[],"product_cat":[165,178],"product_tag":[],"class_list":{"0":"post-5843","1":"product","2":"type-product","3":"status-publish","4":"has-post-thumbnail","6":"product_cat-chasse-sous-marine","7":"product_cat-gants-et-chaussons","9":"first","10":"outofstock","11":"shipping-taxable","12":"purchasable","13":"product-type-variable"},"aioseo_notices":[],"_links":{"self":[{"href":"https:\/\/dsmarinealgerie.com\/ar\/wp-json\/wp\/v2\/product\/5843","targetHints":{"allow":["GET"]}}],"collection":[{"href":"https:\/\/dsmarinealgerie.com\/ar\/wp-json\/wp\/v2\/product"}],"about":[{"href":"https:\/\/dsmarinealgerie.com\/ar\/wp-json\/wp\/v2\/types\/product"}],"replies":[{"embeddable":true,"href":"https:\/\/dsmarinealgerie.com\/ar\/wp-json\/wp\/v2\/comments?post=5843"}],"wp:featuredmedia":[{"embeddable":true,"href":"https:\/\/dsmarinealgerie.com\/ar\/wp-json\/wp\/v2\/media\/5849"}],"wp:attachment":[{"href":"https:\/\/dsmarinealgerie.com\/ar\/wp-json\/wp\/v2\/media?parent=5843"}],"wp:term":[{"taxonomy":"product_brand","embeddable":true,"href":"https:\/\/dsmarinealgerie.com\/ar\/wp-json\/wp\/v2\/product_brand?post=5843"},{"taxonomy":"product_cat","embeddable":true,"href":"https:\/\/dsmarinealgerie.com\/ar\/wp-json\/wp\/v2\/product_cat?post=5843"},{"taxonomy":"product_tag","embeddable":true,"href":"https:\/\/dsmarinealgerie.com\/ar\/wp-json\/wp\/v2\/product_tag?post=5843"}],"curies":[{"name":"wp","href":"https:\/\/api.w.org\/{rel}","templated":true}]}}