{"id":5896,"date":"2023-10-05T12:30:22","date_gmt":"2023-10-05T12:30:22","guid":{"rendered":"https:\/\/dsmarinealgerie.com\/?post_type=product&#038;p=5896"},"modified":"2023-10-05T12:30:23","modified_gmt":"2023-10-05T12:30:23","slug":"salvimar-gants-comfort-3-mm","status":"publish","type":"product","link":"https:\/\/dsmarinealgerie.com\/ar\/shop\/chasse-sous-marine\/gants-et-chaussons\/salvimar-gants-comfort-3-mm\/","title":{"rendered":"\u0642\u0641\u0627\u0632\u0627\u062a \u0633\u0644\u0641\u064a\u0645\u0627\u0631 \u0643\u0648\u0645\u0641\u0648\u0631\u062a 3 \u0645\u0645"},"content":{"rendered":"<p><strong>- \u0642\u0637\u0639 \u0645\u0631\u064a\u062d \u0648\u0645\u0631\u064a\u062d \u0644\u0644\u063a\u0627\u064a\u0629<br \/>\n- \u0628\u0637\u0627\u0646\u0629 \u0645\u0646 \u0627\u0644\u0646\u0627\u064a\u0644\u0648\u0646<br \/>\n- \u0637\u0628\u0642\u0627\u062a \u0645\u0639\u0632\u0632\u0629<br \/>\n- \u0642\u0628\u0636\u0629 \u0627\u0644\u0623\u0645\u062b\u0644<br \/>\n\u2013 \u0639\u0632\u0644 \u062d\u0631\u0627\u0631\u064a \u062c\u064a\u062f<br \/>\n\u2013 \u0627\u0644\u0633\u0645\u0627\u0643\u0629 3 \u0645\u0644\u0645<br \/>\n<\/strong><\/p>","protected":false},"excerpt":{"rendered":"<p>&#8211; Coupe ergonomique et tr\u00e8s confortable &#8211; Doublure Nylon &#8211; Coutures renforc\u00e9es &#8211; Grip optimis\u00e9 &#8211; Bonne isolation thermique &#8211; Epaisseur 3mm<\/p>","protected":false},"featured_media":5897,"comment_status":"open","ping_status":"closed","template":"","meta":{"_uf_show_specific_survey":0,"_uf_disable_surveys":false},"product_brand":[],"product_cat":[165,178],"product_tag":[],"class_list":{"0":"post-5896","1":"product","2":"type-product","3":"status-publish","4":"has-post-thumbnail","6":"product_cat-chasse-sous-marine","7":"product_cat-gants-et-chaussons","9":"first","10":"instock","11":"shipping-taxable","12":"product-type-variable"},"aioseo_notices":[],"_links":{"self":[{"href":"https:\/\/dsmarinealgerie.com\/ar\/wp-json\/wp\/v2\/product\/5896","targetHints":{"allow":["GET"]}}],"collection":[{"href":"https:\/\/dsmarinealgerie.com\/ar\/wp-json\/wp\/v2\/product"}],"about":[{"href":"https:\/\/dsmarinealgerie.com\/ar\/wp-json\/wp\/v2\/types\/product"}],"replies":[{"embeddable":true,"href":"https:\/\/dsmarinealgerie.com\/ar\/wp-json\/wp\/v2\/comments?post=5896"}],"wp:featuredmedia":[{"embeddable":true,"href":"https:\/\/dsmarinealgerie.com\/ar\/wp-json\/wp\/v2\/media\/5897"}],"wp:attachment":[{"href":"https:\/\/dsmarinealgerie.com\/ar\/wp-json\/wp\/v2\/media?parent=5896"}],"wp:term":[{"taxonomy":"product_brand","embeddable":true,"href":"https:\/\/dsmarinealgerie.com\/ar\/wp-json\/wp\/v2\/product_brand?post=5896"},{"taxonomy":"product_cat","embeddable":true,"href":"https:\/\/dsmarinealgerie.com\/ar\/wp-json\/wp\/v2\/product_cat?post=5896"},{"taxonomy":"product_tag","embeddable":true,"href":"https:\/\/dsmarinealgerie.com\/ar\/wp-json\/wp\/v2\/product_tag?post=5896"}],"curies":[{"name":"wp","href":"https:\/\/api.w.org\/{rel}","templated":true}]}}