{"id":5911,"date":"2023-10-05T13:47:34","date_gmt":"2023-10-05T13:47:34","guid":{"rendered":"https:\/\/dsmarinealgerie.com\/?post_type=product&#038;p=5911"},"modified":"2023-10-05T14:06:16","modified_gmt":"2023-10-05T14:06:16","slug":"renovateur-inox-soromap","status":"publish","type":"product","link":"https:\/\/dsmarinealgerie.com\/ar\/shop\/accastillage\/produits-dentretien\/renovateur-inox-soromap\/","title":{"rendered":"\u0633\u0648\u0631\u0648\u0646\u0648\u0643\u0633 \u0633\u0648\u0631\u0648\u0645\u0627\u0628 \u0645\u062c\u062f\u062f \u0627\u0644\u0641\u0648\u0644\u0627\u0630 \u0627\u0644\u0645\u0642\u0627\u0648\u0645 \u0644\u0644\u0635\u062f\u0623"},"content":{"rendered":"<p>\u0648\u0647\u0648 \u0645\u0646\u062a\u062c \u064a\u062d\u062a\u0648\u064a \u0639\u0644\u0649 \u0645\u0648\u0627\u062f \u0643\u0627\u0634\u0637\u0629 \u0648\u0634\u0645\u0648\u0639 \u0648\u0645\u0648\u0627\u062f \u062a\u0634\u062d\u064a\u0645 \u0641\u064a \u0645\u0630\u064a\u0628 \u0623\u0644\u064a\u0641\u0627\u062a\u064a.<\/p>\n<p>\u064a\u0644\u0639\u0628 \u062f\u0648\u0631\u064b\u0627 \u0648\u0642\u0627\u0626\u064a\u064b\u0627 \u0628\u0639\u062f \u0627\u0644\u062a\u0646\u0638\u064a\u0641. \u064a\u0639\u064a\u062f \u0644\u0645\u0639\u0627\u0646\u0647 \u0627\u0644\u062c\u062f\u064a\u062f \u062f\u0648\u0646 \u062a\u063a\u064a\u064a\u0631\u060c \u0648\u0647\u0648 \u0645\u0646\u0627\u0633\u0628 \u0644\u0644\u0645\u0639\u0627\u062f\u0646 (\u0627\u0644\u0646\u062d\u0627\u0633\u060c \u0627\u0644\u0641\u0648\u0644\u0627\u0630 \u0627\u0644\u0645\u0642\u0627\u0648\u0645 \u0644\u0644\u0635\u062f\u0623\u060c \u0627\u0644\u0643\u0631\u0648\u0645\u060c \u0648\u063a\u064a\u0631\u0647\u0627).<\/p>\n<p>\u062a\u062c\u0646\u0628 \u0627\u0633\u062a\u062e\u062f\u0627\u0645\u0647 \u0639\u0644\u0649 \u0627\u0644\u0623\u0644\u0648\u0645\u0646\u064a\u0648\u0645 \u0627\u0644\u0645\u0624\u0643\u0633\u062f. \u063a\u0627\u0632 \u062f\u0627\u0641\u0639 \u063a\u064a\u0631 \u0642\u0627\u0628\u0644 \u0644\u0644\u0627\u0634\u062a\u0639\u0627\u0644. \u0645\u0646\u0627\u0633\u0628 \u0623\u064a\u0636\u064b\u0627 \u0644\u0644\u062f\u0647\u0627\u0646\u0627\u062a \u0627\u0644\u0645\u0624\u0643\u0633\u062f\u0629 \u0648\u0627\u0644\u0637\u0644\u0627\u0621\u0627\u062a \u0627\u0644\u062c\u064a\u0644\u0627\u062a\u064a\u0646\u064a\u0629.<\/p>","protected":false},"excerpt":{"rendered":"<p>C&rsquo;est un produit qui contient des abrasifs, cires et lubrifiant dans un solvant aliphatique. Il joue un r\u00f4le de protection apr\u00e8s le nettoyage. Il redonne l&rsquo;\u00e9clat du neuf sans alt\u00e9rer, il convient aux m\u00e9taux (cuivre, inox, chrome, &#8230;). Il faut \u00e9viter de l&rsquo;utiliser sur les alus anodis\u00e9s. Gaz propulseur ininflammable. Convient \u00e9galement \u00e9galement pour les [&hellip;]<\/p>","protected":false},"featured_media":5912,"comment_status":"open","ping_status":"closed","template":"","meta":{"_uf_show_specific_survey":0,"_uf_disable_surveys":false},"product_brand":[],"product_cat":[163,216],"product_tag":[],"class_list":{"0":"post-5911","1":"product","2":"type-product","3":"status-publish","4":"has-post-thumbnail","6":"product_cat-accastillage","7":"product_cat-produits-dentretien","9":"first","10":"instock","11":"shipping-taxable","12":"purchasable","13":"product-type-simple"},"aioseo_notices":[],"_links":{"self":[{"href":"https:\/\/dsmarinealgerie.com\/ar\/wp-json\/wp\/v2\/product\/5911","targetHints":{"allow":["GET"]}}],"collection":[{"href":"https:\/\/dsmarinealgerie.com\/ar\/wp-json\/wp\/v2\/product"}],"about":[{"href":"https:\/\/dsmarinealgerie.com\/ar\/wp-json\/wp\/v2\/types\/product"}],"replies":[{"embeddable":true,"href":"https:\/\/dsmarinealgerie.com\/ar\/wp-json\/wp\/v2\/comments?post=5911"}],"wp:featuredmedia":[{"embeddable":true,"href":"https:\/\/dsmarinealgerie.com\/ar\/wp-json\/wp\/v2\/media\/5912"}],"wp:attachment":[{"href":"https:\/\/dsmarinealgerie.com\/ar\/wp-json\/wp\/v2\/media?parent=5911"}],"wp:term":[{"taxonomy":"product_brand","embeddable":true,"href":"https:\/\/dsmarinealgerie.com\/ar\/wp-json\/wp\/v2\/product_brand?post=5911"},{"taxonomy":"product_cat","embeddable":true,"href":"https:\/\/dsmarinealgerie.com\/ar\/wp-json\/wp\/v2\/product_cat?post=5911"},{"taxonomy":"product_tag","embeddable":true,"href":"https:\/\/dsmarinealgerie.com\/ar\/wp-json\/wp\/v2\/product_tag?post=5911"}],"curies":[{"name":"wp","href":"https:\/\/api.w.org\/{rel}","templated":true}]}}