{"id":5944,"date":"2023-10-10T12:23:30","date_gmt":"2023-10-10T12:23:30","guid":{"rendered":"https:\/\/dsmarinealgerie.com\/?post_type=product&#038;p=5944"},"modified":"2024-02-13T13:54:53","modified_gmt":"2024-02-13T13:54:53","slug":"mousqueton-avec-anneau-6mm","status":"publish","type":"product","link":"https:\/\/dsmarinealgerie.com\/ar\/shop\/accastillage\/accastillage-en-inox\/mousqueton-avec-anneau-6mm\/","title":{"rendered":"\u062d\u0644\u0642\u0629 \u062a\u0633\u0644\u0642 \u0645\u0639 \u062d\u0644\u0642\u0629 6 \u0633\u0645"},"content":{"rendered":"<p>\u062d\u0644\u0642\u0629 \u062a\u0633\u0644\u0642 \u0645\u0639 \u062d\u0644\u0642\u0629 \u0644\u0625\u062f\u062e\u0627\u0644 \u0627\u0644\u062d\u0628\u0644 \u0623\u0648 \u0627\u0644\u0643\u0627\u0628\u0644 \u0628\u062f\u0627\u062e\u0644\u0647\u0627.<\/p>\n<p>\u0645\u0635\u0646\u0648\u0639 \u0645\u0646 \u0627\u0644\u0641\u0648\u0644\u0627\u0630 \u0627\u0644\u0645\u0642\u0627\u0648\u0645 \u0644\u0644\u0635\u062f\u0623 316\u060c \u0648\u0647\u0648 \u0645\u0642\u0627\u0648\u0645 \u0644\u0644\u0645\u0627\u0621 \u0648\u0627\u0644\u062a\u0622\u0643\u0644\u060c \u0648\u0645\u0646\u0627\u0633\u0628 \u0644\u0644\u0628\u064a\u0626\u0627\u062a \u0627\u0644\u062e\u0627\u0631\u062c\u064a\u0629 \u0648\u0627\u0644\u0628\u062d\u0631\u064a\u0629.<\/p>\n<p>\u062c: 6 \u0645\u0644\u0645<\/p>\n<p>\u0628: 30 \u0645\u0644\u0645<\/p>\n<p>\u062c: 60 \u0645\u0644\u0645<\/p>\n<p>\u062f: 9 \u0645\u0644\u0645<\/p>\n<p>\u0648: 8 \u0645\u0644\u0645<\/p>\n<p>&nbsp;<\/p>\n<p>&nbsp;<\/p>","protected":false},"excerpt":{"rendered":"<p>Un mousqueton avec anneau pour y glisser corde ou c\u00e2ble. En acier inoxydable 316, il r\u00e9siste \u00e0 l\u2019eau et \u00e0 la corrosion, utilisation en ext\u00e9rieur et en milieu marin. A: 6mm B: 30mm c:60mm d:9mm f:8mm &nbsp; &nbsp;<\/p>","protected":false},"featured_media":5949,"comment_status":"open","ping_status":"closed","template":"","meta":{"_uf_show_specific_survey":0,"_uf_disable_surveys":false},"product_brand":[],"product_cat":[166,163],"product_tag":[],"class_list":{"0":"post-5944","1":"product","2":"type-product","3":"status-publish","4":"has-post-thumbnail","6":"product_cat-accastillage-en-inox","7":"product_cat-accastillage","9":"first","10":"instock","11":"shipping-taxable","12":"purchasable","13":"product-type-simple"},"aioseo_notices":[],"_links":{"self":[{"href":"https:\/\/dsmarinealgerie.com\/ar\/wp-json\/wp\/v2\/product\/5944","targetHints":{"allow":["GET"]}}],"collection":[{"href":"https:\/\/dsmarinealgerie.com\/ar\/wp-json\/wp\/v2\/product"}],"about":[{"href":"https:\/\/dsmarinealgerie.com\/ar\/wp-json\/wp\/v2\/types\/product"}],"replies":[{"embeddable":true,"href":"https:\/\/dsmarinealgerie.com\/ar\/wp-json\/wp\/v2\/comments?post=5944"}],"wp:featuredmedia":[{"embeddable":true,"href":"https:\/\/dsmarinealgerie.com\/ar\/wp-json\/wp\/v2\/media\/5949"}],"wp:attachment":[{"href":"https:\/\/dsmarinealgerie.com\/ar\/wp-json\/wp\/v2\/media?parent=5944"}],"wp:term":[{"taxonomy":"product_brand","embeddable":true,"href":"https:\/\/dsmarinealgerie.com\/ar\/wp-json\/wp\/v2\/product_brand?post=5944"},{"taxonomy":"product_cat","embeddable":true,"href":"https:\/\/dsmarinealgerie.com\/ar\/wp-json\/wp\/v2\/product_cat?post=5944"},{"taxonomy":"product_tag","embeddable":true,"href":"https:\/\/dsmarinealgerie.com\/ar\/wp-json\/wp\/v2\/product_tag?post=5944"}],"curies":[{"name":"wp","href":"https:\/\/api.w.org\/{rel}","templated":true}]}}