{"id":5971,"date":"2023-10-12T14:00:03","date_gmt":"2023-10-12T14:00:03","guid":{"rendered":"https:\/\/dsmarinealgerie.com\/?post_type=product&#038;p=5971"},"modified":"2024-11-26T09:29:11","modified_gmt":"2024-11-26T09:29:11","slug":"bouee-couronne-pour-bateau","status":"publish","type":"product","link":"https:\/\/dsmarinealgerie.com\/ar\/shop\/accastillage\/moyens-de-securite\/bouee-couronne-pour-bateau\/","title":{"rendered":"\u0639\u0648\u0627\u0645\u0629 \u0627\u0644\u062a\u0627\u062c \u0644\u0644\u0642\u0627\u0631\u0628"},"content":{"rendered":"<p>\u0627\u0644\u0639\u0648\u0627\u0645\u0629 \u0627\u0644\u062a\u0627\u062c\u064a\u0629 \u0636\u0631\u0648\u0631\u064a\u0629 \u0639\u0644\u0649 \u0645\u062a\u0646 \u062c\u0645\u064a\u0639 \u0623\u0646\u0648\u0627\u0639 \u0627\u0644\u0642\u0648\u0627\u0631\u0628<\/p>\n<p>\u062a\u0645 \u062a\u062c\u0647\u064a\u0632 \u0627\u0644\u063a\u0644\u0627\u0641 \u0627\u0644\u0635\u0644\u0628 \u0627\u0644\u0628\u0631\u062a\u0642\u0627\u0644\u064a \u0628\u062d\u0628\u0644 \u0623\u0628\u064a\u0636 \u0641\u064a \u0643\u0644 \u0645\u0643\u0627\u0646. \u0647\u0646\u0627\u0643 4 \u0634\u0631\u0627\u0626\u0637 \u0639\u0627\u0643\u0633\u0629 \u0639\u0644\u0649 \u0639\u0648\u0627\u0645\u0629 \u0627\u0644\u0646\u062c\u0627\u0629.<\/p>","protected":false},"excerpt":{"rendered":"<p>La bou\u00e9e couronne est indispensable \u00e0 bord de tout type de bateaux La coque rigide orange est \u00e9quip\u00e9e d&rsquo;un cordon blanc tout autour. Il y a 4 bandes r\u00e9fl\u00e9chissantes sur la bou\u00e9e de sauvetage.<\/p>","protected":false},"featured_media":5972,"comment_status":"open","ping_status":"closed","template":"","meta":{"_uf_show_specific_survey":0,"_uf_disable_surveys":false},"product_brand":[],"product_cat":[163,169,168],"product_tag":[],"class_list":{"0":"post-5971","1":"product","2":"type-product","3":"status-publish","4":"has-post-thumbnail","6":"product_cat-accastillage","7":"product_cat-cordage-mouillage","8":"product_cat-moyens-de-securite","10":"first","11":"instock","12":"shipping-taxable","13":"purchasable","14":"product-type-simple"},"aioseo_notices":[],"_links":{"self":[{"href":"https:\/\/dsmarinealgerie.com\/ar\/wp-json\/wp\/v2\/product\/5971","targetHints":{"allow":["GET"]}}],"collection":[{"href":"https:\/\/dsmarinealgerie.com\/ar\/wp-json\/wp\/v2\/product"}],"about":[{"href":"https:\/\/dsmarinealgerie.com\/ar\/wp-json\/wp\/v2\/types\/product"}],"replies":[{"embeddable":true,"href":"https:\/\/dsmarinealgerie.com\/ar\/wp-json\/wp\/v2\/comments?post=5971"}],"wp:featuredmedia":[{"embeddable":true,"href":"https:\/\/dsmarinealgerie.com\/ar\/wp-json\/wp\/v2\/media\/5972"}],"wp:attachment":[{"href":"https:\/\/dsmarinealgerie.com\/ar\/wp-json\/wp\/v2\/media?parent=5971"}],"wp:term":[{"taxonomy":"product_brand","embeddable":true,"href":"https:\/\/dsmarinealgerie.com\/ar\/wp-json\/wp\/v2\/product_brand?post=5971"},{"taxonomy":"product_cat","embeddable":true,"href":"https:\/\/dsmarinealgerie.com\/ar\/wp-json\/wp\/v2\/product_cat?post=5971"},{"taxonomy":"product_tag","embeddable":true,"href":"https:\/\/dsmarinealgerie.com\/ar\/wp-json\/wp\/v2\/product_tag?post=5971"}],"curies":[{"name":"wp","href":"https:\/\/api.w.org\/{rel}","templated":true}]}}