{"id":6073,"date":"2023-10-18T14:01:48","date_gmt":"2023-10-18T14:01:48","guid":{"rendered":"https:\/\/dsmarinealgerie.com\/?post_type=product&#038;p=6073"},"modified":"2023-10-18T14:03:54","modified_gmt":"2023-10-18T14:03:54","slug":"corne-de-brume-en-acier-inoxydable","status":"publish","type":"product","link":"https:\/\/dsmarinealgerie.com\/ar\/shop\/accastillage\/moyens-de-securite\/corne-de-brume-en-acier-inoxydable\/","title":{"rendered":"\u0642\u0631\u0646 \u0627\u0644\u0636\u0628\u0627\u0628 \u0645\u0646 \u0627\u0644\u0641\u0648\u0644\u0627\u0630 \u0627\u0644\u0645\u0642\u0627\u0648\u0645 \u0644\u0644\u0635\u062f\u0623"},"content":{"rendered":"<p>\u064a\u0639\u062a\u0628\u0631 \u0628\u0648\u0642 \u0627\u0644\u0636\u0628\u0627\u0628 \u0623\u062f\u0627\u0629 \u0623\u0633\u0627\u0633\u064a\u0629 \u0641\u064a \u0627\u0644\u0628\u062d\u0631 \u0644\u0644\u0625\u0634\u0627\u0631\u0629 \u0641\u064a \u062d\u0627\u0644\u0629 \u0627\u0646\u062e\u0641\u0627\u0636 \u0627\u0644\u0631\u0624\u064a\u0629.<\/p>\n<p>\u0633\u064a\u0643\u0648\u0646 \u0647\u0630\u0627 \u0627\u0644\u0636\u0628\u0627\u0628 \u0627\u0644\u0628\u0633\u064a\u0637 \u062c\u0627\u0647\u0632\u064b\u0627 \u0644\u0644\u0627\u0633\u062a\u062e\u062f\u0627\u0645 \u062f\u0627\u0626\u0645\u064b\u0627!<\/p>","protected":false},"excerpt":{"rendered":"<p>La corne de brume est l&rsquo;outil indispensable \u00e0 avoir en mer pour se signaler en cas de visibilit\u00e9 r\u00e9duite. Cette corne de brume simple sera toujours pr\u00eate \u00e0 l&#8217;emploi !<\/p>","protected":false},"featured_media":6074,"comment_status":"open","ping_status":"closed","template":"","meta":{"_uf_show_specific_survey":0,"_uf_disable_surveys":false},"product_brand":[],"product_cat":[163,168],"product_tag":[],"class_list":{"0":"post-6073","1":"product","2":"type-product","3":"status-publish","4":"has-post-thumbnail","6":"product_cat-accastillage","7":"product_cat-moyens-de-securite","9":"first","10":"instock","11":"shipping-taxable","12":"purchasable","13":"product-type-simple"},"aioseo_notices":[],"_links":{"self":[{"href":"https:\/\/dsmarinealgerie.com\/ar\/wp-json\/wp\/v2\/product\/6073","targetHints":{"allow":["GET"]}}],"collection":[{"href":"https:\/\/dsmarinealgerie.com\/ar\/wp-json\/wp\/v2\/product"}],"about":[{"href":"https:\/\/dsmarinealgerie.com\/ar\/wp-json\/wp\/v2\/types\/product"}],"replies":[{"embeddable":true,"href":"https:\/\/dsmarinealgerie.com\/ar\/wp-json\/wp\/v2\/comments?post=6073"}],"wp:featuredmedia":[{"embeddable":true,"href":"https:\/\/dsmarinealgerie.com\/ar\/wp-json\/wp\/v2\/media\/6074"}],"wp:attachment":[{"href":"https:\/\/dsmarinealgerie.com\/ar\/wp-json\/wp\/v2\/media?parent=6073"}],"wp:term":[{"taxonomy":"product_brand","embeddable":true,"href":"https:\/\/dsmarinealgerie.com\/ar\/wp-json\/wp\/v2\/product_brand?post=6073"},{"taxonomy":"product_cat","embeddable":true,"href":"https:\/\/dsmarinealgerie.com\/ar\/wp-json\/wp\/v2\/product_cat?post=6073"},{"taxonomy":"product_tag","embeddable":true,"href":"https:\/\/dsmarinealgerie.com\/ar\/wp-json\/wp\/v2\/product_tag?post=6073"}],"curies":[{"name":"wp","href":"https:\/\/api.w.org\/{rel}","templated":true}]}}