{"id":6133,"date":"2023-10-26T14:32:54","date_gmt":"2023-10-26T14:32:54","guid":{"rendered":"https:\/\/dsmarinealgerie.com\/?post_type=product&#038;p=6133"},"modified":"2023-10-29T10:02:44","modified_gmt":"2023-10-29T10:02:44","slug":"lampe-frontale-led-en-silicone","status":"publish","type":"product","link":"https:\/\/dsmarinealgerie.com\/ar\/shop\/peche\/materiel-de-peche\/accessoires-de-peche\/lampe-frontale-led-en-silicone\/","title":{"rendered":"\u0643\u0634\u0627\u0641 \u0623\u0645\u0627\u0645\u064a LED \u0645\u0646 \u0627\u0644\u0633\u064a\u0644\u064a\u0643\u0648\u0646"},"content":{"rendered":"<p><span>\u064a\u062a\u0645\u064a\u0632 \u0647\u0630\u0627 \u0627\u0644\u0645\u0635\u0628\u0627\u062d \u0627\u0644\u0623\u0645\u0627\u0645\u064a \u0627\u0644\u0645\u0635\u0646\u0648\u0639 \u0645\u0646 \u0627\u0644\u0633\u064a\u0644\u064a\u0643\u0648\u0646 \u0627\u0644\u0645\u0631\u0646 \u0648\u062e\u0641\u064a\u0641 \u0627\u0644\u0648\u0632\u0646 \u0628\u0645\u0635\u0641\u0648\u0641\u062a\u064a\u0646 LED \u0645\u0646\u0641\u0635\u0644\u062a\u064a\u0646\u060c \u0628\u0645\u0627 \u0641\u064a \u0630\u0644\u0643 \u0645\u062c\u0645\u0648\u0639\u0629 COB LED \u0628\u0632\u0627\u0648\u064a\u0629 240 \u062f\u0631\u062c\u0629 \u0644\u062a\u063a\u0637\u064a\u0629 \u0623\u0648\u0633\u0639 \u0648\u0645\u0635\u0628\u0627\u062d XPE LED \u0644\u0644\u0625\u0636\u0627\u0621\u0629 \u0627\u0644\u0645\u0648\u0636\u0639\u064a\u0629 \u0639\u0644\u0649 \u0637\u0648\u0644 \u0627\u0644\u0637\u0631\u064a\u0642.<\/span><\/p>\n<p><span>\u064a\u0639\u0645\u0644 \u0628\u0628\u0637\u0627\u0631\u064a\u0629 \u0645\u062f\u0645\u062c\u0629 \u0642\u0627\u0628\u0644\u0629 \u0644\u0625\u0639\u0627\u062f\u0629 \u0627\u0644\u0634\u062d\u0646 \u0645\u0639 \u0643\u0627\u0628\u0644 USB-C \u0645\u062a\u0636\u0645\u0646.<\/span><\/p>","protected":false},"excerpt":{"rendered":"<p>Cette lampe frontale LED en silicone l\u00e9g\u00e8re et souple est dot\u00e9e de deux matrices de LED distinctes, dont une matrice de LED COB \u00e0 240 degr\u00e9s pour une couverture plus large et une LED XPE pour un \u00e9clairage ponctuel sur le chemin. Fonctionne sur batterie int\u00e9gr\u00e9e et rechargeable avec c\u00e2ble USB-C inclus.<\/p>","protected":false},"featured_media":6134,"comment_status":"open","ping_status":"closed","template":"","meta":{"_uf_show_specific_survey":0,"_uf_disable_surveys":false},"product_brand":[],"product_cat":[183,164],"product_tag":[],"class_list":{"0":"post-6133","1":"product","2":"type-product","3":"status-publish","4":"has-post-thumbnail","6":"product_cat-accessoires-de-peche","7":"product_cat-peche","9":"first","10":"instock","11":"shipping-taxable","12":"purchasable","13":"product-type-simple"},"aioseo_notices":[],"_links":{"self":[{"href":"https:\/\/dsmarinealgerie.com\/ar\/wp-json\/wp\/v2\/product\/6133","targetHints":{"allow":["GET"]}}],"collection":[{"href":"https:\/\/dsmarinealgerie.com\/ar\/wp-json\/wp\/v2\/product"}],"about":[{"href":"https:\/\/dsmarinealgerie.com\/ar\/wp-json\/wp\/v2\/types\/product"}],"replies":[{"embeddable":true,"href":"https:\/\/dsmarinealgerie.com\/ar\/wp-json\/wp\/v2\/comments?post=6133"}],"wp:featuredmedia":[{"embeddable":true,"href":"https:\/\/dsmarinealgerie.com\/ar\/wp-json\/wp\/v2\/media\/6134"}],"wp:attachment":[{"href":"https:\/\/dsmarinealgerie.com\/ar\/wp-json\/wp\/v2\/media?parent=6133"}],"wp:term":[{"taxonomy":"product_brand","embeddable":true,"href":"https:\/\/dsmarinealgerie.com\/ar\/wp-json\/wp\/v2\/product_brand?post=6133"},{"taxonomy":"product_cat","embeddable":true,"href":"https:\/\/dsmarinealgerie.com\/ar\/wp-json\/wp\/v2\/product_cat?post=6133"},{"taxonomy":"product_tag","embeddable":true,"href":"https:\/\/dsmarinealgerie.com\/ar\/wp-json\/wp\/v2\/product_tag?post=6133"}],"curies":[{"name":"wp","href":"https:\/\/api.w.org\/{rel}","templated":true}]}}