{"id":6146,"date":"2023-10-29T10:59:47","date_gmt":"2023-10-29T10:59:47","guid":{"rendered":"https:\/\/dsmarinealgerie.com\/?post_type=product&#038;p=6146"},"modified":"2023-12-13T10:10:23","modified_gmt":"2023-12-13T10:10:23","slug":"bouchon-de-vidange-en-nylon","status":"publish","type":"product","link":"https:\/\/dsmarinealgerie.com\/ar\/shop\/accastillage\/trappes-et-ouvertures\/bouchon-de-vidange-en-nylon\/","title":{"rendered":"\u0633\u062f\u0627\u062f\u0629 \u062a\u0635\u0631\u064a\u0641 \u0645\u0646 \u0627\u0644\u0646\u0627\u064a\u0644\u0648\u0646"},"content":{"rendered":"<p><strong>- \u0633\u062f\u0627\u062f\u0629 \u062a\u0635\u0631\u064a\u0641 \u0627\u0644\u0642\u0627\u0631\u0628 \u0645\u0646 \u0627\u0644\u0646\u0627\u064a\u0644\u0648\u0646 \u0627\u0644\u0623\u0633\u0648\u062f<\/strong><\/p>\n<p><strong data-spm-anchor-id=\"a2g0o.detail.1000023.i1.5e61pmLypmLysN\">- \u0633\u062f\u0627\u062f\u0629 \u062a\u0635\u0631\u064a\u0641 \u0645\u0644\u0648\u0644\u0628\u0629 \u0645\u0639 \u062d\u0644\u0642\u0629 \u062f\u0627\u0626\u0631\u064a\u0629 \u062d\u0645\u0631\u0627\u0621 \u0644\u0644\u0625\u063a\u0644\u0627\u0642\u00a0<\/strong><\/p>\n<p><strong>- \u0646\u0638\u0627\u0645 \u0627\u0644\u0627\u062d\u062a\u0641\u0627\u0638 \u064a\u0645\u0646\u0639 \u0636\u064a\u0627\u0639 \u0627\u0644\u0642\u0627\u0628\u0633 \u0628\u0645\u062c\u0631\u062f \u0625\u0632\u0627\u0644\u062a\u0647<\/strong><\/p>\n<p data-spm-anchor-id=\"a2g0o.detail.1000023.i0.5e61pmLypmLysN\">","protected":false},"excerpt":{"rendered":"<p>-Bouchon de vidange de bateau en Nylon noir -Bouchon de vidange \u00e0 vis avec une rondelle de joint torique rouge pour l&rsquo;\u00e9tanch\u00e9it\u00e9\u00a0 -Le syst\u00e8me de r\u00e9tention emp\u00eache la prise de se perdre une fois retir\u00e9<\/p>","protected":false},"featured_media":6149,"comment_status":"open","ping_status":"closed","template":"","meta":{"_uf_show_specific_survey":0,"_uf_disable_surveys":false},"product_brand":[],"product_cat":[163,611],"product_tag":[],"class_list":{"0":"post-6146","1":"product","2":"type-product","3":"status-publish","4":"has-post-thumbnail","6":"product_cat-accastillage","7":"product_cat-trappes-et-ouvertures","9":"first","10":"instock","11":"shipping-taxable","12":"purchasable","13":"product-type-simple"},"aioseo_notices":[],"_links":{"self":[{"href":"https:\/\/dsmarinealgerie.com\/ar\/wp-json\/wp\/v2\/product\/6146","targetHints":{"allow":["GET"]}}],"collection":[{"href":"https:\/\/dsmarinealgerie.com\/ar\/wp-json\/wp\/v2\/product"}],"about":[{"href":"https:\/\/dsmarinealgerie.com\/ar\/wp-json\/wp\/v2\/types\/product"}],"replies":[{"embeddable":true,"href":"https:\/\/dsmarinealgerie.com\/ar\/wp-json\/wp\/v2\/comments?post=6146"}],"wp:featuredmedia":[{"embeddable":true,"href":"https:\/\/dsmarinealgerie.com\/ar\/wp-json\/wp\/v2\/media\/6149"}],"wp:attachment":[{"href":"https:\/\/dsmarinealgerie.com\/ar\/wp-json\/wp\/v2\/media?parent=6146"}],"wp:term":[{"taxonomy":"product_brand","embeddable":true,"href":"https:\/\/dsmarinealgerie.com\/ar\/wp-json\/wp\/v2\/product_brand?post=6146"},{"taxonomy":"product_cat","embeddable":true,"href":"https:\/\/dsmarinealgerie.com\/ar\/wp-json\/wp\/v2\/product_cat?post=6146"},{"taxonomy":"product_tag","embeddable":true,"href":"https:\/\/dsmarinealgerie.com\/ar\/wp-json\/wp\/v2\/product_tag?post=6146"}],"curies":[{"name":"wp","href":"https:\/\/api.w.org\/{rel}","templated":true}]}}