{"id":6175,"date":"2023-10-30T15:27:24","date_gmt":"2023-10-30T15:27:24","guid":{"rendered":"https:\/\/dsmarinealgerie.com\/?post_type=product&#038;p=6175"},"modified":"2026-01-06T14:34:14","modified_gmt":"2026-01-06T14:34:14","slug":"oreille-de-rincage-ronde","status":"publish","type":"product","link":"https:\/\/dsmarinealgerie.com\/ar\/shop\/accastillage\/accessoires\/oreille-de-rincage-ronde\/","title":{"rendered":"\u0633\u0645\u0627\u0639\u0629 \u0623\u0630\u0646 \u062f\u0627\u0626\u0631\u064a\u0629"},"content":{"rendered":"<p>\u064a\u062a\u0645 \u0648\u0636\u0639 \u0633\u0645\u0627\u0639\u0627\u062a \u0627\u0644\u0623\u0630\u0646 \u0627\u0644\u0628\u064a\u0636\u0627\u0648\u064a\u0629 \u0627\u0644\u0645\u062a\u062f\u0641\u0642\u0629 \u0645\u0628\u0627\u0634\u0631\u0629 \u0639\u0644\u0649 \u0641\u062a\u062d\u0627\u062a \u0633\u062d\u0628 \u0627\u0644\u0645\u0627\u0621 \u0641\u064a \u0627\u0644\u0645\u062d\u0631\u0643 \u0627\u0644\u062e\u0627\u0635 \u0628\u0643. \u062b\u0645 \u0642\u0645 \u0628\u062a\u0648\u0635\u064a\u0644 \u062e\u0631\u0637\u0648\u0645 \u0627\u0644\u0645\u064a\u0627\u0647 \u0627\u0644\u062e\u0627\u0635 \u0628\u0643 \u0628\u0627\u0644\u0641\u0648\u0647\u0629 \u0627\u0644\u0645\u062a\u0648\u0641\u0631\u0629 \u0644\u0647\u0630\u0627 \u0627\u0644\u063a\u0631\u0636.<\/p>\n<p>\u062a\u0623\u062a\u064a \u0645\u062c\u0645\u0648\u0639\u0629 \u062a\u0646\u0638\u064a\u0641 \u0627\u0644\u0623\u0630\u0646 \u0647\u0630\u0647 \u0645\u0639 \u0637\u0631\u0641 \u0627\u0644\u062a\u0646\u0638\u064a\u0641 \u0644\u0644\u0627\u062a\u0635\u0627\u0644 \u0627\u0644\u0633\u0631\u064a\u0639 \u0628\u0648\u0635\u0644\u0629 \u062e\u0631\u0637\u0648\u0645 \u0627\u0644\u062d\u062f\u064a\u0642\u0629. \u0645\u062f\u062e\u0644 \u0627\u0644\u0645\u064a\u0627\u0647 \u0645\u0646 \u062e\u0644\u0627\u0644 \u0623\u0630\u0646 \u0648\u0627\u062d\u062f\u0629. \u062a\u0639\u062a\u0628\u0631 \u0645\u062c\u0645\u0648\u0639\u0629 \u0627\u0644\u062a\u0646\u0638\u064a\u0641 \u0647\u0630\u0647 \u0645\u062b\u0627\u0644\u064a\u0629 \u0644\u0644\u0635\u064a\u0627\u0646\u0629 \u0627\u0644\u0631\u0648\u062a\u064a\u0646\u064a\u0629 \u0644\u0645\u062d\u0631\u0643\u0643 \u0623\u0648 \u0644\u0641\u0635\u0644 \u0627\u0644\u0634\u062a\u0627\u0621.<\/p>","protected":false},"excerpt":{"rendered":"<p>Ces oreillettes de rin\u00e7age ovales sont \u00e0 positionner directement sur les ou\u00efes de prise d&rsquo;eau de votre moteur . Connectez ensuite votre tuyau d&rsquo;eau sur l&#8217;embout pr\u00e9vu \u00e0 cet effet. Ce kit oreille de rin\u00e7age est livr\u00e9 avec l\u2019embout de rin\u00e7age pour une connexion rapide avec le raccord du tuyau d\u2019arrosage. L\u2019arriv\u00e9e d\u2019eau se fait [&hellip;]<\/p>","protected":false},"featured_media":6503,"comment_status":"open","ping_status":"closed","template":"","meta":{"_uf_show_specific_survey":0,"_uf_disable_surveys":false},"product_brand":[],"product_cat":[163,216,170],"product_tag":[],"class_list":{"0":"post-6175","1":"product","2":"type-product","3":"status-publish","4":"has-post-thumbnail","6":"product_cat-accastillage","7":"product_cat-produits-dentretien","8":"product_cat-accessoires","10":"first","11":"instock","12":"shipping-taxable","13":"purchasable","14":"product-type-simple"},"aioseo_notices":[],"_links":{"self":[{"href":"https:\/\/dsmarinealgerie.com\/ar\/wp-json\/wp\/v2\/product\/6175","targetHints":{"allow":["GET"]}}],"collection":[{"href":"https:\/\/dsmarinealgerie.com\/ar\/wp-json\/wp\/v2\/product"}],"about":[{"href":"https:\/\/dsmarinealgerie.com\/ar\/wp-json\/wp\/v2\/types\/product"}],"replies":[{"embeddable":true,"href":"https:\/\/dsmarinealgerie.com\/ar\/wp-json\/wp\/v2\/comments?post=6175"}],"wp:featuredmedia":[{"embeddable":true,"href":"https:\/\/dsmarinealgerie.com\/ar\/wp-json\/wp\/v2\/media\/6503"}],"wp:attachment":[{"href":"https:\/\/dsmarinealgerie.com\/ar\/wp-json\/wp\/v2\/media?parent=6175"}],"wp:term":[{"taxonomy":"product_brand","embeddable":true,"href":"https:\/\/dsmarinealgerie.com\/ar\/wp-json\/wp\/v2\/product_brand?post=6175"},{"taxonomy":"product_cat","embeddable":true,"href":"https:\/\/dsmarinealgerie.com\/ar\/wp-json\/wp\/v2\/product_cat?post=6175"},{"taxonomy":"product_tag","embeddable":true,"href":"https:\/\/dsmarinealgerie.com\/ar\/wp-json\/wp\/v2\/product_tag?post=6175"}],"curies":[{"name":"wp","href":"https:\/\/api.w.org\/{rel}","templated":true}]}}