{"id":6209,"date":"2023-11-05T10:44:20","date_gmt":"2023-11-05T10:44:20","guid":{"rendered":"https:\/\/dsmarinealgerie.com\/?post_type=product&#038;p=6209"},"modified":"2023-11-05T12:28:24","modified_gmt":"2023-11-05T12:28:24","slug":"galet-de-rechange-o110-x-75-mm-axe-18-mm-bleu","status":"publish","type":"product","link":"https:\/\/dsmarinealgerie.com\/ar\/shop\/accastillage\/accessoires\/galet-de-rechange-o110-x-75-mm-axe-18-mm-bleu\/","title":{"rendered":"\u0623\u0633\u0637\u0648\u0627\u0646\u0629 \u0628\u062f\u064a\u0644\u0629 \u00d8110 \u00d7 75 \u0645\u0645 \u2013 \u0627\u0644\u0645\u062d\u0648\u0631 18 \u0645\u0645 \u2013 \u0623\u0632\u0631\u0642"},"content":{"rendered":"<p>\u0642\u0645 \u0628\u062a\u062d\u0633\u064a\u0646 \u0623\u062f\u0627\u0621 \u0645\u0642\u0637\u0648\u0631\u0629 \u0627\u0644\u0642\u0627\u0631\u0628 \u0627\u0644\u062e\u0627\u0635\u0629 \u0628\u0643 \u0645\u0646 \u062e\u0644\u0627\u0644 \u0627\u0644\u0623\u0633\u0637\u0648\u0627\u0646\u0629 \u0627\u0644\u0628\u062f\u064a\u0644\u0629 \u0639\u0627\u0644\u064a\u0629 \u0627\u0644\u062c\u0648\u062f\u0629.<\/p>\n<p>\u064a\u0628\u0644\u063a \u0642\u064a\u0627\u0633 \u0647\u0630\u0647 \u0627\u0644\u062d\u0635\u0627\u0629 \u0627\u0644\u0632\u0631\u0642\u0627\u0621 110 \u00d7 75 \u0645\u0645\u060c \u0645\u0639 \u0645\u062d\u0648\u0631 18 \u0645\u0645\u060c \u0648\u062a\u062c\u0645\u0639 \u0628\u064a\u0646 \u0627\u0644\u0645\u0638\u0647\u0631 \u0627\u0644\u062e\u0627\u0631\u062c\u064a \u0627\u0644\u0645\u062a\u064a\u0646 \u0645\u0646 \u0645\u0627\u062f\u0629 PVC \u0648\u0627\u0644\u062c\u0632\u0621 \u0627\u0644\u062f\u0627\u062e\u0644\u064a \u0627\u0644\u0645\u062a\u064a\u0646 \u0645\u0646 \u0645\u0627\u062f\u0629 ABS. \u0645\u0648\u062b\u0648\u0642\u0629 \u0648\u0642\u0648\u064a\u0629\u060c \u0641\u0647\u064a \u062a\u0636\u0645\u0646 \u0627\u0644\u062f\u0639\u0645 \u0627\u0644\u0622\u0645\u0646 \u0644\u0644\u0645\u0642\u0637\u0648\u0631\u0629 \u0627\u0644\u062e\u0627\u0635\u0629 \u0628\u0643\u060c \u0645\u0645\u0627 \u064a\u0636\u0645\u0646 \u062d\u0631\u0643\u0629 \u0633\u0644\u0633\u0629 \u0644\u0642\u0627\u0631\u0628\u0643.<\/p>","protected":false},"excerpt":{"rendered":"<p>Optimisez la performance de votre remorque de bateau avec notre Galet De Rechange de qualit\u00e9 sup\u00e9rieure. Mesurant \u00d8110 X 75 mm, avec un axe de 18 mm, ce galet bleu combine un ext\u00e9rieur r\u00e9sistant en PVC et un int\u00e9rieur durable en ABS. Fiable et robuste, il garantit un support s\u00fbr pour votre remorque, assurant des [&hellip;]<\/p>","protected":false},"featured_media":6210,"comment_status":"open","ping_status":"closed","template":"","meta":{"_uf_show_specific_survey":0,"_uf_disable_surveys":false},"product_brand":[],"product_cat":[163,171,170],"product_tag":[],"class_list":{"0":"post-6209","1":"product","2":"type-product","3":"status-publish","4":"has-post-thumbnail","6":"product_cat-accastillage","7":"product_cat-bateaux-et-remorques","8":"product_cat-accessoires","10":"first","11":"instock","12":"shipping-taxable","13":"purchasable","14":"product-type-simple"},"aioseo_notices":[],"_links":{"self":[{"href":"https:\/\/dsmarinealgerie.com\/ar\/wp-json\/wp\/v2\/product\/6209","targetHints":{"allow":["GET"]}}],"collection":[{"href":"https:\/\/dsmarinealgerie.com\/ar\/wp-json\/wp\/v2\/product"}],"about":[{"href":"https:\/\/dsmarinealgerie.com\/ar\/wp-json\/wp\/v2\/types\/product"}],"replies":[{"embeddable":true,"href":"https:\/\/dsmarinealgerie.com\/ar\/wp-json\/wp\/v2\/comments?post=6209"}],"wp:featuredmedia":[{"embeddable":true,"href":"https:\/\/dsmarinealgerie.com\/ar\/wp-json\/wp\/v2\/media\/6210"}],"wp:attachment":[{"href":"https:\/\/dsmarinealgerie.com\/ar\/wp-json\/wp\/v2\/media?parent=6209"}],"wp:term":[{"taxonomy":"product_brand","embeddable":true,"href":"https:\/\/dsmarinealgerie.com\/ar\/wp-json\/wp\/v2\/product_brand?post=6209"},{"taxonomy":"product_cat","embeddable":true,"href":"https:\/\/dsmarinealgerie.com\/ar\/wp-json\/wp\/v2\/product_cat?post=6209"},{"taxonomy":"product_tag","embeddable":true,"href":"https:\/\/dsmarinealgerie.com\/ar\/wp-json\/wp\/v2\/product_tag?post=6209"}],"curies":[{"name":"wp","href":"https:\/\/api.w.org\/{rel}","templated":true}]}}