{"id":6216,"date":"2023-11-05T13:10:29","date_gmt":"2023-11-05T13:10:29","guid":{"rendered":"https:\/\/dsmarinealgerie.com\/?post_type=product&#038;p=6216"},"modified":"2023-11-05T13:26:05","modified_gmt":"2023-11-05T13:26:05","slug":"bobine-et-cones-de-treuille-o-75","status":"publish","type":"product","link":"https:\/\/dsmarinealgerie.com\/ar\/shop\/accastillage\/accessoires\/bobine-et-cones-de-treuille-o-75\/","title":{"rendered":"\u0628\u0643\u0631\u0629 \u0627\u0644\u0648\u0646\u0634 \u0648\u0627\u0644\u0623\u0642\u0645\u0627\u0639 \u0628\u0642\u0637\u0631 75"},"content":{"rendered":"<p>\u064a\u062a\u0645 \u0627\u0633\u062a\u062e\u062f\u0627\u0645 \u0628\u0643\u0631\u0629 \u0627\u0644\u0631\u0627\u0641\u0639\u0629 \u0630\u0627\u062a \u0627\u0644\u0642\u0637\u0631 \u0627\u0644\u062e\u0627\u0631\u062c\u064a 75 \u0645\u0645 \u064870 \u0645\u0645 \u0644\u0645\u0646\u0639 \u0642\u0648\u0633 \u0627\u0644\u0642\u0627\u0631\u0628 \u0645\u0646 \u0627\u0644\u062a\u0648\u0642\u0641.<br \/>\n\u064a\u062a\u0645 \u062a\u0631\u0643\u064a\u0628\u0647 \u0628\u0627\u0633\u062a\u062e\u062f\u0627\u0645 1\/2 \u0645\u062e\u0631\u0648\u0637\u064b\u0627 \u064a\u062d\u0645\u064a \u0627\u0644\u0642\u0648\u0633 \u0645\u0646 \u0623\u064a \u0627\u062d\u062a\u0643\u0627\u0643 \u0645\u0646 \u062e\u0644\u0627\u0644 \u062a\u063a\u0637\u064a\u0629 \u0627\u0644\u062f\u0639\u0627\u0645\u0627\u062a \u0627\u0644\u0645\u0639\u062f\u0646\u064a\u0629.<\/p>\n<p>\u064a\u062a\u0645 \u062a\u0631\u0643\u064a\u0628 \u0628\u0643\u0631\u0629 \u0627\u0644\u0648\u0646\u0634 \u0627\u0644\u062e\u0627\u0635\u0629 \u0628\u0646\u0627 \u0639\u0644\u0649 \u0645\u062d\u0648\u0631 17 \u0645\u0645. \u064a\u0633\u0645\u062d \u0647\u0630\u0627 \u0627\u0644\u062a\u062c\u0645\u064a\u0639 \u0644\u0647 \u0628\u0627\u0644\u062f\u0648\u0631\u0627\u0646 \u0648\u0628\u0627\u0644\u062a\u0627\u0644\u064a \u0631\u0641\u0639 \u0627\u0644\u0642\u0627\u0631\u0628 \u0627\u0644\u062e\u0627\u0635 \u0628\u0643 \u0639\u0644\u0649 \u0627\u0644\u0645\u0642\u0637\u0648\u0631\u0629 \u062f\u0648\u0646 \u0639\u0646\u0627\u0621.<br \/>\n\u0648\u0628\u0627\u0644\u062a\u0627\u0644\u064a \u0641\u0625\u0646 \u0645\u0642\u062f\u0645\u0629 \u0627\u0644\u0642\u0627\u0631\u0628 \u0645\u062d\u0645\u064a\u0629 \u0628\u0647\u0630\u0627 \u0627\u0644\u0645\u0644\u0641\u060c \u0648\u062a\u0633\u0645\u062d \u0628\u0627\u0644\u0646\u0642\u0644 \u0627\u0644\u0622\u0645\u0646 \u062f\u0648\u0646 \u0627\u0644\u0625\u0636\u0631\u0627\u0631 \u0628\u0627\u0644\u0642\u0627\u0631\u0628 \u0627\u0644\u062e\u0627\u0635 \u0628\u0643.<\/p>\n<p>\u062a\u0645 \u062a\u0631\u0643\u064a\u0628 \u0645\u0644\u062d\u0642 \u0645\u0642\u0637\u0648\u0631\u0629 \u0627\u0644\u0642\u0627\u0631\u0628 \u0647\u0630\u0627 \u0639\u0644\u0649 \u0634\u0643\u0644<br \/>\n\u2013 \u0645\u0644\u0641 \u0627\u0644\u0648\u0646\u0634 \u0644\u0645\u0642\u0637\u0648\u0631\u0627\u062a \u0627\u0644\u0642\u0648\u0627\u0631\u0628<br \/>\n\u2013 \u0645\u0644\u0641 \u0627\u0644\u0648\u0646\u0634 \u0644\u0645\u0642\u0637\u0648\u0631\u0627\u062a \u0627\u0644\u0642\u0648\u0627\u0631\u0628<br \/>\n\u2013 \u0645\u0644\u0641 \u0627\u0644\u0648\u0646\u0634 \u0644\u0644\u0645\u0642\u0637\u0648\u0631\u0627\u062a \u0627\u0644\u0645\u0646\u0632\u0644\u0642\u0629<\/p>","protected":false},"excerpt":{"rendered":"<p>La bobine de treuil en 75mm de long et 70mm de diam\u00e8tre ext\u00e9rieur est utilis\u00e9e pour bloquer l&rsquo;\u00e9trave du bateau en but\u00e9e. Elle est mont\u00e9e avec les 1\/2 c\u00f4nes qui prot\u00e8gent ainsi l&rsquo;\u00e9trave contre tout frottement en recouvrant les supports m\u00e9talliques. Notre bobine de treuil se monte sur un axe de 17mm. Ce montage lui [&hellip;]<\/p>","protected":false},"featured_media":6218,"comment_status":"open","ping_status":"closed","template":"","meta":{"_uf_show_specific_survey":0,"_uf_disable_surveys":false},"product_brand":[],"product_cat":[163,171,170],"product_tag":[],"class_list":{"0":"post-6216","1":"product","2":"type-product","3":"status-publish","4":"has-post-thumbnail","6":"product_cat-accastillage","7":"product_cat-bateaux-et-remorques","8":"product_cat-accessoires","10":"first","11":"instock","12":"shipping-taxable","13":"purchasable","14":"product-type-simple"},"aioseo_notices":[],"_links":{"self":[{"href":"https:\/\/dsmarinealgerie.com\/ar\/wp-json\/wp\/v2\/product\/6216","targetHints":{"allow":["GET"]}}],"collection":[{"href":"https:\/\/dsmarinealgerie.com\/ar\/wp-json\/wp\/v2\/product"}],"about":[{"href":"https:\/\/dsmarinealgerie.com\/ar\/wp-json\/wp\/v2\/types\/product"}],"replies":[{"embeddable":true,"href":"https:\/\/dsmarinealgerie.com\/ar\/wp-json\/wp\/v2\/comments?post=6216"}],"wp:featuredmedia":[{"embeddable":true,"href":"https:\/\/dsmarinealgerie.com\/ar\/wp-json\/wp\/v2\/media\/6218"}],"wp:attachment":[{"href":"https:\/\/dsmarinealgerie.com\/ar\/wp-json\/wp\/v2\/media?parent=6216"}],"wp:term":[{"taxonomy":"product_brand","embeddable":true,"href":"https:\/\/dsmarinealgerie.com\/ar\/wp-json\/wp\/v2\/product_brand?post=6216"},{"taxonomy":"product_cat","embeddable":true,"href":"https:\/\/dsmarinealgerie.com\/ar\/wp-json\/wp\/v2\/product_cat?post=6216"},{"taxonomy":"product_tag","embeddable":true,"href":"https:\/\/dsmarinealgerie.com\/ar\/wp-json\/wp\/v2\/product_tag?post=6216"}],"curies":[{"name":"wp","href":"https:\/\/api.w.org\/{rel}","templated":true}]}}