{"id":6251,"date":"2023-11-06T15:09:13","date_gmt":"2023-11-06T15:09:13","guid":{"rendered":"https:\/\/dsmarinealgerie.com\/?post_type=product&#038;p=6251"},"modified":"2026-01-27T14:48:07","modified_gmt":"2026-01-27T14:48:07","slug":"pompe-de-cale-immergeable-automatique-600gph-24v","status":"publish","type":"product","link":"https:\/\/dsmarinealgerie.com\/ar\/shop\/accastillage\/electrique\/pompe-de-cale-immergeable-automatique-600gph-24v\/","title":{"rendered":"\u0645\u0636\u062e\u0629 \u062c\u0633\u0631\u064a\u0629 \u063a\u0627\u0637\u0633\u0629 \u0623\u0648\u062a\u0648\u0645\u0627\u062a\u064a\u0643\u064a\u0629 600 \u062c\u064a\u062c\u0627 \u0641\u064a \u0627\u0644\u0633\u0627\u0639\u0629 24 \u0641\u0648\u0644\u062a"},"content":{"rendered":"<p>\u0647\u0630\u0647\u00a0<strong>\u0645\u0636\u062e\u0629 \u0622\u0633\u0646<\/strong>\u00a0\u064a\u0633\u0645\u062d \u0644\u0643 \u0628\u062a\u0641\u0631\u064a\u063a \u0627\u0644\u0645\u0627\u0621 \u0645\u0646 \u0642\u0628\u0636\u062a\u0643\u00a0<strong>\u0642\u0627\u0631\u0628\u00a0<\/strong>\u062a\u0644\u0642\u0627\u0626\u064a\u0627.<\/p>\n<p>\u064a\u0645\u0643\u0646 \u0623\u0646 \u064a\u0643\u0648\u0646 \u0627\u0644\u0623\u062e\u064a\u0631 \u062a\u0644\u0642\u0627\u0626\u064a\u064b\u0627 \u0648\u0644\u0643\u0646 \u064a\u0645\u0643\u0646 \u062a\u0634\u063a\u064a\u0644\u0647 \u064a\u062f\u0648\u064a\u064b\u0627 \u0623\u064a\u0636\u064b\u0627.<\/p>\n<p>\u064a\u0645\u0643\u0646 \u0625\u0632\u0627\u0644\u0629 \u062c\u0633\u0645 \u0627\u0644\u0645\u0636\u062e\u0629 \u0645\u0646 \u0627\u0644\u0642\u0627\u0639\u062f\u0629 \u0644\u0633\u0647\u0648\u0644\u0629 \u0627\u0644\u062a\u0646\u0638\u064a\u0641.<\/p>\n<p>\u062e\u0635\u0627\u0626\u0635\u0647 :<\/p>\n<ul>\n<li>\u0645\u0648\u0635\u0644 \u0645\u0636\u062e\u0629 \u0645\u062a\u0643\u0627\u0645\u0644<\/li>\n<li>\u0644\u0627 \u064a\u0648\u062c\u062f \u0627\u0633\u062a\u0647\u0644\u0627\u0643 \u062d\u0627\u0644\u064a \u062d\u062a\u0649 \u064a\u062a\u0645 \u062a\u0634\u063a\u064a\u0644 \u0627\u0644\u0645\u0636\u062e\u0629<\/li>\n<li>\u0645\u062d\u0631\u0643 \u0645\u062f\u0645\u062c \u0648\u0641\u0639\u0627\u0644 \u0648\u0645\u062a\u064a\u0646<\/li>\n<li>\u0627\u0644\u0645\u0636\u062e\u0629 \u0645\u062d\u0645\u064a\u0629 \u0636\u062f \u0627\u0644\u062a\u0622\u0643\u0644 \u0648\u0645\u062e\u0627\u0637\u0631 \u0627\u0644\u062d\u0631\u064a\u0642<\/li>\n<li>\u0627\u0644\u062c\u0647\u062f: 24 \u0641\u0648\u0644\u062a<\/li>\n<li>\u0627\u0631\u062a\u0641\u0627\u0639 \u0627\u0644\u0634\u0641\u0637: 2.5 \u0645<\/li>\n<li>\u0627\u062a\u0635\u0627\u0644 \u0627\u0644\u0645\u062e\u0631\u062c: 19 \u0645\u0644\u0645<\/li>\n<\/ul>\n<p>&nbsp;<\/p>","protected":false},"excerpt":{"rendered":"<p>Cette\u00a0pompe de cale\u00a0permet de vider l&rsquo;eau de votre cale de\u00a0bateau\u00a0automatiquement. Cette derni\u00e8re peut \u00eatre automatique mais aussi \u00eatre d\u00e9clench\u00e9e manuellement. Le corps de la pompe s&rsquo;enl\u00e8ve de l&#8217;embase pour faire nettoyer plus facilement. Ses caract\u00e9ristiques : Contacteur de pompe int\u00e9gr\u00e9 Aucune consommation de courant tant que la pompe ne s&rsquo;est pas d\u00e9clench\u00e9e Moteur compact, efficace [&hellip;]<\/p>","protected":false},"featured_media":6025,"comment_status":"open","ping_status":"closed","template":"","meta":{"_uf_show_specific_survey":0,"_uf_disable_surveys":false},"product_brand":[],"product_cat":[167,163],"product_tag":[],"class_list":{"0":"post-6251","1":"product","2":"type-product","3":"status-publish","4":"has-post-thumbnail","6":"product_cat-electrique","7":"product_cat-accastillage","9":"first","10":"outofstock","11":"shipping-taxable","12":"purchasable","13":"product-type-simple"},"aioseo_notices":[],"_links":{"self":[{"href":"https:\/\/dsmarinealgerie.com\/ar\/wp-json\/wp\/v2\/product\/6251","targetHints":{"allow":["GET"]}}],"collection":[{"href":"https:\/\/dsmarinealgerie.com\/ar\/wp-json\/wp\/v2\/product"}],"about":[{"href":"https:\/\/dsmarinealgerie.com\/ar\/wp-json\/wp\/v2\/types\/product"}],"replies":[{"embeddable":true,"href":"https:\/\/dsmarinealgerie.com\/ar\/wp-json\/wp\/v2\/comments?post=6251"}],"wp:featuredmedia":[{"embeddable":true,"href":"https:\/\/dsmarinealgerie.com\/ar\/wp-json\/wp\/v2\/media\/6025"}],"wp:attachment":[{"href":"https:\/\/dsmarinealgerie.com\/ar\/wp-json\/wp\/v2\/media?parent=6251"}],"wp:term":[{"taxonomy":"product_brand","embeddable":true,"href":"https:\/\/dsmarinealgerie.com\/ar\/wp-json\/wp\/v2\/product_brand?post=6251"},{"taxonomy":"product_cat","embeddable":true,"href":"https:\/\/dsmarinealgerie.com\/ar\/wp-json\/wp\/v2\/product_cat?post=6251"},{"taxonomy":"product_tag","embeddable":true,"href":"https:\/\/dsmarinealgerie.com\/ar\/wp-json\/wp\/v2\/product_tag?post=6251"}],"curies":[{"name":"wp","href":"https:\/\/api.w.org\/{rel}","templated":true}]}}