{"id":6252,"date":"2023-11-07T11:50:31","date_gmt":"2023-11-07T11:50:31","guid":{"rendered":"https:\/\/dsmarinealgerie.com\/?post_type=product&#038;p=6252"},"modified":"2025-08-04T11:05:38","modified_gmt":"2025-08-04T11:05:38","slug":"jonction-darticulation-90","status":"publish","type":"product","link":"https:\/\/dsmarinealgerie.com\/ar\/shop\/accastillage\/accastillage-en-inox\/jonction-darticulation-90\/","title":{"rendered":"90 \u062f\u0631\u062c\u0629 \u062a\u0642\u0627\u0637\u0639 \u0645\u0641\u0635\u0644\u064a"},"content":{"rendered":"<p><strong>\u0627\u0644\u0645\u0641\u0635\u0644 \u0627\u0644\u062e\u0627\u0631\u062c\u064a<\/strong> \u0639\u0628\u0627\u0631\u0629 \u0639\u0646 \u062a\u0642\u0627\u0637\u0639 \u0644\u0623\u0646\u0628\u0648\u0628\u064a\u0646 \u0645\u0646 \u0646\u0641\u0633 \u0642\u0637\u0631 \u0642\u0645\u0629 \u0628\u064a\u0645\u064a\u0646\u064a \u0648\u0628\u064a\u0645\u064a\u0646\u064a\u060c \u0645\u0645\u0627 \u064a\u0633\u0645\u062d \u0628\u062a\u0631\u0643\u064a\u0628 \u0627\u0644\u0647\u064a\u0643\u0644 \u0628\u0632\u0627\u0648\u064a\u0629 90 \u062f\u0631\u062c\u0629 \u0639\u0644\u0649 \u0645\u062a\u0646 \u0627\u0644\u0642\u0627\u0631\u0628 \u0623\u0648 \u0627\u0644\u0645\u0631\u0627\u0643\u0628 \u0627\u0644\u0634\u0631\u0627\u0639\u064a\u0629.<\/p>\n<p>\u0645\u062a\u0648\u0641\u0631 \u0628\u062d\u062c\u0645 22 \u0648 25 \u0645\u0644\u0645<\/p>","protected":false},"excerpt":{"rendered":"<p>L&rsquo;articulation externe est une jonction pour deux tubes de m\u00eame diam\u00e8tre de Bimini &amp; taud de soleil, qui permet d&rsquo;articuler la structure \u00e0 90\u00b0 \u00e0 bord du bateau \u00e0 moteur ou voilier. Disponible en 22 et 25 mm<\/p>","protected":false},"featured_media":6253,"comment_status":"open","ping_status":"closed","template":"","meta":{"_uf_show_specific_survey":0,"_uf_disable_surveys":false},"product_brand":[],"product_cat":[166,163],"product_tag":[],"class_list":{"0":"post-6252","1":"product","2":"type-product","3":"status-publish","4":"has-post-thumbnail","6":"product_cat-accastillage-en-inox","7":"product_cat-accastillage","9":"first","10":"outofstock","11":"shipping-taxable","12":"purchasable","13":"product-type-variable"},"aioseo_notices":[],"_links":{"self":[{"href":"https:\/\/dsmarinealgerie.com\/ar\/wp-json\/wp\/v2\/product\/6252","targetHints":{"allow":["GET"]}}],"collection":[{"href":"https:\/\/dsmarinealgerie.com\/ar\/wp-json\/wp\/v2\/product"}],"about":[{"href":"https:\/\/dsmarinealgerie.com\/ar\/wp-json\/wp\/v2\/types\/product"}],"replies":[{"embeddable":true,"href":"https:\/\/dsmarinealgerie.com\/ar\/wp-json\/wp\/v2\/comments?post=6252"}],"wp:featuredmedia":[{"embeddable":true,"href":"https:\/\/dsmarinealgerie.com\/ar\/wp-json\/wp\/v2\/media\/6253"}],"wp:attachment":[{"href":"https:\/\/dsmarinealgerie.com\/ar\/wp-json\/wp\/v2\/media?parent=6252"}],"wp:term":[{"taxonomy":"product_brand","embeddable":true,"href":"https:\/\/dsmarinealgerie.com\/ar\/wp-json\/wp\/v2\/product_brand?post=6252"},{"taxonomy":"product_cat","embeddable":true,"href":"https:\/\/dsmarinealgerie.com\/ar\/wp-json\/wp\/v2\/product_cat?post=6252"},{"taxonomy":"product_tag","embeddable":true,"href":"https:\/\/dsmarinealgerie.com\/ar\/wp-json\/wp\/v2\/product_tag?post=6252"}],"curies":[{"name":"wp","href":"https:\/\/api.w.org\/{rel}","templated":true}]}}