{"id":6260,"date":"2023-11-07T12:19:15","date_gmt":"2023-11-07T12:19:15","guid":{"rendered":"https:\/\/dsmarinealgerie.com\/?post_type=product&#038;p=6260"},"modified":"2026-01-08T10:09:29","modified_gmt":"2026-01-08T10:09:29","slug":"antivol-moteur","status":"publish","type":"product","link":"https:\/\/dsmarinealgerie.com\/ar\/shop\/accastillage\/accastillage-en-inox\/antivol-moteur\/","title":{"rendered":"\u0645\u062d\u0631\u0643 \u0645\u0636\u0627\u062f \u0644\u0644\u0633\u0631\u0642\u0629"},"content":{"rendered":"<p>\u062c\u0647\u0627\u0632 \u0645\u0636\u0627\u062f \u0644\u0644\u0633\u0631\u0642\u0629 \u0645\u0646 \u0627\u0644\u0641\u0648\u0644\u0627\u0630 \u0627\u0644\u0645\u0642\u0627\u0648\u0645 \u0644\u0644\u0635\u062f\u0623 \u0644\u0644\u0645\u062d\u0631\u0643\u0627\u062a. \u0645\u0646\u0627\u0633\u0628\u0629 \u0644\u0644\u0627\u062d\u062a\u0641\u0627\u0638 \u0628\u0635\u0648\u0627\u0645\u064a\u0644 \u0627\u0644\u062c\u0646\u0627\u062d\u060c \u0648\u0645\u062c\u0647\u0632\u0629 \u0628\u0642\u0641\u0644 <strong>\u0628\u062d\u0631\u064a<\/strong> ,\u00a0<strong>\u0642\u0648\u0633 \u0645\u0646 \u0627\u0644\u0641\u0648\u0644\u0627\u0630 \u0627\u0644\u0645\u0642\u0627\u0648\u0645 \u0644\u0644\u0635\u062f\u0623<\/strong>,\u00a0<strong>\u0646\u0648\u0627\u0628\u0636 \u0645\u0646 \u0627\u0644\u0641\u0648\u0644\u0627\u0630 \u0627\u0644\u0645\u0642\u0627\u0648\u0645 \u0644\u0644\u0635\u062f\u0623<\/strong>\u00a0\u0648\u0646\u0638\u0627\u0645 \u0644\u00a0<strong>\u0627\u0644\u0625\u062e\u0644\u0627\u0621 \u0627\u0644\u062a\u0644\u0642\u0627\u0626\u064a<\/strong>\u00a0\u0645\u0627\u0621.<\/p>","protected":false},"excerpt":{"rendered":"<p>Dispositif antivol en acier inox pour moteurs. Indiqu\u00e9 pour retenir les \u00e9crous \u00e0 oreille, \u00e9quip\u00e9 de cadenas nautique ,\u00a0arc inox,\u00a0ressorts inox\u00a0et syst\u00e8me pour\u00a0l&rsquo;\u00e9vacuation automatique\u00a0de l&rsquo;eau.<\/p>","protected":false},"featured_media":6261,"comment_status":"open","ping_status":"closed","template":"","meta":{"_uf_show_specific_survey":0,"_uf_disable_surveys":false},"product_brand":[],"product_cat":[166,163,171,170],"product_tag":[],"class_list":{"0":"post-6260","1":"product","2":"type-product","3":"status-publish","4":"has-post-thumbnail","6":"product_cat-accastillage-en-inox","7":"product_cat-accastillage","8":"product_cat-bateaux-et-remorques","9":"product_cat-accessoires","11":"first","12":"instock","13":"shipping-taxable","14":"purchasable","15":"product-type-variable"},"aioseo_notices":[],"_links":{"self":[{"href":"https:\/\/dsmarinealgerie.com\/ar\/wp-json\/wp\/v2\/product\/6260","targetHints":{"allow":["GET"]}}],"collection":[{"href":"https:\/\/dsmarinealgerie.com\/ar\/wp-json\/wp\/v2\/product"}],"about":[{"href":"https:\/\/dsmarinealgerie.com\/ar\/wp-json\/wp\/v2\/types\/product"}],"replies":[{"embeddable":true,"href":"https:\/\/dsmarinealgerie.com\/ar\/wp-json\/wp\/v2\/comments?post=6260"}],"wp:featuredmedia":[{"embeddable":true,"href":"https:\/\/dsmarinealgerie.com\/ar\/wp-json\/wp\/v2\/media\/6261"}],"wp:attachment":[{"href":"https:\/\/dsmarinealgerie.com\/ar\/wp-json\/wp\/v2\/media?parent=6260"}],"wp:term":[{"taxonomy":"product_brand","embeddable":true,"href":"https:\/\/dsmarinealgerie.com\/ar\/wp-json\/wp\/v2\/product_brand?post=6260"},{"taxonomy":"product_cat","embeddable":true,"href":"https:\/\/dsmarinealgerie.com\/ar\/wp-json\/wp\/v2\/product_cat?post=6260"},{"taxonomy":"product_tag","embeddable":true,"href":"https:\/\/dsmarinealgerie.com\/ar\/wp-json\/wp\/v2\/product_tag?post=6260"}],"curies":[{"name":"wp","href":"https:\/\/api.w.org\/{rel}","templated":true}]}}