{"id":6272,"date":"2023-11-07T14:18:15","date_gmt":"2023-11-07T14:18:15","guid":{"rendered":"https:\/\/dsmarinealgerie.com\/?post_type=product&#038;p=6272"},"modified":"2026-01-08T10:08:00","modified_gmt":"2026-01-08T10:08:00","slug":"pompe-de-cale-manuelle","status":"publish","type":"product","link":"https:\/\/dsmarinealgerie.com\/ar\/shop\/accastillage\/accessoires\/pompe-de-cale-manuelle\/","title":{"rendered":"\u0645\u0636\u062e\u0629 \u0645\u0627\u0621 \u0622\u0633\u0646 \u064a\u062f\u0648\u064a\u0629"},"content":{"rendered":"<h3>\u0645\u0636\u062e\u0629 \u0645\u0627\u0621 \u0622\u0633\u0646 \u0645\u062f\u0645\u062c\u0629 \u0645\u062d\u0645\u0648\u0644\u0629 \u0628\u0627\u0644\u064a\u062f\u060c \u062a\u0648\u0641\u0631 \u0642\u062f\u0631\u0629 \u062a\u062f\u0641\u0642 \u0639\u0627\u0644\u064a\u0629.<\/h3>\n<h3>\u0647\u064a\u0643\u0644 \u0642\u0648\u064a \u0648\u0645\u062a\u064a\u0646 \u0648\u0645\u0636\u0627\u062f \u0644\u0644\u062a\u0622\u0643\u0644\u060c \u0645\u0635\u0645\u0645 \u062e\u0635\u064a\u0635\u064b\u0627 \u0644\u0644\u062a\u0637\u0628\u064a\u0642\u0627\u062a \u0627\u0644\u0628\u062d\u0631\u064a\u0629 \u0628\u0645\u0642\u0628\u0636 \u062b\u0627\u0628\u062a \u0628\u0637\u0631\u0641 \u0645\u0637\u0627\u0637\u064a\u060c \u063a\u064a\u0631 \u0642\u0627\u0628\u0644 \u0644\u0644\u0627\u0646\u0632\u0644\u0627\u0642 \u0648\u0645\u062a\u064a\u0646<\/h3>","protected":false},"excerpt":{"rendered":"<p>Pompe de cale a main compacte, offrant une grande capacit\u00e9 de d\u00e9bit. Construction solide et durable, anti-corrosion, sp\u00e9cialement con\u00e7ue pour les applications marines avec une poign\u00e9e fixe avec bout en caoutchouc, antid\u00e9rapante et durable<\/p>","protected":false},"featured_media":6273,"comment_status":"open","ping_status":"closed","template":"","meta":{"_uf_show_specific_survey":0,"_uf_disable_surveys":false},"product_brand":[],"product_cat":[163,170],"product_tag":[],"class_list":{"0":"post-6272","1":"product","2":"type-product","3":"status-publish","4":"has-post-thumbnail","6":"product_cat-accastillage","7":"product_cat-accessoires","9":"first","10":"outofstock","11":"shipping-taxable","12":"purchasable","13":"product-type-simple"},"aioseo_notices":[],"_links":{"self":[{"href":"https:\/\/dsmarinealgerie.com\/ar\/wp-json\/wp\/v2\/product\/6272","targetHints":{"allow":["GET"]}}],"collection":[{"href":"https:\/\/dsmarinealgerie.com\/ar\/wp-json\/wp\/v2\/product"}],"about":[{"href":"https:\/\/dsmarinealgerie.com\/ar\/wp-json\/wp\/v2\/types\/product"}],"replies":[{"embeddable":true,"href":"https:\/\/dsmarinealgerie.com\/ar\/wp-json\/wp\/v2\/comments?post=6272"}],"wp:featuredmedia":[{"embeddable":true,"href":"https:\/\/dsmarinealgerie.com\/ar\/wp-json\/wp\/v2\/media\/6273"}],"wp:attachment":[{"href":"https:\/\/dsmarinealgerie.com\/ar\/wp-json\/wp\/v2\/media?parent=6272"}],"wp:term":[{"taxonomy":"product_brand","embeddable":true,"href":"https:\/\/dsmarinealgerie.com\/ar\/wp-json\/wp\/v2\/product_brand?post=6272"},{"taxonomy":"product_cat","embeddable":true,"href":"https:\/\/dsmarinealgerie.com\/ar\/wp-json\/wp\/v2\/product_cat?post=6272"},{"taxonomy":"product_tag","embeddable":true,"href":"https:\/\/dsmarinealgerie.com\/ar\/wp-json\/wp\/v2\/product_tag?post=6272"}],"curies":[{"name":"wp","href":"https:\/\/api.w.org\/{rel}","templated":true}]}}